{"id":731035,"date":"2025-08-27T21:24:35","date_gmt":"2025-08-27T18:24:35","guid":{"rendered":"https:\/\/roveyayinevi.com.tr\/index.php\/urun\/kul-kahvesi\/"},"modified":"2026-04-16T02:38:58","modified_gmt":"2026-04-15T23:38:58","slug":"kul-kahvesi","status":"publish","type":"product","link":"https:\/\/roveyayinevi.com.tr\/index.php\/urun\/kul-kahvesi\/","title":{"rendered":"K\u00fcl Kahvesi"},"content":{"rendered":"<p>Bu kitapta Hidayet Karaku\u015f&#8217;un 55 y\u0131ll\u0131k \u015fiir ser\u00fcveninden s\u00fcz\u00fclerek \u00f6zenle se\u00e7ilmi\u015f \u015fiirlerinden olu\u015fan \u00f6zel bir se\u00e7ki sunuyoruz.<\/p>\n","protected":false},"excerpt":{"rendered":"<p>Bu kitapta Hidayet Karaku\u015f&#8217;un 55 y\u0131ll\u0131k \u015fiir ser\u00fcveninden s\u00fcz\u00fclerek \u00f6zenle se\u00e7ilmi\u015f \u015fiirlerinden olu\u015fan \u00f6zel bir se\u00e7ki sunuyoruz.<\/p>\n","protected":false},"featured_media":0,"template":"","meta":{"_monsterinsights_skip_tracking":false,"_monsterinsights_sitenote_active":false,"_monsterinsights_sitenote_note":"","_monsterinsights_sitenote_category":0},"product_brand":[],"product_cat":[12291,12509],"product_tag":[],"class_list":{"0":"post-731035","1":"product","2":"type-product","3":"status-publish","5":"product_cat-edebiyat","6":"product_cat-siir","7":"pa_cilt-ciltsiz","8":"pa_tur-kitap","9":"pa_yayinevi-bilgi-yayinevi","10":"pa_yazar-hidayet-karakus","12":"first","13":"instock","14":"sale","15":"shipping-taxable","16":"purchasable","17":"product-type-simple"},"_links":{"self":[{"href":"https:\/\/roveyayinevi.com.tr\/index.php\/wp-json\/wp\/v2\/product\/731035","targetHints":{"allow":["GET"]}}],"collection":[{"href":"https:\/\/roveyayinevi.com.tr\/index.php\/wp-json\/wp\/v2\/product"}],"about":[{"href":"https:\/\/roveyayinevi.com.tr\/index.php\/wp-json\/wp\/v2\/types\/product"}],"wp:attachment":[{"href":"https:\/\/roveyayinevi.com.tr\/index.php\/wp-json\/wp\/v2\/media?parent=731035"}],"wp:term":[{"taxonomy":"product_brand","embeddable":true,"href":"https:\/\/roveyayinevi.com.tr\/index.php\/wp-json\/wp\/v2\/product_brand?post=731035"},{"taxonomy":"product_cat","embeddable":true,"href":"https:\/\/roveyayinevi.com.tr\/index.php\/wp-json\/wp\/v2\/product_cat?post=731035"},{"taxonomy":"product_tag","embeddable":true,"href":"https:\/\/roveyayinevi.com.tr\/index.php\/wp-json\/wp\/v2\/product_tag?post=731035"}],"curies":[{"name":"wp","href":"https:\/\/api.w.org\/{rel}","templated":true}]}}