{"id":731033,"date":"2025-08-27T21:24:33","date_gmt":"2025-08-27T18:24:33","guid":{"rendered":"https:\/\/roveyayinevi.com.tr\/index.php\/urun\/her-seye-ragmen-2\/"},"modified":"2026-04-16T02:38:58","modified_gmt":"2026-04-15T23:38:58","slug":"her-seye-ragmen-2","status":"publish","type":"product","link":"https:\/\/roveyayinevi.com.tr\/index.php\/urun\/her-seye-ragmen-2\/","title":{"rendered":"Her \u015eeye Ra\u011fmen"},"content":{"rendered":"<p>\u201c\u00dcstesinden geldi\u011fimiz zorluklar kadar insan\u0131z asl\u0131nda&#8230; Ama en \u00f6nemlisi ne kadar i\u015fe yar\u0131yorsak o kadar var\u0131z \u015fu hayatta.\u201d \u2013 Bar\u0131\u015f Murat Ya\u011fc\u0131 \u00c7elikten bir irade i\u00e7in nas\u0131l antrenman yapmak gerekir? \u00d6zg\u00fcven d\u0131\u015far\u0131dan m\u0131 al\u0131n\u0131r, oldu\u011fu kadar\u0131yla m\u0131 ya\u015fan\u0131r? G\u00fc\u00e7l\u00fc f\u0131rt\u0131nalara ra\u011fmen y\u0131k\u0131lmayan bir motivasyon m\u00fcmk\u00fcn m\u00fcd\u00fcr? Sessizlik hayattaki g\u00fc\u00e7l\u00fc silahlardan biri say\u0131labilir mi? \u00c7etin rakiplerle dolu bir adada a\u00e7 ve yaln\u0131z kalmak insana ne kazand\u0131r\u0131r ne kaybettirir? 2020 y\u0131l\u0131n\u0131n en \u00e7ok konu\u015fulan \u201cSurvivor\u201d yar\u0131\u015fmac\u0131s\u0131 Bar\u0131\u015f Murat Ya\u011fc\u0131\u2019dan bireyin g\u00fcc\u00fc, iradenin otoritesi ve sorgulama sanat\u0131 \u00fczerine in\u015fa edilmi\u015f bir ba\u015fucu rehberi&#8230; Z Ku\u015fa\u011f\u0131\u2019n\u0131n anti-otoriter ruhuna kalp masaj\u0131 yapacak bir kitap! K\u0131s\u0131tl\u0131 imk\u00e2nlarla hayallerini ger\u00e7ekle\u015ftirmek i\u00e7in elinde nas\u0131l bir haritayla yola \u00e7\u0131kt\u0131\u011f\u0131n\u0131 ve yol boyunca ba\u015f\u0131na gelenleri a\u00e7\u0131k y\u00fcreklilikle kaleme alan Bar\u0131\u015f Murat Ya\u011fc\u0131, kaosun i\u00e7inde buldu\u011fu \u00e7areleri t\u00fcm samimiyetiyle aktar\u0131yor sevenlerine&#8230; <\/p>\n","protected":false},"excerpt":{"rendered":"<p>\u201c\u00dcstesinden geldi\u011fimiz zorluklar kadar insan\u0131z asl\u0131nda&#8230; Ama en \u00f6nemlisi ne kadar i\u015fe yar\u0131yorsak o kadar var\u0131z \u015fu hayatta.\u201d \u2013 Bar\u0131\u015f Murat Ya\u011fc\u0131 \u00c7elikten bir irade i\u00e7in<span class=\"excerpt-hellip\"> [\u2026]<\/span><\/p>\n","protected":false},"featured_media":0,"template":"","meta":{"_monsterinsights_skip_tracking":false,"_monsterinsights_sitenote_active":false,"_monsterinsights_sitenote_note":"","_monsterinsights_sitenote_category":0},"product_brand":[],"product_cat":[18545,12291],"product_tag":[],"class_list":{"0":"post-731033","1":"product","2":"type-product","3":"status-publish","5":"product_cat-anlati","6":"product_cat-edebiyat","7":"pa_cilt-ciltsiz","8":"pa_tur-kitap","9":"pa_yayinevi-destek-yayinlari","10":"pa_yazar-baris-murat-yagci","12":"first","13":"instock","14":"sale","15":"shipping-taxable","16":"purchasable","17":"product-type-simple"},"_links":{"self":[{"href":"https:\/\/roveyayinevi.com.tr\/index.php\/wp-json\/wp\/v2\/product\/731033","targetHints":{"allow":["GET"]}}],"collection":[{"href":"https:\/\/roveyayinevi.com.tr\/index.php\/wp-json\/wp\/v2\/product"}],"about":[{"href":"https:\/\/roveyayinevi.com.tr\/index.php\/wp-json\/wp\/v2\/types\/product"}],"wp:attachment":[{"href":"https:\/\/roveyayinevi.com.tr\/index.php\/wp-json\/wp\/v2\/media?parent=731033"}],"wp:term":[{"taxonomy":"product_brand","embeddable":true,"href":"https:\/\/roveyayinevi.com.tr\/index.php\/wp-json\/wp\/v2\/product_brand?post=731033"},{"taxonomy":"product_cat","embeddable":true,"href":"https:\/\/roveyayinevi.com.tr\/index.php\/wp-json\/wp\/v2\/product_cat?post=731033"},{"taxonomy":"product_tag","embeddable":true,"href":"https:\/\/roveyayinevi.com.tr\/index.php\/wp-json\/wp\/v2\/product_tag?post=731033"}],"curies":[{"name":"wp","href":"https:\/\/api.w.org\/{rel}","templated":true}]}}