{"id":731032,"date":"2025-08-27T21:24:31","date_gmt":"2025-08-27T18:24:31","guid":{"rendered":"https:\/\/roveyayinevi.com.tr\/index.php\/urun\/bagimsizlik-yolu-2\/"},"modified":"2026-04-16T02:38:58","modified_gmt":"2026-04-15T23:38:58","slug":"bagimsizlik-yolu-2","status":"publish","type":"product","link":"https:\/\/roveyayinevi.com.tr\/index.php\/urun\/bagimsizlik-yolu-2\/","title":{"rendered":"Ba\u011f\u0131ms\u0131zl\u0131k Yolu"},"content":{"rendered":"<p>&#8220;Bug\u00fcnlere kolay gelinmedi ve bu topraklar kolay vatan olmad\u0131. Bu y\u00fczden hepimiz tarihimizi iyi bilmeli, \u00f6\u011frenmeliyiz.&#8221;Tolga Aydo\u011fan \u00e7ocuklar ve gen\u00e7ler i\u00e7in s\u00fcr\u00fckleyici bir roman tarz\u0131nda kaleme ald\u0131\u011f\u0131 bu kitapta, \u00c7anakkale Sava\u015f\u0131\u2019ndan itibaren Mustafa Kemal Atat\u00fcrk\u2019\u00fc ve Kurtulu\u015f Sava\u015f\u0131\u2019n\u0131 t\u00fcm \u00f6nemli d\u00f6n\u00fcm noktalar\u0131yla, ad\u0131m ad\u0131m anlat\u0131yor.Bu kitapla \u00e7ocuklar ve gen\u00e7ler, tarihimizi temposu hi\u00e7 d\u00fc\u015fmeyen bir roman ak\u0131c\u0131l\u0131\u011f\u0131nda heyecanla okurken ayn\u0131 zamanda t\u00fcm\u00fc belgelere dayanan, kaynak kitaplarla desteklenen, foto\u011fraf ve \u00e7izimlerle zenginle\u015ftirilen bilgilerle Mustafa Kemal Atat\u00fcrk\u2019\u00fc ve Kurtulu\u015f Sava\u015f\u0131 tarihini do\u011fru \u00f6\u011frenmi\u015f olacaklar.<\/p>\n","protected":false},"excerpt":{"rendered":"<p>&#8220;Bug\u00fcnlere kolay gelinmedi ve bu topraklar kolay vatan olmad\u0131. Bu y\u00fczden hepimiz tarihimizi iyi bilmeli, \u00f6\u011frenmeliyiz.&#8221;Tolga Aydo\u011fan \u00e7ocuklar ve gen\u00e7ler i\u00e7in s\u00fcr\u00fckleyici bir roman tarz\u0131nda kaleme<span class=\"excerpt-hellip\"> [\u2026]<\/span><\/p>\n","protected":false},"featured_media":0,"template":"","meta":{"_monsterinsights_skip_tracking":false,"_monsterinsights_sitenote_active":false,"_monsterinsights_sitenote_note":"","_monsterinsights_sitenote_category":0},"product_brand":[],"product_cat":[12274,15842],"product_tag":[],"class_list":{"0":"post-731032","1":"product","2":"type-product","3":"status-publish","5":"product_cat-cocuk-ve-genclik-kitaplari","6":"product_cat-egitici-kitaplar","7":"pa_cilt-ciltsiz","8":"pa_tur-kitap","9":"pa_yayinevi-bilgi-yayinevi","10":"pa_yazar-tolga-aydogan","12":"first","13":"instock","14":"sale","15":"shipping-taxable","16":"purchasable","17":"product-type-simple"},"_links":{"self":[{"href":"https:\/\/roveyayinevi.com.tr\/index.php\/wp-json\/wp\/v2\/product\/731032","targetHints":{"allow":["GET"]}}],"collection":[{"href":"https:\/\/roveyayinevi.com.tr\/index.php\/wp-json\/wp\/v2\/product"}],"about":[{"href":"https:\/\/roveyayinevi.com.tr\/index.php\/wp-json\/wp\/v2\/types\/product"}],"wp:attachment":[{"href":"https:\/\/roveyayinevi.com.tr\/index.php\/wp-json\/wp\/v2\/media?parent=731032"}],"wp:term":[{"taxonomy":"product_brand","embeddable":true,"href":"https:\/\/roveyayinevi.com.tr\/index.php\/wp-json\/wp\/v2\/product_brand?post=731032"},{"taxonomy":"product_cat","embeddable":true,"href":"https:\/\/roveyayinevi.com.tr\/index.php\/wp-json\/wp\/v2\/product_cat?post=731032"},{"taxonomy":"product_tag","embeddable":true,"href":"https:\/\/roveyayinevi.com.tr\/index.php\/wp-json\/wp\/v2\/product_tag?post=731032"}],"curies":[{"name":"wp","href":"https:\/\/api.w.org\/{rel}","templated":true}]}}