{"id":731030,"date":"2025-08-27T21:24:29","date_gmt":"2025-08-27T18:24:29","guid":{"rendered":"https:\/\/roveyayinevi.com.tr\/index.php\/urun\/moonology-ay-kehanetleri-kartlari\/"},"modified":"2026-04-16T02:38:58","modified_gmt":"2026-04-15T23:38:58","slug":"moonology-ay-kehanetleri-kartlari","status":"publish","type":"product","link":"https:\/\/roveyayinevi.com.tr\/index.php\/urun\/moonology-ay-kehanetleri-kartlari\/","title":{"rendered":"Moonology Ay Kehanetleri Kartlar\u0131"},"content":{"rendered":"<p>Moonology Ay Kehanetleri Kartlari 44 Kartl\u0131k Deste Ve Rehber Kitap. Ay\u2019\u0131n Enerjisinin Gu\u0308Ndelik Hayat\u0131m\u0131z U\u0308Stu\u0308Nde \u00c7ok Gu\u0308\u00c7lu\u0308 Bir Etkisi Vard\u0131r. Harikulade Resmedilmi\u015f Bu Kehanet Kartlar\u0131n\u0131 Kullanarak \u015eifalanmak, Tavsiye Almak, Korunmak Ve Her Ay D\u00f6ngu\u0308Su\u0308 Boyunca Onun Sihirli Enerjisiyle Nas\u0131l \u00c7al\u0131\u015faca\u011f\u0131n\u0131z\u0131 \u00d6\u011frenmek I\u00e7in Ay\u2019\u0131n Kadim Bilgeli\u011fiyle Ba\u011f Kurun. Kartlar\u0131n Yan\u0131ndaki Rehber Kitap Onlar\u0131n Nas\u0131l Yorumlanaca\u011f\u0131n\u0131 Ve Hayat\u0131n\u0131z\u0131 Yaratmak, Planlamak Ve \u00d6ng\u00f6rmek I\u00e7in Nas\u0131l Kullan\u0131laca\u011f\u0131n\u0131 A\u00e7\u0131kl\u0131yor. \u00d6nemli Bir Karar Vermeniz Gerekti\u011fi Zaman Sadece Bir Kart \u00c7ekin Ve Ay\u2019\u0131n Size Yol G\u00f6stermesine Izin Verin! <\/p>\n","protected":false},"excerpt":{"rendered":"<p>Moonology Ay Kehanetleri Kartlari 44 Kartl\u0131k Deste Ve Rehber Kitap. Ay\u2019\u0131n Enerjisinin Gu\u0308Ndelik Hayat\u0131m\u0131z U\u0308Stu\u0308Nde \u00c7ok Gu\u0308\u00c7lu\u0308 Bir Etkisi Vard\u0131r. Harikulade Resmedilmi\u015f Bu Kehanet Kartlar\u0131n\u0131 Kullanarak<span class=\"excerpt-hellip\"> [\u2026]<\/span><\/p>\n","protected":false},"featured_media":0,"template":"","meta":{"_monsterinsights_skip_tracking":false,"_monsterinsights_sitenote_active":false,"_monsterinsights_sitenote_note":"","_monsterinsights_sitenote_category":0},"product_brand":[],"product_cat":[28265,15563],"product_tag":[],"class_list":{"0":"post-731030","1":"product","2":"type-product","3":"status-publish","5":"product_cat-diger-hobi","6":"product_cat-hobi","7":"pa_cilt-ciltsiz","8":"pa_tur-kitap","9":"pa_yayinevi-butik-yayinlari","10":"pa_yazar-yasmin-boland","12":"first","13":"instock","14":"sale","15":"shipping-taxable","16":"purchasable","17":"product-type-simple"},"_links":{"self":[{"href":"https:\/\/roveyayinevi.com.tr\/index.php\/wp-json\/wp\/v2\/product\/731030","targetHints":{"allow":["GET"]}}],"collection":[{"href":"https:\/\/roveyayinevi.com.tr\/index.php\/wp-json\/wp\/v2\/product"}],"about":[{"href":"https:\/\/roveyayinevi.com.tr\/index.php\/wp-json\/wp\/v2\/types\/product"}],"wp:attachment":[{"href":"https:\/\/roveyayinevi.com.tr\/index.php\/wp-json\/wp\/v2\/media?parent=731030"}],"wp:term":[{"taxonomy":"product_brand","embeddable":true,"href":"https:\/\/roveyayinevi.com.tr\/index.php\/wp-json\/wp\/v2\/product_brand?post=731030"},{"taxonomy":"product_cat","embeddable":true,"href":"https:\/\/roveyayinevi.com.tr\/index.php\/wp-json\/wp\/v2\/product_cat?post=731030"},{"taxonomy":"product_tag","embeddable":true,"href":"https:\/\/roveyayinevi.com.tr\/index.php\/wp-json\/wp\/v2\/product_tag?post=731030"}],"curies":[{"name":"wp","href":"https:\/\/api.w.org\/{rel}","templated":true}]}}