{"id":731027,"date":"2025-08-27T21:24:18","date_gmt":"2025-08-27T18:24:18","guid":{"rendered":"https:\/\/roveyayinevi.com.tr\/index.php\/urun\/ormani-kim-kokuttu\/"},"modified":"2026-04-16T02:38:58","modified_gmt":"2026-04-15T23:38:58","slug":"ormani-kim-kokuttu","status":"publish","type":"product","link":"https:\/\/roveyayinevi.com.tr\/index.php\/urun\/ormani-kim-kokuttu\/","title":{"rendered":"Orman\u0131 Kim Kokuttu"},"content":{"rendered":"<p>Lemur Lemi Amazon Ormanlar\u0131\u2019nda tatilde. Tam g\u00fczel bir \u00f6\u011fle \u015fekerlemesine haz\u0131rlan\u0131yordu ki&#8230; P\u00d6FFFF! Bu berbat koku da ne?   Lemi, feci kokunun kayna\u011f\u0131n\u0131 bulmak i\u00e7in \u00e7\u0131k\u0131yor ormanda yolculu\u011fa,  ba\u015fl\u0131yor \u00f6n\u00fcne gelene sormaya:\u201cP\u00f6ffff! Sen misin o?\u201d    Orman s\u00fcper kokutuk canl\u0131larla dolu. Lemi hepsiyle tan\u0131\u015facak ama bakal\u0131m \u015fu koku onun yakas\u0131n\u0131 ne zaman b\u0131rakacak?   Waterstones \u00c7ocuk Kitaplar\u0131 \u00d6d\u00fcl\u00fc sahibi \u00e7izer Nicola O\u2019Bryne ile \u00f6d\u00fcll\u00fc yazar Clare Helen Welsh\u2019in birlikteli\u011finden ortaya \u00e7\u0131kan Orman\u0131 Kim Kokuttu?!, \u00e7ocuklar\u0131 tembel hayvan, kokarca, s\u00fcne b\u00f6ce\u011fi gibi k\u00f6t\u00fc kokulu dostlar\u0131m\u0131zla tan\u0131\u015ft\u0131ran olduk\u00e7a matrak bir resimli hik\u00e2ye. Sonundaki K\u00f6t\u00fc Kokulu Ger\u00e7ekler b\u00f6l\u00fcm\u00fc, hik\u00e2yede ad\u0131 ge\u00e7en hayvanlar hakk\u0131nda ilgin\u00e7 bilgiler ve foto\u011fraflar sunarak kitab\u0131 \u00e7ocuklar i\u00e7in daha da b\u00fcy\u00fcleyici k\u0131l\u0131yor. <\/p>\n","protected":false},"excerpt":{"rendered":"<p>Lemur Lemi Amazon Ormanlar\u0131\u2019nda tatilde. Tam g\u00fczel bir \u00f6\u011fle \u015fekerlemesine haz\u0131rlan\u0131yordu ki&#8230; P\u00d6FFFF! Bu berbat koku da ne? Lemi, feci kokunun kayna\u011f\u0131n\u0131 bulmak i\u00e7in \u00e7\u0131k\u0131yor ormanda<span class=\"excerpt-hellip\"> [\u2026]<\/span><\/p>\n","protected":false},"featured_media":0,"template":"","meta":{"_monsterinsights_skip_tracking":false,"_monsterinsights_sitenote_active":false,"_monsterinsights_sitenote_note":"","_monsterinsights_sitenote_category":0},"product_brand":[],"product_cat":[12913,12274],"product_tag":[],"class_list":{"0":"post-731027","1":"product","2":"type-product","3":"status-publish","5":"product_cat-3-6-yas-kitaplari","6":"product_cat-cocuk-ve-genclik-kitaplari","7":"pa_cilt-ciltsiz","8":"pa_tur-kitap","9":"pa_yayinevi-domingo-yayinevi","10":"pa_yazar-clare-helen-welsh-icola-obyrne","12":"first","13":"instock","14":"sale","15":"shipping-taxable","16":"purchasable","17":"product-type-simple"},"_links":{"self":[{"href":"https:\/\/roveyayinevi.com.tr\/index.php\/wp-json\/wp\/v2\/product\/731027","targetHints":{"allow":["GET"]}}],"collection":[{"href":"https:\/\/roveyayinevi.com.tr\/index.php\/wp-json\/wp\/v2\/product"}],"about":[{"href":"https:\/\/roveyayinevi.com.tr\/index.php\/wp-json\/wp\/v2\/types\/product"}],"wp:attachment":[{"href":"https:\/\/roveyayinevi.com.tr\/index.php\/wp-json\/wp\/v2\/media?parent=731027"}],"wp:term":[{"taxonomy":"product_brand","embeddable":true,"href":"https:\/\/roveyayinevi.com.tr\/index.php\/wp-json\/wp\/v2\/product_brand?post=731027"},{"taxonomy":"product_cat","embeddable":true,"href":"https:\/\/roveyayinevi.com.tr\/index.php\/wp-json\/wp\/v2\/product_cat?post=731027"},{"taxonomy":"product_tag","embeddable":true,"href":"https:\/\/roveyayinevi.com.tr\/index.php\/wp-json\/wp\/v2\/product_tag?post=731027"}],"curies":[{"name":"wp","href":"https:\/\/api.w.org\/{rel}","templated":true}]}}