{"id":731026,"date":"2025-08-27T21:24:17","date_gmt":"2025-08-27T18:24:17","guid":{"rendered":"https:\/\/roveyayinevi.com.tr\/index.php\/urun\/tanri-arayisi-ve-anlam-sorunu\/"},"modified":"2026-04-16T02:38:58","modified_gmt":"2026-04-15T23:38:58","slug":"tanri-arayisi-ve-anlam-sorunu","status":"publish","type":"product","link":"https:\/\/roveyayinevi.com.tr\/index.php\/urun\/tanri-arayisi-ve-anlam-sorunu\/","title":{"rendered":"Tanr\u0131 Aray\u0131\u015f\u0131 Ve Anlam Sorunu"},"content":{"rendered":"<p>\u201cPsikoterapi ve teoloji, bilim ve inan\u00e7 \u00e7ok uzun s\u00fcre birbirleriyle bo\u015funa m\u00fccadele ettiler veya birbirlerini yok sayd\u0131lar; insan\u0131n \u2013duruma g\u00f6re\u2013 selameti ya da \u015fifas\u0131 i\u00e7in faydal\u0131 olmaya \u00e7al\u0131\u015fan bu dallar aras\u0131nda art\u0131k i\u00e7ten bir s\u00f6yle\u015fi yapma cesaretini g\u00f6stermenin zaman\u0131 geldi. Bu ama\u00e7la 1984 y\u0131l\u0131n\u0131n A\u011fustos ay\u0131nda, Viyana\u2019da tarafs\u0131z ve samimi bir diyalo\u011fumuz oldu; bu diyalog ikimize de yeni ve geni\u015f ufuklar a\u00e7t\u0131. Okur, en az\u0131ndan bizim i\u00e7in \u00e7ok verimli olan bir g\u00f6r\u00fc\u015f al\u0131\u015fveri\u015finin d\u0131\u015fa vurumunu bulacakt\u0131r bu kitapta. \u201d Viktor Frankl \u2013 Pinchas Lapide   Viktor E. Frankl, ard\u0131nda \u00e7ok geni\u015f kapsaml\u0131 bir k\u00fclliyat b\u0131rakt\u0131. \u201cTanr\u0131 Aray\u0131\u015f\u0131 ve Anlam Sorunu\u201d adl\u0131 kitap, bas\u0131lm\u0131\u015f di\u011fer kitaplar\u0131n aras\u0131nda yer alm\u0131yor \u00e7\u00fcnk\u00fc 2004 May\u0131s\u2019\u0131nda orijinal el yazmas\u0131 ve eserle ilgili ses kay\u0131tlar\u0131 Frankl\u2019\u0131n \u00f6zel ar\u015fivi kay\u0131t alt\u0131na al\u0131n\u0131rken ke\u015ffedildi. Viktor Frankl\u2019\u0131n, Viyana\u2019daki evinde Yahudi ilahiyat\u00e7\u0131 Pinchas Lapide ile yapt\u0131\u011f\u0131 birka\u00e7 saatlik s\u00f6yle\u015fi sonunda ortaya \u00e7\u0131kan \u201cTanr\u0131 Aray\u0131\u015f\u0131 ve Anlam Sorunu\u201d adl\u0131 kitap, yazar\u0131n b\u0131rak\u0131t\u0131nda prova bask\u0131lar\u0131 yap\u0131lm\u0131\u015f olarak bulundu. Her iki yazar da iki kez redakte edip \u00f6ns\u00f6z\u00fcn\u00fc yazarak \u00e2deta kitab\u0131 yay\u0131na haz\u0131r hale getirmi\u015flerdi. Kitab\u0131n neden yay\u0131nlanmad\u0131\u011f\u0131 konusunda h\u00e2l\u00e2 bir bilgiye sahip de\u011filiz. Logoterapinin temel \u00f6zelliklerini a\u00e7\u0131klamas\u0131 istendi\u011finde, Frankl genellikle varolan form\u00fclasyonlar\u0131 ve kan\u0131tlanm\u0131\u015f form\u00fclleri kullan\u0131r. Elinizdeki kitapta ise durum farkl\u0131. Burada, birbirlerine sadece kendi g\u00f6r\u00fc\u015f a\u00e7\u0131lar\u0131n\u0131 anlatmakla kalmayan, ayr\u0131ca uzun yollar kat ederek birlikte yeni d\u00fc\u015f\u00fcnceler ve fikirler geli\u015ftiren ve bunlar\u0131 hem \u00f6zel hem de entelekt\u00fcel dostlu\u011fun yaratt\u0131\u011f\u0131 g\u00fcvenli bir ortamda tart\u0131\u015fmaya a\u00e7an iki ara\u015ft\u0131rmac\u0131 bulu\u015fuyor. <\/p>\n","protected":false},"excerpt":{"rendered":"<p>\u201cPsikoterapi ve teoloji, bilim ve inan\u00e7 \u00e7ok uzun s\u00fcre birbirleriyle bo\u015funa m\u00fccadele ettiler veya birbirlerini yok sayd\u0131lar; insan\u0131n \u2013duruma g\u00f6re\u2013 selameti ya da \u015fifas\u0131 i\u00e7in faydal\u0131<span class=\"excerpt-hellip\"> [\u2026]<\/span><\/p>\n","protected":false},"featured_media":0,"template":"","meta":{"_monsterinsights_skip_tracking":false,"_monsterinsights_sitenote_active":false,"_monsterinsights_sitenote_note":"","_monsterinsights_sitenote_category":0},"product_brand":[],"product_cat":[19998,12388],"product_tag":[],"class_list":{"0":"post-731026","1":"product","2":"type-product","3":"status-publish","5":"product_cat-din-felsefesi","6":"product_cat-felsefe","7":"pa_cilt-ciltsiz","8":"pa_tur-kitap","9":"pa_yayinevi-totem-yayinlari","10":"pa_yazar-viktor-e-frankl","12":"first","13":"instock","14":"sale","15":"shipping-taxable","16":"purchasable","17":"product-type-simple"},"_links":{"self":[{"href":"https:\/\/roveyayinevi.com.tr\/index.php\/wp-json\/wp\/v2\/product\/731026","targetHints":{"allow":["GET"]}}],"collection":[{"href":"https:\/\/roveyayinevi.com.tr\/index.php\/wp-json\/wp\/v2\/product"}],"about":[{"href":"https:\/\/roveyayinevi.com.tr\/index.php\/wp-json\/wp\/v2\/types\/product"}],"wp:attachment":[{"href":"https:\/\/roveyayinevi.com.tr\/index.php\/wp-json\/wp\/v2\/media?parent=731026"}],"wp:term":[{"taxonomy":"product_brand","embeddable":true,"href":"https:\/\/roveyayinevi.com.tr\/index.php\/wp-json\/wp\/v2\/product_brand?post=731026"},{"taxonomy":"product_cat","embeddable":true,"href":"https:\/\/roveyayinevi.com.tr\/index.php\/wp-json\/wp\/v2\/product_cat?post=731026"},{"taxonomy":"product_tag","embeddable":true,"href":"https:\/\/roveyayinevi.com.tr\/index.php\/wp-json\/wp\/v2\/product_tag?post=731026"}],"curies":[{"name":"wp","href":"https:\/\/api.w.org\/{rel}","templated":true}]}}