{"id":731025,"date":"2025-08-27T21:24:17","date_gmt":"2025-08-27T18:24:17","guid":{"rendered":"https:\/\/roveyayinevi.com.tr\/index.php\/urun\/hasimoto-protokolu\/"},"modified":"2026-04-16T02:38:58","modified_gmt":"2026-04-15T23:38:58","slug":"hasimoto-protokolu","status":"publish","type":"product","link":"https:\/\/roveyayinevi.com.tr\/index.php\/urun\/hasimoto-protokolu\/","title":{"rendered":"Ha\u015fimoto Protokol\u00fc"},"content":{"rendered":"<p>Bug\u00fcn 35 milyondan fazla Amerikal\u0131, tiroid bezini etkileyen ve v\u00fccudun kendi h\u00fccrelerine sald\u0131rmas\u0131na neden olan otoimm\u00fcn hastal\u0131k Ha\u015fimoto\u2019dan mustariptir. G\u00fcn\u00fcm\u00fczde bu say\u0131 b\u00fct\u00fcn d\u00fcnyada misliyle artm\u0131\u015f durumdad\u0131r. Kronik \u00f6ks\u00fcr\u00fck, asit refl\u00fc, IBS, alerjiler, kronik a\u011fr\u0131, sa\u00e7 d\u00f6k\u00fclmesi, beyin sisi ve unutkanl\u0131k gibi semptomlar\u0131 hafifletmek i\u00e7in hastalara genellikle \u00e7ok say\u0131da ya\u015fam\u0131 de\u011fi\u015ftiren yan etkileri olan sentetik hormonlar re\u00e7ete edilir. Ama daha iyi bir yol var! 27 ya\u015f\u0131nda Ha\u015fimoto te\u015fhisi konulan Dr. Ecz. Izabella Wentz hastal\u0131\u011f\u0131n etkilerini, ilac\u0131n de\u011ferini ve s\u0131n\u0131rlamalar\u0131n\u0131 iyi tan\u0131r. Sa\u011fl\u0131\u011f\u0131n iyile\u015ftirilmesinin anahtar\u0131n\u0131n ya\u015fam tarz\u0131 m\u00fcdahaleleri i\u00e7erdi\u011fini savunan Wentz, Ha\u015fimoto Protokol\u00fc\u2019nde binlerce ki\u015finin iyile\u015fmesine ve di\u011ferlerinin de daha iyi hissetmesine yard\u0131mc\u0131 olacak kan\u0131tlanm\u0131\u015f bir tedaviyi \u00f6zetliyor. Ki\u015fisel deneyiminin yan\u0131 s\u0131ra binlerce hastayla yapt\u0131\u011f\u0131 \u00e7al\u0131\u015fmalardan yola \u00e7\u0131karak hastal\u0131\u011f\u0131n k\u00f6k\u00fcndeki otoimm\u00fcn hasar\u0131 iyile\u015ftirmek, durumu tersine \u00e7evirmek i\u00e7in pratik bir yol sunuyor. \u0130lk ad\u0131m, yemek, yiyecekleri ve ka\u00e7\u0131n\u0131lmas\u0131 gereken enflamatuar yiyecekleri karaci\u011feri desteklemek i\u00e7in Takviyeler konusunda tavsiyelerde bulunmay\u0131 ve adrenal kurtarma plan\u0131n\u0131 i\u00e7eren iki haftal\u0131k bir detoksifikasyon. Daha sonra okuyucular, kitapta yer alan kendi kendilerine uygulayabilecekleri testlerle v\u00fccutlar\u0131n\u0131n benzersiz ha\u015fimoto tetikleyicilerine uyarlanm\u0131\u015f g\u0131dalar, takviyeler ve di\u011fer ya\u015fam tarz\u0131 m\u00fcdahalaler ile ki\u015fiselle\u015ftirilmi\u015f bir plan olu\u015ftururlar. En son bilimsel geli\u015fmelere dayanan Ha\u015fimoto Protokol\u00fc bu durumu tedavi etmek ve hastalar\u0131n hayatlar\u0131n\u0131 geri kazanmalar\u0131na yard\u0131mc\u0131 olmak i\u00e7in alan\u0131nda tan\u0131nm\u0131\u015f bir uzman taraf\u0131ndan yaz\u0131lm\u0131\u015f, kan\u0131tlanm\u0131\u015f bir protokol sunan ilk kitapt\u0131r. Bu kitab\u0131 okuyarak 90 g\u00fcnde, h\u0131zl\u0131 bir \u015fekilde orijinal tarifleri i\u00e7eren diyet program\u0131yla sa\u011fl\u0131\u011f\u0131n\u0131za tekrar kavu\u015fmak elinizde! <\/p>\n","protected":false},"excerpt":{"rendered":"<p>Bug\u00fcn 35 milyondan fazla Amerikal\u0131, tiroid bezini etkileyen ve v\u00fccudun kendi h\u00fccrelerine sald\u0131rmas\u0131na neden olan otoimm\u00fcn hastal\u0131k Ha\u015fimoto\u2019dan mustariptir. G\u00fcn\u00fcm\u00fczde bu say\u0131 b\u00fct\u00fcn d\u00fcnyada misliyle artm\u0131\u015f<span class=\"excerpt-hellip\"> [\u2026]<\/span><\/p>\n","protected":false},"featured_media":0,"template":"","meta":{"_monsterinsights_skip_tracking":false,"_monsterinsights_sitenote_active":false,"_monsterinsights_sitenote_note":"","_monsterinsights_sitenote_category":0},"product_brand":[],"product_cat":[16965,13365],"product_tag":[],"class_list":{"0":"post-731025","1":"product","2":"type-product","3":"status-publish","5":"product_cat-genel-saglik-kitaplari","6":"product_cat-saglik","7":"pa_cilt-ciltsiz","8":"pa_tur-kitap","9":"pa_yayinevi-totem-yayinlari","10":"pa_yazar-izabella-wentz","12":"first","13":"instock","14":"sale","15":"shipping-taxable","16":"purchasable","17":"product-type-simple"},"_links":{"self":[{"href":"https:\/\/roveyayinevi.com.tr\/index.php\/wp-json\/wp\/v2\/product\/731025","targetHints":{"allow":["GET"]}}],"collection":[{"href":"https:\/\/roveyayinevi.com.tr\/index.php\/wp-json\/wp\/v2\/product"}],"about":[{"href":"https:\/\/roveyayinevi.com.tr\/index.php\/wp-json\/wp\/v2\/types\/product"}],"wp:attachment":[{"href":"https:\/\/roveyayinevi.com.tr\/index.php\/wp-json\/wp\/v2\/media?parent=731025"}],"wp:term":[{"taxonomy":"product_brand","embeddable":true,"href":"https:\/\/roveyayinevi.com.tr\/index.php\/wp-json\/wp\/v2\/product_brand?post=731025"},{"taxonomy":"product_cat","embeddable":true,"href":"https:\/\/roveyayinevi.com.tr\/index.php\/wp-json\/wp\/v2\/product_cat?post=731025"},{"taxonomy":"product_tag","embeddable":true,"href":"https:\/\/roveyayinevi.com.tr\/index.php\/wp-json\/wp\/v2\/product_tag?post=731025"}],"curies":[{"name":"wp","href":"https:\/\/api.w.org\/{rel}","templated":true}]}}