{"id":731023,"date":"2025-08-27T21:24:15","date_gmt":"2025-08-27T18:24:15","guid":{"rendered":"https:\/\/roveyayinevi.com.tr\/index.php\/urun\/karaca-olmak-isteyen-tilki\/"},"modified":"2026-04-16T02:38:58","modified_gmt":"2026-04-15T23:38:58","slug":"karaca-olmak-isteyen-tilki","status":"publish","type":"product","link":"https:\/\/roveyayinevi.com.tr\/index.php\/urun\/karaca-olmak-isteyen-tilki\/","title":{"rendered":"Karaca Olmak \u0130steyen Tilki"},"content":{"rendered":"<p>\u0130yilik, her ko\u015fulda cesaret gerektirir. Alman edebiyat\u0131n\u0131n \u00e7a\u011fda\u015f ustalar\u0131ndan Kirsten Boie, insan\u0131n do\u011fa i\u00e7in olu\u015fturdu\u011fu tehdidin g\u00f6lgesinde ya\u015fam m\u00fccadelesi veren orman hayvanlar\u0131n\u0131n g\u00f6z\u00fcnden benzersiz bir ger\u00e7eklik yarat\u0131yor. Ailesini kaybeden bir tilki yavrusunun hayatta kalma ser\u00fcvenini, yal\u0131n anlat\u0131m\u0131 ve zarif \u00fcslubuyla hik\u00e2yele\u015ftiriyor. Evrensel bir duyguda\u015fl\u0131\u011fa davet eden kitap, farkl\u0131l\u0131klar\u0131n ve bak\u0131\u015f a\u00e7\u0131s\u0131n\u0131n, ya\u015famlara kataca\u011f\u0131 harikulade ihtimalleri bar\u0131nd\u0131r\u0131yor. Barbara Scholz&#8217;\u00fcn renkli desenleriyle canlanan roman, ister tilki ister \u00e7ocuk olsun, her canl\u0131n\u0131n sevgiye, anlay\u0131\u015fa ve g\u00fcvene ihtiyac\u0131n\u0131 duyumsat\u0131yor.Ormandaki b\u00fcy\u00fck yang\u0131ndan ka\u00e7an karacalar, porsuklar, bayku\u015flar, tav\u015fanlar, tarlafareleri&#8230; Ailesini kaybetmi\u015f yavru tilkiyi g\u00f6rd\u00fcklerinde, hi\u00e7biri onu sahiplenmek istemez. Ne de olsa, &#8220;Tilki her zaman tilkidir.&#8221; Anne Karaca dayanamaz, Mavi G\u00f6z ad\u0131n\u0131 verip kucak a\u00e7ar yavruya. Ama tarlafaresi yavrusu ortadan kaybolunca t\u00fcm g\u00f6zler ona \u00e7evrilir. Kalbi k\u0131r\u0131lan Mavi G\u00f6z, ger\u00e7ek ailesini bulmak i\u00e7in ke\u015fiflerle dolu bir yolculu\u011fa \u00e7\u0131kar&#8230;<\/p>\n","protected":false},"excerpt":{"rendered":"<p>\u0130yilik, her ko\u015fulda cesaret gerektirir. Alman edebiyat\u0131n\u0131n \u00e7a\u011fda\u015f ustalar\u0131ndan Kirsten Boie, insan\u0131n do\u011fa i\u00e7in olu\u015fturdu\u011fu tehdidin g\u00f6lgesinde ya\u015fam m\u00fccadelesi veren orman hayvanlar\u0131n\u0131n g\u00f6z\u00fcnden benzersiz bir ger\u00e7eklik<span class=\"excerpt-hellip\"> [\u2026]<\/span><\/p>\n","protected":false},"featured_media":0,"template":"","meta":{"_monsterinsights_skip_tracking":false,"_monsterinsights_sitenote_active":false,"_monsterinsights_sitenote_note":"","_monsterinsights_sitenote_category":0},"product_brand":[],"product_cat":[12275,12274],"product_tag":[],"class_list":{"0":"post-731023","1":"product","2":"type-product","3":"status-publish","5":"product_cat-6-12-yas-kitaplari","6":"product_cat-cocuk-ve-genclik-kitaplari","7":"pa_cilt-ciltsiz","8":"pa_tur-kitap","9":"pa_yayinevi-gunisigi-kitapligi","10":"pa_yazar-kirsten-boie","12":"first","13":"instock","14":"sale","15":"shipping-taxable","16":"purchasable","17":"product-type-simple"},"_links":{"self":[{"href":"https:\/\/roveyayinevi.com.tr\/index.php\/wp-json\/wp\/v2\/product\/731023","targetHints":{"allow":["GET"]}}],"collection":[{"href":"https:\/\/roveyayinevi.com.tr\/index.php\/wp-json\/wp\/v2\/product"}],"about":[{"href":"https:\/\/roveyayinevi.com.tr\/index.php\/wp-json\/wp\/v2\/types\/product"}],"wp:attachment":[{"href":"https:\/\/roveyayinevi.com.tr\/index.php\/wp-json\/wp\/v2\/media?parent=731023"}],"wp:term":[{"taxonomy":"product_brand","embeddable":true,"href":"https:\/\/roveyayinevi.com.tr\/index.php\/wp-json\/wp\/v2\/product_brand?post=731023"},{"taxonomy":"product_cat","embeddable":true,"href":"https:\/\/roveyayinevi.com.tr\/index.php\/wp-json\/wp\/v2\/product_cat?post=731023"},{"taxonomy":"product_tag","embeddable":true,"href":"https:\/\/roveyayinevi.com.tr\/index.php\/wp-json\/wp\/v2\/product_tag?post=731023"}],"curies":[{"name":"wp","href":"https:\/\/api.w.org\/{rel}","templated":true}]}}