{"id":731020,"date":"2025-08-27T21:24:12","date_gmt":"2025-08-27T18:24:12","guid":{"rendered":"https:\/\/roveyayinevi.com.tr\/index.php\/urun\/batida-iktisadi-demokrasi-tartismalari-ve-bir-cikis-yolu-arayisi\/"},"modified":"2026-04-16T02:38:58","modified_gmt":"2026-04-15T23:38:58","slug":"batida-iktisadi-demokrasi-tartismalari-ve-bir-cikis-yolu-arayisi","status":"publish","type":"product","link":"https:\/\/roveyayinevi.com.tr\/index.php\/urun\/batida-iktisadi-demokrasi-tartismalari-ve-bir-cikis-yolu-arayisi\/","title":{"rendered":"Bat\u0131&#8217;da \u0130ktisadi Demokrasi Tart\u0131\u015fmalar\u0131 Ve Bir \u00c7\u0131k\u0131\u015f Yolu Aray\u0131\u015f\u0131"},"content":{"rendered":"<p>\u0130\u00e7indekiler   1.      Demokrasi Ve \u0130ktisadi Demokrasi   2.      Faydac\u0131 Yakla\u015f\u0131m   3.      \u0130ktisadi \u00d6zg\u00fcrl\u00fckler \u00d6zelinde \u0130ktisadi Demokrasi Ve Ele\u015ftirisi   4.      Meritokrasi Tart\u0131\u015fmalar\u0131   5.      Bir \u00c7\u0131k\u0131\u015f Yolu Aray\u0131\u015f\u0131 <\/p>\n","protected":false},"excerpt":{"rendered":"<p>\u0130\u00e7indekiler 1. Demokrasi Ve \u0130ktisadi Demokrasi 2. Faydac\u0131 Yakla\u015f\u0131m 3. \u0130ktisadi \u00d6zg\u00fcrl\u00fckler \u00d6zelinde \u0130ktisadi Demokrasi Ve Ele\u015ftirisi 4. Meritokrasi Tart\u0131\u015fmalar\u0131 5. Bir \u00c7\u0131k\u0131\u015f Yolu Aray\u0131\u015f\u0131<\/p>\n","protected":false},"featured_media":0,"template":"","meta":{"_monsterinsights_skip_tracking":false,"_monsterinsights_sitenote_active":false,"_monsterinsights_sitenote_note":"","_monsterinsights_sitenote_category":0},"product_brand":[],"product_cat":[14841,13043],"product_tag":[],"class_list":{"0":"post-731020","1":"product","2":"type-product","3":"status-publish","5":"product_cat-arastirma-inceleme-kuram","6":"product_cat-ekonomi","7":"pa_cilt-ciltsiz","8":"pa_tur-kitap","9":"pa_yayinevi-gazi-kitabevi","10":"pa_yazar-ahmet-yavuz-camli","12":"first","13":"instock","14":"sale","15":"shipping-taxable","16":"purchasable","17":"product-type-simple"},"_links":{"self":[{"href":"https:\/\/roveyayinevi.com.tr\/index.php\/wp-json\/wp\/v2\/product\/731020","targetHints":{"allow":["GET"]}}],"collection":[{"href":"https:\/\/roveyayinevi.com.tr\/index.php\/wp-json\/wp\/v2\/product"}],"about":[{"href":"https:\/\/roveyayinevi.com.tr\/index.php\/wp-json\/wp\/v2\/types\/product"}],"wp:attachment":[{"href":"https:\/\/roveyayinevi.com.tr\/index.php\/wp-json\/wp\/v2\/media?parent=731020"}],"wp:term":[{"taxonomy":"product_brand","embeddable":true,"href":"https:\/\/roveyayinevi.com.tr\/index.php\/wp-json\/wp\/v2\/product_brand?post=731020"},{"taxonomy":"product_cat","embeddable":true,"href":"https:\/\/roveyayinevi.com.tr\/index.php\/wp-json\/wp\/v2\/product_cat?post=731020"},{"taxonomy":"product_tag","embeddable":true,"href":"https:\/\/roveyayinevi.com.tr\/index.php\/wp-json\/wp\/v2\/product_tag?post=731020"}],"curies":[{"name":"wp","href":"https:\/\/api.w.org\/{rel}","templated":true}]}}