{"id":731016,"date":"2025-08-27T21:24:09","date_gmt":"2025-08-27T18:24:09","guid":{"rendered":"https:\/\/roveyayinevi.com.tr\/index.php\/urun\/dunden-bugune-turkiye-irak-iliskileri\/"},"modified":"2026-04-16T02:38:58","modified_gmt":"2026-04-15T23:38:58","slug":"dunden-bugune-turkiye-irak-iliskileri","status":"publish","type":"product","link":"https:\/\/roveyayinevi.com.tr\/index.php\/urun\/dunden-bugune-turkiye-irak-iliskileri\/","title":{"rendered":"D\u00fcnden Bug\u00fcne T\u00fcrkiye &#8211; Irak \u0130li\u015fkileri"},"content":{"rendered":"<p>B\u00f6l\u00fcm I  T\u00fcrkiye \u2013 Irak \u0130li\u015fkilerinin Tarihi  B\u00f6l\u00fcm II  2003 Irak Sava\u015f\u0131 ve Arap Bahar\u0131 Aras\u0131nda T\u00fcrkiye \u2013 Irak \u0130li\u015fkileri  B\u00f6l\u00fcm III  Arap Bahar\u0131 Sonras\u0131nda T\u00fcrkiye \u2013 Irak \u0130li\u015fkileri  B\u00f6l\u00fcm IV  T\u00fcrkiye\u2019nin Ter\u00f6rle M\u00fccadelesinde Yeni Konsept Plan\u0131 ve \u201cIrak \/ Suriye Denkleminde S\u0131n\u0131r \u00d6tesi Operasyonlar\u0131\u201d <\/p>\n","protected":false},"excerpt":{"rendered":"<p>B\u00f6l\u00fcm I T\u00fcrkiye \u2013 Irak \u0130li\u015fkilerinin Tarihi B\u00f6l\u00fcm II 2003 Irak Sava\u015f\u0131 ve Arap Bahar\u0131 Aras\u0131nda T\u00fcrkiye \u2013 Irak \u0130li\u015fkileri B\u00f6l\u00fcm III Arap Bahar\u0131 Sonras\u0131nda T\u00fcrkiye<span class=\"excerpt-hellip\"> [\u2026]<\/span><\/p>\n","protected":false},"featured_media":0,"template":"","meta":{"_monsterinsights_skip_tracking":false,"_monsterinsights_sitenote_active":false,"_monsterinsights_sitenote_note":"","_monsterinsights_sitenote_category":0},"product_brand":[],"product_cat":[12337,14543],"product_tag":[],"class_list":{"0":"post-731016","1":"product","2":"type-product","3":"status-publish","5":"product_cat-politika-siyaset","6":"product_cat-turkiye-siyaseti-ve-politikasi","7":"pa_cilt-ciltsiz","8":"pa_tur-kitap","9":"pa_yayinevi-gazi-kitabevi","10":"pa_yazar-gazi-kitabevi-kolektif","12":"first","13":"instock","14":"sale","15":"shipping-taxable","16":"purchasable","17":"product-type-simple"},"_links":{"self":[{"href":"https:\/\/roveyayinevi.com.tr\/index.php\/wp-json\/wp\/v2\/product\/731016","targetHints":{"allow":["GET"]}}],"collection":[{"href":"https:\/\/roveyayinevi.com.tr\/index.php\/wp-json\/wp\/v2\/product"}],"about":[{"href":"https:\/\/roveyayinevi.com.tr\/index.php\/wp-json\/wp\/v2\/types\/product"}],"wp:attachment":[{"href":"https:\/\/roveyayinevi.com.tr\/index.php\/wp-json\/wp\/v2\/media?parent=731016"}],"wp:term":[{"taxonomy":"product_brand","embeddable":true,"href":"https:\/\/roveyayinevi.com.tr\/index.php\/wp-json\/wp\/v2\/product_brand?post=731016"},{"taxonomy":"product_cat","embeddable":true,"href":"https:\/\/roveyayinevi.com.tr\/index.php\/wp-json\/wp\/v2\/product_cat?post=731016"},{"taxonomy":"product_tag","embeddable":true,"href":"https:\/\/roveyayinevi.com.tr\/index.php\/wp-json\/wp\/v2\/product_tag?post=731016"}],"curies":[{"name":"wp","href":"https:\/\/api.w.org\/{rel}","templated":true}]}}