{"id":731015,"date":"2025-08-27T21:24:08","date_gmt":"2025-08-27T18:24:08","guid":{"rendered":"https:\/\/roveyayinevi.com.tr\/index.php\/urun\/ivan-ilyicin-olumu-8\/"},"modified":"2026-04-16T02:38:58","modified_gmt":"2026-04-15T23:38:58","slug":"ivan-ilyicin-olumu-8","status":"publish","type":"product","link":"https:\/\/roveyayinevi.com.tr\/index.php\/urun\/ivan-ilyicin-olumu-8\/","title":{"rendered":"\u0130van \u0130lyi\u00e7\u2019in \u00d6l\u00fcm\u00fc"},"content":{"rendered":"<p>\u0130van \u0130lyi\u00e7\u2019in \u00d6l\u00fcm\u00fc yarg\u0131 sisteminin \u00fcst kademelerine do\u011fru ilerlemi\u015f, sosyetede kendine bir yer edinmek i\u00e7in \u00e7abalam\u0131\u015f \u0130van \u0130lyi\u00e7\u2019in birdenbire \u00f6l\u00fcml\u00fc ger\u00e7ekli\u011fiyle, fanili\u011fiyle kar\u015f\u0131 kar\u015f\u0131ya gelmesini anlat\u0131r. Bireyin \u00f6l\u00fcm\u00fc \u00c7arl\u0131k Rusya\u2019s\u0131n\u0131n da \u00f6l\u00fcm\u00fcd\u00fcr bir yandan. Fakat Tolstoy\u2019un bu eserinde sadece \u00f6l\u00fcmlerin hik\u00e2yesi yoktur; zarif, n\u00fckteli ve tedirgin edici bir toplum ele\u015ftirisi, da\u011f\u0131lan, \u00e7\u00f6ken bir \u015feylerin haberi ve yeniyi aray\u0131\u015flar\u0131n m\u00fcjdesi de g\u00f6r\u00fcl\u00fcr. \u201cEvet, hastal\u0131k ba\u015flang\u0131c\u0131. B\u00f6\u011fr\u00fcm\u00fc \u00e7arpt\u0131m, o g\u00fcn ve sonraki g\u00fcn yine eskisi gibiydim; biraz s\u0131zl\u0131yordu, sonra artt\u0131, sonra doktorlar, sonra bunalt\u0131, s\u0131k\u0131nt\u0131, sonra yine doktorlar; durmadan gitgide, gitgide yakla\u015f\u0131yordum u\u00e7uruma.\u201d <\/p>\n","protected":false},"excerpt":{"rendered":"<p>\u0130van \u0130lyi\u00e7\u2019in \u00d6l\u00fcm\u00fc yarg\u0131 sisteminin \u00fcst kademelerine do\u011fru ilerlemi\u015f, sosyetede kendine bir yer edinmek i\u00e7in \u00e7abalam\u0131\u015f \u0130van \u0130lyi\u00e7\u2019in birdenbire \u00f6l\u00fcml\u00fc ger\u00e7ekli\u011fiyle, fanili\u011fiyle kar\u015f\u0131 kar\u015f\u0131ya gelmesini anlat\u0131r.<span class=\"excerpt-hellip\"> [\u2026]<\/span><\/p>\n","protected":false},"featured_media":0,"template":"","meta":{"_monsterinsights_skip_tracking":false,"_monsterinsights_sitenote_active":false,"_monsterinsights_sitenote_note":"","_monsterinsights_sitenote_category":0},"product_brand":[],"product_cat":[12291,12711],"product_tag":[],"class_list":{"0":"post-731015","1":"product","2":"type-product","3":"status-publish","5":"product_cat-edebiyat","6":"product_cat-roman-oyku","7":"pa_cilt-ciltsiz","8":"pa_tur-kitap","9":"pa_yayinevi-kirmizi-kedi-yayinevi","10":"pa_yazar-lev-nikolayevic-tolstoy","12":"first","13":"instock","14":"sale","15":"shipping-taxable","16":"purchasable","17":"product-type-simple"},"_links":{"self":[{"href":"https:\/\/roveyayinevi.com.tr\/index.php\/wp-json\/wp\/v2\/product\/731015","targetHints":{"allow":["GET"]}}],"collection":[{"href":"https:\/\/roveyayinevi.com.tr\/index.php\/wp-json\/wp\/v2\/product"}],"about":[{"href":"https:\/\/roveyayinevi.com.tr\/index.php\/wp-json\/wp\/v2\/types\/product"}],"wp:attachment":[{"href":"https:\/\/roveyayinevi.com.tr\/index.php\/wp-json\/wp\/v2\/media?parent=731015"}],"wp:term":[{"taxonomy":"product_brand","embeddable":true,"href":"https:\/\/roveyayinevi.com.tr\/index.php\/wp-json\/wp\/v2\/product_brand?post=731015"},{"taxonomy":"product_cat","embeddable":true,"href":"https:\/\/roveyayinevi.com.tr\/index.php\/wp-json\/wp\/v2\/product_cat?post=731015"},{"taxonomy":"product_tag","embeddable":true,"href":"https:\/\/roveyayinevi.com.tr\/index.php\/wp-json\/wp\/v2\/product_tag?post=731015"}],"curies":[{"name":"wp","href":"https:\/\/api.w.org\/{rel}","templated":true}]}}