{"id":731013,"date":"2025-08-27T21:24:06","date_gmt":"2025-08-27T18:24:06","guid":{"rendered":"https:\/\/roveyayinevi.com.tr\/index.php\/urun\/sinema-yazilari\/"},"modified":"2026-04-16T02:38:58","modified_gmt":"2026-04-15T23:38:58","slug":"sinema-yazilari","status":"publish","type":"product","link":"https:\/\/roveyayinevi.com.tr\/index.php\/urun\/sinema-yazilari\/","title":{"rendered":"Sinema Yaz\u0131lar\u0131"},"content":{"rendered":"<p>Kaleme ald\u0131\u011f\u0131 yirminin \u00fczerinde oyunla T\u00fcrk tiyatro tarihinde kendi yerini olu\u015fturan, \u00f6yk\u00fc ve denemeleriyle yaz\u0131n\u0131m\u0131za yeni bir soluk getiren Memet Baydur\u2019un kaleminden, sinema tarihinin \u201cBaydurca\u201d aktar\u0131m\u0131 Sinema Yaz\u0131lar\u0131. 1999-2000 akademik y\u0131l\u0131nda U\u011fur Mumcu Ara\u015ft\u0131rmac\u0131 Gazetecilik Vakf\u0131\u2019nda verdi\u011fi derslerin notlar\u0131ndan olu\u015fan kitab\u0131nda Baydur, sinema tarihini zengin bir yakla\u015f\u0131mla ele al\u0131yor. S\u0131radan izleyicisinden merakl\u0131 takip\u00e7iye kadar herkese hitap eden diliyle Baydur, 11. y\u00fczy\u0131ldaki g\u00f6kbilimcilerin icatlar\u0131ndan Lumi\u00e8re Karde\u015fler\u2019in ilk g\u00f6sterilerine, oradan g\u00fcn\u00fcm\u00fcze \u00e7ekti\u011fi \u00e7izgide sineman\u0131n b\u00fct\u00fcn bir hik\u00e2yesini anlat\u0131yor. Orson Welles\u2019ten Charlie Chaplin\u2019e, Hitchcock\u2019tan Renoir\u2019a, Bergman\u2019dan Kurosawa\u2019ya t\u00fcm ustalara, Hollywood\u2019dan Bollywood\u2019a, Frans\u0131z, \u0130talyan, \u0130ngiliz ve Do\u011fu Avrupa sinemas\u0131ndan Sovyet sinemas\u0131na, \u00e7izgi filmden bilimkurguya, t\u00fcm duraklara u\u011fruyor. Sineman\u0131n arkeolojisini yaparak a\u00e7t\u0131\u011f\u0131 kap\u0131y\u0131, sineman\u0131n \u00f6nemi, g\u00fczelli\u011fi ve tehlikesinin alt\u0131n\u0131 \u00e7izerek kapat\u0131yor. <\/p>\n","protected":false},"excerpt":{"rendered":"<p>Kaleme ald\u0131\u011f\u0131 yirminin \u00fczerinde oyunla T\u00fcrk tiyatro tarihinde kendi yerini olu\u015fturan, \u00f6yk\u00fc ve denemeleriyle yaz\u0131n\u0131m\u0131za yeni bir soluk getiren Memet Baydur\u2019un kaleminden, sinema tarihinin \u201cBaydurca\u201d aktar\u0131m\u0131<span class=\"excerpt-hellip\"> [\u2026]<\/span><\/p>\n","protected":false},"featured_media":0,"template":"","meta":{"_monsterinsights_skip_tracking":false,"_monsterinsights_sitenote_active":false,"_monsterinsights_sitenote_note":"","_monsterinsights_sitenote_category":0},"product_brand":[],"product_cat":[12777,12291],"product_tag":[],"class_list":{"0":"post-731013","1":"product","2":"type-product","3":"status-publish","5":"product_cat-deneme","6":"product_cat-edebiyat","7":"pa_cilt-ciltsiz","8":"pa_tur-kitap","9":"pa_yayinevi-kirmizi-kedi-yayinevi","10":"pa_yazar-memet-baydur","12":"first","13":"instock","14":"sale","15":"shipping-taxable","16":"purchasable","17":"product-type-simple"},"_links":{"self":[{"href":"https:\/\/roveyayinevi.com.tr\/index.php\/wp-json\/wp\/v2\/product\/731013","targetHints":{"allow":["GET"]}}],"collection":[{"href":"https:\/\/roveyayinevi.com.tr\/index.php\/wp-json\/wp\/v2\/product"}],"about":[{"href":"https:\/\/roveyayinevi.com.tr\/index.php\/wp-json\/wp\/v2\/types\/product"}],"wp:attachment":[{"href":"https:\/\/roveyayinevi.com.tr\/index.php\/wp-json\/wp\/v2\/media?parent=731013"}],"wp:term":[{"taxonomy":"product_brand","embeddable":true,"href":"https:\/\/roveyayinevi.com.tr\/index.php\/wp-json\/wp\/v2\/product_brand?post=731013"},{"taxonomy":"product_cat","embeddable":true,"href":"https:\/\/roveyayinevi.com.tr\/index.php\/wp-json\/wp\/v2\/product_cat?post=731013"},{"taxonomy":"product_tag","embeddable":true,"href":"https:\/\/roveyayinevi.com.tr\/index.php\/wp-json\/wp\/v2\/product_tag?post=731013"}],"curies":[{"name":"wp","href":"https:\/\/api.w.org\/{rel}","templated":true}]}}