{"id":731012,"date":"2025-08-27T21:24:05","date_gmt":"2025-08-27T18:24:05","guid":{"rendered":"https:\/\/roveyayinevi.com.tr\/index.php\/urun\/genc-wertherin-acilari-15\/"},"modified":"2026-04-16T02:38:57","modified_gmt":"2026-04-15T23:38:57","slug":"genc-wertherin-acilari-15","status":"publish","type":"product","link":"https:\/\/roveyayinevi.com.tr\/index.php\/urun\/genc-wertherin-acilari-15\/","title":{"rendered":"Gen\u00e7 Werther\u2019in Ac\u0131lar\u0131"},"content":{"rendered":"<p>En b\u00fcy\u00fck a\u015fk romanlar\u0131ndan ve romantik ekol\u00fcn en se\u00e7kin kitaplar\u0131ndan biri olan Gen\u00e7 Werther\u2019in Ac\u0131lar\u0131 hen\u00fcz 25 ya\u015f\u0131ndaki Goethe\u2019ye, Almancan\u0131n ve Almanya\u2019n\u0131n s\u0131n\u0131rlar\u0131 \u00f6tesinde \u00fcn kazand\u0131rm\u0131\u015ft\u0131r. Kitab\u0131n gen\u00e7ler \u00fczerindeki etkisi \u201cWerther Salg\u0131n\u0131\u201d diye isimlendirilen bir fenomen haline gelmi\u015f, gen\u00e7lerin intihar etmeye ba\u015flamas\u0131 skandallara sebep olmu\u015ftur. Bireysel \u00f6zg\u00fcrle\u015fme ve ayd\u0131nlanma s\u00fcrecinin roman\u0131 olan Werther, g\u00fcn\u00fcm\u00fcze dek etkisinden ve \u00f6neminden hi\u00e7bir \u015fey yitirmemi\u015ftir. \u201cParmaklar\u0131m\u0131n ucunda yanarak beni s\u0131k\u0131nt\u0131ya sokan bireysel, \u00e7ok yak\u0131n ili\u015fkilerdi, bunlar beni sonunda Werther\u2019i ortaya \u00e7\u0131karan ruh durumuna soktu. Ya\u015fam\u0131\u015f, sevmi\u015f ve \u00e7ok ac\u0131 \u00e7ekmi\u015ftim.\u201d  Goethe \u201cBen yaln\u0131z ve yaln\u0131z onu, b\u00f6ylesine i\u00e7ten, b\u00f6ylesine derinden severken, ondan ba\u015fka birini ne tan\u0131yor, ne biliyorken, ne de ba\u015fka birine sahipken, nas\u0131l olup da bir ba\u015fkas\u0131 onu sevebiliyor, sevmeye yelteniyor, hafsalam bazen bunu bir t\u00fcrl\u00fc alm\u0131yor!\u201d <\/p>\n","protected":false},"excerpt":{"rendered":"<p>En b\u00fcy\u00fck a\u015fk romanlar\u0131ndan ve romantik ekol\u00fcn en se\u00e7kin kitaplar\u0131ndan biri olan Gen\u00e7 Werther\u2019in Ac\u0131lar\u0131 hen\u00fcz 25 ya\u015f\u0131ndaki Goethe\u2019ye, Almancan\u0131n ve Almanya\u2019n\u0131n s\u0131n\u0131rlar\u0131 \u00f6tesinde \u00fcn kazand\u0131rm\u0131\u015ft\u0131r.<span class=\"excerpt-hellip\"> [\u2026]<\/span><\/p>\n","protected":false},"featured_media":0,"template":"","meta":{"_monsterinsights_skip_tracking":false,"_monsterinsights_sitenote_active":false,"_monsterinsights_sitenote_note":"","_monsterinsights_sitenote_category":0},"product_brand":[],"product_cat":[12291,12711],"product_tag":[],"class_list":{"0":"post-731012","1":"product","2":"type-product","3":"status-publish","5":"product_cat-edebiyat","6":"product_cat-roman-oyku","7":"pa_cilt-ciltsiz","8":"pa_tur-kitap","9":"pa_yayinevi-kirmizi-kedi-yayinevi","10":"pa_yazar-johann-wolfgang-von-goethe","12":"first","13":"instock","14":"sale","15":"shipping-taxable","16":"purchasable","17":"product-type-simple"},"_links":{"self":[{"href":"https:\/\/roveyayinevi.com.tr\/index.php\/wp-json\/wp\/v2\/product\/731012","targetHints":{"allow":["GET"]}}],"collection":[{"href":"https:\/\/roveyayinevi.com.tr\/index.php\/wp-json\/wp\/v2\/product"}],"about":[{"href":"https:\/\/roveyayinevi.com.tr\/index.php\/wp-json\/wp\/v2\/types\/product"}],"wp:attachment":[{"href":"https:\/\/roveyayinevi.com.tr\/index.php\/wp-json\/wp\/v2\/media?parent=731012"}],"wp:term":[{"taxonomy":"product_brand","embeddable":true,"href":"https:\/\/roveyayinevi.com.tr\/index.php\/wp-json\/wp\/v2\/product_brand?post=731012"},{"taxonomy":"product_cat","embeddable":true,"href":"https:\/\/roveyayinevi.com.tr\/index.php\/wp-json\/wp\/v2\/product_cat?post=731012"},{"taxonomy":"product_tag","embeddable":true,"href":"https:\/\/roveyayinevi.com.tr\/index.php\/wp-json\/wp\/v2\/product_tag?post=731012"}],"curies":[{"name":"wp","href":"https:\/\/api.w.org\/{rel}","templated":true}]}}