{"id":731011,"date":"2025-08-27T21:24:04","date_gmt":"2025-08-27T18:24:04","guid":{"rendered":"https:\/\/roveyayinevi.com.tr\/index.php\/urun\/mai-ve-siyah-13\/"},"modified":"2026-04-16T02:38:57","modified_gmt":"2026-04-15T23:38:57","slug":"mai-ve-siyah-13","status":"publish","type":"product","link":"https:\/\/roveyayinevi.com.tr\/index.php\/urun\/mai-ve-siyah-13\/","title":{"rendered":"Mai ve Siyah"},"content":{"rendered":"<p>Ahmed Cemil\u2019in ki\u015fili\u011finde, ku\u015fa\u011f\u0131n\u0131n d\u00fc\u015f k\u0131r\u0131kl\u0131\u011f\u0131n\u0131n roman\u0131d\u0131r Mai ve Siyah. Halit Ziya bu ustal\u0131kl\u0131 eserinde d\u00f6neminin edebiyat, sanat d\u00fcnyas\u0131n\u0131 ve sosyok\u00fclt\u00fcrel ortam\u0131n\u0131 da g\u00f6zler \u00f6n\u00fcne serer. Babas\u0131n\u0131n \u00f6l\u00fcm\u00fc \u00fczerine evin ge\u00e7imini \u00fcstlenen Ahmed Cemil, bir yandan \u00f6zel \u00f6\u011fretmenlik yaparak bir yandan Bab\u0131\u00e2li\u2019de \u00e7evirmenlik yaparak hayat\u0131n\u0131 kazanmak durumundad\u0131r. Di\u011fer yandan b\u00fcy\u00fck \u00fcmitler ba\u011flad\u0131\u011f\u0131 \u201ceser\u201dini kaleme almaktad\u0131r. Her \u015fey istedi\u011fi gibi gitti\u011fi takdirde zengin olacak ve arkada\u015f\u0131 H\u00fcseyin Nazmi\u2019nin karde\u015fi Lamia ile evlenecektir. Oysa ger\u00e7ek hayat\u0131n Ahmed Cemil i\u00e7in farkl\u0131 planlar\u0131 vard\u0131r&#8230; Ahmed Cemil\u2019in Tepeba\u015f\u0131 bah\u00e7esinde, mehtapl\u0131 mavi bir gecede Hali\u00e7\u2019e bakarak kurdu\u011fu hayali, siyah bir gecede, \u00fcmitsizlik i\u00e7inde \u0130stanbul\u2019u terk etmesiyle sona erer. \u201cAh! Art\u0131k h\u00fclyalar\u0131ndan b\u00fcsb\u00fct\u00fcn ayr\u0131lmak, onlardan bir ni\u015fane bile b\u0131rakmamak i\u00e7in ihtiyac\u0131 vard\u0131. Kendisini \u00f6ld\u00fcren bunlar de\u011fil miydi? Sonra onlar da birer birer \u00f6lm\u00fc\u015flerdi; \u015fimdi yaln\u0131z bu eser, bu son mal\u00fbl dima\u011f ni\u015fanesi kalm\u0131\u015ft\u0131. Onu da \u00f6ld\u00fcrmek, \u00f6tekiler gibi bunu da mevcudiyet sahnesinden kald\u0131rmak istiyordu.\u201d <\/p>\n","protected":false},"excerpt":{"rendered":"<p>Ahmed Cemil\u2019in ki\u015fili\u011finde, ku\u015fa\u011f\u0131n\u0131n d\u00fc\u015f k\u0131r\u0131kl\u0131\u011f\u0131n\u0131n roman\u0131d\u0131r Mai ve Siyah. Halit Ziya bu ustal\u0131kl\u0131 eserinde d\u00f6neminin edebiyat, sanat d\u00fcnyas\u0131n\u0131 ve sosyok\u00fclt\u00fcrel ortam\u0131n\u0131 da g\u00f6zler \u00f6n\u00fcne serer.<span class=\"excerpt-hellip\"> [\u2026]<\/span><\/p>\n","protected":false},"featured_media":0,"template":"","meta":{"_monsterinsights_skip_tracking":false,"_monsterinsights_sitenote_active":false,"_monsterinsights_sitenote_note":"","_monsterinsights_sitenote_category":0},"product_brand":[],"product_cat":[12291,12711],"product_tag":[],"class_list":{"0":"post-731011","1":"product","2":"type-product","3":"status-publish","5":"product_cat-edebiyat","6":"product_cat-roman-oyku","7":"pa_cilt-ciltsiz","8":"pa_tur-kitap","9":"pa_yayinevi-kirmizi-kedi-yayinevi","10":"pa_yazar-halit-ziya-usakligil","12":"first","13":"instock","14":"sale","15":"shipping-taxable","16":"purchasable","17":"product-type-simple"},"_links":{"self":[{"href":"https:\/\/roveyayinevi.com.tr\/index.php\/wp-json\/wp\/v2\/product\/731011","targetHints":{"allow":["GET"]}}],"collection":[{"href":"https:\/\/roveyayinevi.com.tr\/index.php\/wp-json\/wp\/v2\/product"}],"about":[{"href":"https:\/\/roveyayinevi.com.tr\/index.php\/wp-json\/wp\/v2\/types\/product"}],"wp:attachment":[{"href":"https:\/\/roveyayinevi.com.tr\/index.php\/wp-json\/wp\/v2\/media?parent=731011"}],"wp:term":[{"taxonomy":"product_brand","embeddable":true,"href":"https:\/\/roveyayinevi.com.tr\/index.php\/wp-json\/wp\/v2\/product_brand?post=731011"},{"taxonomy":"product_cat","embeddable":true,"href":"https:\/\/roveyayinevi.com.tr\/index.php\/wp-json\/wp\/v2\/product_cat?post=731011"},{"taxonomy":"product_tag","embeddable":true,"href":"https:\/\/roveyayinevi.com.tr\/index.php\/wp-json\/wp\/v2\/product_tag?post=731011"}],"curies":[{"name":"wp","href":"https:\/\/api.w.org\/{rel}","templated":true}]}}