{"id":731009,"date":"2025-08-27T21:24:02","date_gmt":"2025-08-27T18:24:02","guid":{"rendered":"https:\/\/roveyayinevi.com.tr\/index.php\/urun\/dunya-kadar-cocuk\/"},"modified":"2026-04-16T02:38:57","modified_gmt":"2026-04-15T23:38:57","slug":"dunya-kadar-cocuk","status":"publish","type":"product","link":"https:\/\/roveyayinevi.com.tr\/index.php\/urun\/dunya-kadar-cocuk\/","title":{"rendered":"D\u00fcnya Kadar \u00c7ocuk"},"content":{"rendered":"<p>Merhaba, ben Adnan.Ayd\u0131n\u2019da ya\u015f\u0131yorum.Zeytini dal\u0131ndan toplay\u0131p,\u0130ncir a\u011fa\u00e7lar\u0131n\u0131n alt\u0131nda dinleniyorum.Dedem deve g\u00fcre\u015flerine gidiyor,Bense hayvanlar\u0131n g\u00fcre\u015ftirilmesini hi\u00e7 sevmiyorum. *** Hola, soy Adrian.(Ola, soy Adrien.)Ne oldu, \u015fa\u015f\u0131rd\u0131n m\u0131?\u201cMerhaba, ben Adrian\u201d diyorum.\u0130spanyol oldu\u011fum i\u00e7in\u0130spanyolca konu\u015fuyorum. Portakal\u0131 dal\u0131ndan toplay\u0131pLimon a\u011fa\u00e7lar\u0131n\u0131n alt\u0131nda siesta yap\u0131yorum.Dedem bo\u011fa g\u00fcre\u015flerine gidiyor,Bense hayvanlar\u0131n g\u00fcre\u015ftirilmesini hi\u00e7 sevmiyorum. ***Merhaba, ben Fethi.Sivas\u2019ta ya\u015f\u0131yorum.Her y\u0131l 4 Eyl\u00fcl\u2019deSivas Kongresi\u2019nin y\u0131l d\u00f6n\u00fcm\u00fcn\u00fc\u015eenliklerle kutluyorum.Sivas halay\u0131n\u0131n yava\u015fl\u0131\u011f\u0131ndaCan\u0131m s\u0131k\u0131l\u0131yor, s\u00f6yleyemiyorum. ***Ol\u00e1, sou Fethee.(Ola, so Fe\u00e7i.)Ne oldu, \u015fa\u015f\u0131rd\u0131n m\u0131?\u201cMerhaba, ben Fethee\u201d diyorum.Brezilyal\u0131 oldu\u011fum i\u00e7inPortekizce konu\u015fuyorum. Her y\u0131l Paskalya\u2019dan yedi hafta \u00f6nceRio karnaval\u0131nda e\u011fleniyorum.Salsan\u0131n h\u0131z\u0131naBir t\u00fcrl\u00fc yeti\u015femiyorum.<\/p>\n","protected":false},"excerpt":{"rendered":"<p>Merhaba, ben Adnan.Ayd\u0131n\u2019da ya\u015f\u0131yorum.Zeytini dal\u0131ndan toplay\u0131p,\u0130ncir a\u011fa\u00e7lar\u0131n\u0131n alt\u0131nda dinleniyorum.Dedem deve g\u00fcre\u015flerine gidiyor,Bense hayvanlar\u0131n g\u00fcre\u015ftirilmesini hi\u00e7 sevmiyorum. *** Hola, soy Adrian.(Ola, soy Adrien.)Ne oldu, \u015fa\u015f\u0131rd\u0131n m\u0131?\u201cMerhaba, ben<span class=\"excerpt-hellip\"> [\u2026]<\/span><\/p>\n","protected":false},"featured_media":0,"template":"","meta":{"_monsterinsights_skip_tracking":false,"_monsterinsights_sitenote_active":false,"_monsterinsights_sitenote_note":"","_monsterinsights_sitenote_category":0},"product_brand":[],"product_cat":[12275,12274],"product_tag":[],"class_list":{"0":"post-731009","1":"product","2":"type-product","3":"status-publish","5":"product_cat-6-12-yas-kitaplari","6":"product_cat-cocuk-ve-genclik-kitaplari","7":"pa_cilt-ciltsiz","8":"pa_tur-kitap","9":"pa_yayinevi-turta-kitap","10":"pa_yazar-saniye-bencik-kangal","12":"first","13":"instock","14":"sale","15":"shipping-taxable","16":"purchasable","17":"product-type-simple"},"_links":{"self":[{"href":"https:\/\/roveyayinevi.com.tr\/index.php\/wp-json\/wp\/v2\/product\/731009","targetHints":{"allow":["GET"]}}],"collection":[{"href":"https:\/\/roveyayinevi.com.tr\/index.php\/wp-json\/wp\/v2\/product"}],"about":[{"href":"https:\/\/roveyayinevi.com.tr\/index.php\/wp-json\/wp\/v2\/types\/product"}],"wp:attachment":[{"href":"https:\/\/roveyayinevi.com.tr\/index.php\/wp-json\/wp\/v2\/media?parent=731009"}],"wp:term":[{"taxonomy":"product_brand","embeddable":true,"href":"https:\/\/roveyayinevi.com.tr\/index.php\/wp-json\/wp\/v2\/product_brand?post=731009"},{"taxonomy":"product_cat","embeddable":true,"href":"https:\/\/roveyayinevi.com.tr\/index.php\/wp-json\/wp\/v2\/product_cat?post=731009"},{"taxonomy":"product_tag","embeddable":true,"href":"https:\/\/roveyayinevi.com.tr\/index.php\/wp-json\/wp\/v2\/product_tag?post=731009"}],"curies":[{"name":"wp","href":"https:\/\/api.w.org\/{rel}","templated":true}]}}