{"id":731006,"date":"2025-08-27T21:23:59","date_gmt":"2025-08-27T18:23:59","guid":{"rendered":"https:\/\/roveyayinevi.com.tr\/index.php\/urun\/suregelen-devrim\/"},"modified":"2026-04-16T02:38:57","modified_gmt":"2026-04-15T23:38:57","slug":"suregelen-devrim","status":"publish","type":"product","link":"https:\/\/roveyayinevi.com.tr\/index.php\/urun\/suregelen-devrim\/","title":{"rendered":"S\u00fcregelen Devrim"},"content":{"rendered":"<p>Kad\u0131n haklar\u0131 hareketinin ortaya \u00e7\u0131k\u0131\u015f\u0131ndan bu yana, d\u00fcnyan\u0131n bir\u00e7ok yerinde, cephede muazzam mesafeler kat edildi\u011fi bir ger\u00e7ek. Gelgelelim, halen \u00e7ocuk ya\u015fta evlendirilen, seks k\u00f6leli\u011fine zorlanan, s\u00fcr\u00fcklenen, zorla \u00e7al\u0131\u015ft\u0131r\u0131lan, tecav\u00fcz\u00fcn sava\u015f silah\u0131 olarak kullan\u0131ld\u0131\u011f\u0131 \u00e7at\u0131\u015fma b\u00f6lgelerinde s\u0131k\u0131\u015f\u0131p kalan, okula gitmesi, hatta \u00f6zel ya\u015famlar\u0131nda ki\u015fisel tercihleri engellenen kad\u0131nlar ve k\u0131z \u00e7ocuklar\u0131 bulunuyor.S\u00fcregelen Devrim, t\u00fcm d\u00fcnyadaki kad\u0131n ve k\u0131zlar\u0131n temel haklar\u0131n\u0131 elde etmesi i\u00e7in bir\u00e7ok alanda s\u00fcrd\u00fcr\u00fclen k\u00fcresel m\u00fccadelenin \u00f6yk\u00fcs\u00fcnden \u00e7arp\u0131c\u0131 foto\u011fraflar \u00e7ekiyor. Bu \u00e7ok y\u00fczl\u00fc \u00f6yk\u00fcn\u00fcn co\u011frafyas\u0131, tecav\u00fcze u\u011frayan kad\u0131nlar\u0131n hak arama m\u00fccadelelerinin eril b\u00fcrokrasinin umursamazl\u0131\u011f\u0131na toslad\u0131\u011f\u0131 ABD\u2019den, Arap Devriminin b\u00fcy\u00fck umutlar uyand\u0131rd\u0131\u011f\u0131, ancak bu siyasi devrimlerin kad\u0131n ve \u00e7ocuk ya\u015ftaki k\u0131zlar\u0131n temel haklar\u0131n\u0131 elde etmesi i\u00e7in yetersiz kald\u0131\u011f\u0131, hatta bu haklar\u0131 daha da k\u0131rpma ihtimali do\u011furdu\u011fu a\u00e7\u0131k\u00e7a ortaya \u00e7\u0131kan Ortado\u011fu\u2019ya dek uzan\u0131yor.K\u00fcresel kad\u0131n haklar\u0131 hareketinin ve uluslararas\u0131 insan haklar\u0131 s\u00f6yleminin modern k\u00f6kenlerini ve son otuz k\u0131rk y\u0131ld\u0131r d\u00fcnya genelinde kad\u0131n ve \u00e7ocuk ya\u015ftaki k\u0131zlar\u0131n hayat ko\u015fullar\u0131nda ya\u015fanan ilerleme ve gerilemeleri mercek alt\u0131na ald\u0131\u011f\u0131m\u0131z bu kitapta, kad\u0131nlar\u0131n m\u00fclk haklar\u0131, sava\u015f su\u00e7u olarak tecav\u00fcz, silahl\u0131 \u00e7at\u0131\u015fman\u0131n kad\u0131n ve \u00e7ocuk ya\u015flar\u0131ndaki k\u0131zlar \u00fczerindeki etkileri, g\u00f6\u00e7men kad\u0131nlara y\u00f6nelik \u015fiddet, ev i\u015f\u00e7ilerinin haklar\u0131 gibi acil \u00e7\u00f6z\u00fcm bekleyen kad\u0131n haklar\u0131 sorunlar\u0131 masaya yat\u0131r\u0131l\u0131yor.<\/p>\n","protected":false},"excerpt":{"rendered":"<p>Kad\u0131n haklar\u0131 hareketinin ortaya \u00e7\u0131k\u0131\u015f\u0131ndan bu yana, d\u00fcnyan\u0131n bir\u00e7ok yerinde, cephede muazzam mesafeler kat edildi\u011fi bir ger\u00e7ek. Gelgelelim, halen \u00e7ocuk ya\u015fta evlendirilen, seks k\u00f6leli\u011fine zorlanan, s\u00fcr\u00fcklenen,<span class=\"excerpt-hellip\"> [\u2026]<\/span><\/p>\n","protected":false},"featured_media":0,"template":"","meta":{"_monsterinsights_skip_tracking":false,"_monsterinsights_sitenote_active":false,"_monsterinsights_sitenote_note":"","_monsterinsights_sitenote_category":0},"product_brand":[],"product_cat":[14741,13488],"product_tag":[],"class_list":{"0":"post-731006","1":"product","2":"type-product","3":"status-publish","5":"product_cat-kadin-sorunlari-feminizm","6":"product_cat-toplum-ve-insan","7":"pa_cilt-ciltsiz","8":"pa_tur-kitap","9":"pa_yayinevi-sumer-yayin","10":"pa_yazar-sumer-yayin-kolektif","12":"first","13":"instock","14":"sale","15":"shipping-taxable","16":"purchasable","17":"product-type-simple"},"_links":{"self":[{"href":"https:\/\/roveyayinevi.com.tr\/index.php\/wp-json\/wp\/v2\/product\/731006","targetHints":{"allow":["GET"]}}],"collection":[{"href":"https:\/\/roveyayinevi.com.tr\/index.php\/wp-json\/wp\/v2\/product"}],"about":[{"href":"https:\/\/roveyayinevi.com.tr\/index.php\/wp-json\/wp\/v2\/types\/product"}],"wp:attachment":[{"href":"https:\/\/roveyayinevi.com.tr\/index.php\/wp-json\/wp\/v2\/media?parent=731006"}],"wp:term":[{"taxonomy":"product_brand","embeddable":true,"href":"https:\/\/roveyayinevi.com.tr\/index.php\/wp-json\/wp\/v2\/product_brand?post=731006"},{"taxonomy":"product_cat","embeddable":true,"href":"https:\/\/roveyayinevi.com.tr\/index.php\/wp-json\/wp\/v2\/product_cat?post=731006"},{"taxonomy":"product_tag","embeddable":true,"href":"https:\/\/roveyayinevi.com.tr\/index.php\/wp-json\/wp\/v2\/product_tag?post=731006"}],"curies":[{"name":"wp","href":"https:\/\/api.w.org\/{rel}","templated":true}]}}