{"id":731003,"date":"2025-08-27T21:23:56","date_gmt":"2025-08-27T18:23:56","guid":{"rendered":"https:\/\/roveyayinevi.com.tr\/index.php\/urun\/funny-mat-mini-set-bugun-hava-nasil\/"},"modified":"2026-04-16T02:38:57","modified_gmt":"2026-04-15T23:38:57","slug":"funny-mat-mini-set-bugun-hava-nasil","status":"publish","type":"product","link":"https:\/\/roveyayinevi.com.tr\/index.php\/urun\/funny-mat-mini-set-bugun-hava-nasil\/","title":{"rendered":"Funny Mat Mini Set &#8211; Bug\u00fcn Hava Nas\u0131l?"},"content":{"rendered":"<p>Set, \u00e7ocuklar\u0131n kendilerine ve do\u011faya kar\u015f\u0131 fak\u0131ndal\u0131k geli\u015ftirmelerini hedefliyor. \u00c7ocuklar, her g\u00fcn hava durumunu g\u00f6zlemliyorlar. Buna uygun giysilerin neler olabilece\u011fini d\u00fc\u015f\u00fcn\u00fcyor, se\u00e7iyor ve boyuyorlar. Se\u00e7im yapma sorumlulu\u011funu deneyimliyorlar. Hem de e\u011flenceli bir aktivite ile. \u00dcstelik bu oyun her g\u00fcn yeni ba\u015ftan kuruluyor.Funny Mat Mini Set, \u00e7ocuklar\u0131n bili\u015fsel, sosyal ve sanatsal becerilerinin geli\u015fimine katk\u0131 sa\u011flar. Yarat\u0131c\u0131 d\u00fc\u015f\u00fcnme g\u00fcc\u00fcne destek olur.Ayr\u0131ca ince motor geli\u015fimlerini h\u0131zland\u0131r\u0131r. E\u011flenceli, e\u011fitici ve sanatsal \u00f6geler i\u00e7erir.Set i\u00e7erisinde 6 farkl\u0131 y\u0131kanabilir sayfa yer al\u0131r. \u0130lk sayfa yarat\u0131c\u0131 etkinlikler i\u00e7in bo\u015f olarak haz\u0131rlanm\u0131\u015ft\u0131r. \u00c7ocuk bu sayfay\u0131 istedi\u011fi gibi yazar, \u00e7izer ve boyar. Di\u011fer 5 sayfa ise aktivite ile uyumlu \u00e7izimlerden olu\u015fur.\u00c7ocuk d\u00fc\u015f\u00fcn\u00fcr, eklemeler yapar, boyar, yazar, \u00e7izer. Funny Mat Mini Set su bazl\u0131 ke\u00e7eli kalemle kullan\u0131l\u0131r ve suyla kolayca y\u0131kan\u0131r ya da \u0131slak mendille silinir. \u0130stenirse yumu\u015fak kuru boya kalemleriyle de kullan\u0131labilir ve silgiyle silinebilir.B\u00f6ylece defalarca kullanmak m\u00fcmk\u00fcn olur. Evde, okulda, tatilde, seyahatlerde rahat\u00e7a kullanabilecek boyutlarda haz\u0131rlanm\u0131\u015ft\u0131r. Yarat\u0131c\u0131, e\u011fitici ve e\u011flencelidir.<\/p>\n","protected":false},"excerpt":{"rendered":"<p>Set, \u00e7ocuklar\u0131n kendilerine ve do\u011faya kar\u015f\u0131 fak\u0131ndal\u0131k geli\u015ftirmelerini hedefliyor. \u00c7ocuklar, her g\u00fcn hava durumunu g\u00f6zlemliyorlar. Buna uygun giysilerin neler olabilece\u011fini d\u00fc\u015f\u00fcn\u00fcyor, se\u00e7iyor ve boyuyorlar. Se\u00e7im yapma<span class=\"excerpt-hellip\"> [\u2026]<\/span><\/p>\n","protected":false},"featured_media":0,"template":"","meta":{"_monsterinsights_skip_tracking":false,"_monsterinsights_sitenote_active":false,"_monsterinsights_sitenote_note":"","_monsterinsights_sitenote_category":0},"product_brand":[],"product_cat":[12913,12274],"product_tag":[],"class_list":{"0":"post-731003","1":"product","2":"type-product","3":"status-publish","5":"product_cat-3-6-yas-kitaplari","6":"product_cat-cocuk-ve-genclik-kitaplari","7":"pa_cilt-ciltsiz","8":"pa_tur-kitap20","9":"pa_yayinevi-akademi-cocuk-funny-mat","10":"pa_yazar-akademi-cocuk-kolektif","12":"first","13":"instock","14":"sale","15":"shipping-taxable","16":"purchasable","17":"product-type-simple"},"_links":{"self":[{"href":"https:\/\/roveyayinevi.com.tr\/index.php\/wp-json\/wp\/v2\/product\/731003","targetHints":{"allow":["GET"]}}],"collection":[{"href":"https:\/\/roveyayinevi.com.tr\/index.php\/wp-json\/wp\/v2\/product"}],"about":[{"href":"https:\/\/roveyayinevi.com.tr\/index.php\/wp-json\/wp\/v2\/types\/product"}],"wp:attachment":[{"href":"https:\/\/roveyayinevi.com.tr\/index.php\/wp-json\/wp\/v2\/media?parent=731003"}],"wp:term":[{"taxonomy":"product_brand","embeddable":true,"href":"https:\/\/roveyayinevi.com.tr\/index.php\/wp-json\/wp\/v2\/product_brand?post=731003"},{"taxonomy":"product_cat","embeddable":true,"href":"https:\/\/roveyayinevi.com.tr\/index.php\/wp-json\/wp\/v2\/product_cat?post=731003"},{"taxonomy":"product_tag","embeddable":true,"href":"https:\/\/roveyayinevi.com.tr\/index.php\/wp-json\/wp\/v2\/product_tag?post=731003"}],"curies":[{"name":"wp","href":"https:\/\/api.w.org\/{rel}","templated":true}]}}