{"id":731001,"date":"2025-08-27T21:23:54","date_gmt":"2025-08-27T18:23:54","guid":{"rendered":"https:\/\/roveyayinevi.com.tr\/index.php\/urun\/hainin-oyunu-serisi-kutulu-set-ciltli\/"},"modified":"2026-04-16T02:38:57","modified_gmt":"2026-04-15T23:38:57","slug":"hainin-oyunu-serisi-kutulu-set-ciltli","status":"publish","type":"product","link":"https:\/\/roveyayinevi.com.tr\/index.php\/urun\/hainin-oyunu-serisi-kutulu-set-ciltli\/","title":{"rendered":"Hainin Oyunu Serisi Kutulu Set (Ciltli)"},"content":{"rendered":"<p>1- Hainin Oyunu 2- D\u00fczenbaz\u0131n Kalbi 3- Sava\u015f\u00e7\u0131n\u0131n LanetiHainin Oyununda kazanmaktan ba\u015fka \u015fans\u0131n yok.   \u201cHer sayfada artan gerilimiyle, son kitaba do\u011fru nefes kesen bir yolculuk.\u201d\u2014Booklist   \u201cS\u0131radaki b\u00fcy\u00fck gen\u00e7 yeti\u015fkin \u00e7\u0131lg\u0131nl\u0131\u011f\u0131.\u201d\u2014Entertainment Weekly   \u201cHer ters k\u00f6\u015fede a\u011fz\u0131n\u0131z a\u00e7\u0131k kalacak.\u201d\u2014Justine Magazine   \u201cNielsen, hik\u00e2ye boyunca gerilimi belirli bir seviyede tutarken bir yandan da okuru savunmas\u0131z yakalamak konusunda m\u00fcthi\u015f bir i\u015f \u00e7\u0131karm\u0131\u015f. En zor be\u011fenen okurlar bile tatmin olacak.\u201d\u2014School Library Journal <\/p>\n","protected":false},"excerpt":{"rendered":"<p>1- Hainin Oyunu 2- D\u00fczenbaz\u0131n Kalbi 3- Sava\u015f\u00e7\u0131n\u0131n LanetiHainin Oyununda kazanmaktan ba\u015fka \u015fans\u0131n yok. \u201cHer sayfada artan gerilimiyle, son kitaba do\u011fru nefes kesen bir yolculuk.\u201d\u2014Booklist \u201cS\u0131radaki<span class=\"excerpt-hellip\"> [\u2026]<\/span><\/p>\n","protected":false},"featured_media":0,"template":"","meta":{"_monsterinsights_skip_tracking":false,"_monsterinsights_sitenote_active":false,"_monsterinsights_sitenote_note":"","_monsterinsights_sitenote_category":0},"product_brand":[],"product_cat":[12291,14777],"product_tag":[],"class_list":{"0":"post-731001","1":"product","2":"type-product","3":"status-publish","5":"product_cat-edebiyat","6":"product_cat-fantastik","7":"pa_cilt-set","8":"pa_tur-kitap","9":"pa_yayinevi-yabanci-yayinevi","10":"pa_yazar-jennifer-a-nielsen","12":"first","13":"instock","14":"sale","15":"shipping-taxable","16":"purchasable","17":"product-type-simple"},"_links":{"self":[{"href":"https:\/\/roveyayinevi.com.tr\/index.php\/wp-json\/wp\/v2\/product\/731001","targetHints":{"allow":["GET"]}}],"collection":[{"href":"https:\/\/roveyayinevi.com.tr\/index.php\/wp-json\/wp\/v2\/product"}],"about":[{"href":"https:\/\/roveyayinevi.com.tr\/index.php\/wp-json\/wp\/v2\/types\/product"}],"wp:attachment":[{"href":"https:\/\/roveyayinevi.com.tr\/index.php\/wp-json\/wp\/v2\/media?parent=731001"}],"wp:term":[{"taxonomy":"product_brand","embeddable":true,"href":"https:\/\/roveyayinevi.com.tr\/index.php\/wp-json\/wp\/v2\/product_brand?post=731001"},{"taxonomy":"product_cat","embeddable":true,"href":"https:\/\/roveyayinevi.com.tr\/index.php\/wp-json\/wp\/v2\/product_cat?post=731001"},{"taxonomy":"product_tag","embeddable":true,"href":"https:\/\/roveyayinevi.com.tr\/index.php\/wp-json\/wp\/v2\/product_tag?post=731001"}],"curies":[{"name":"wp","href":"https:\/\/api.w.org\/{rel}","templated":true}]}}