{"id":731000,"date":"2025-08-27T21:23:53","date_gmt":"2025-08-27T18:23:53","guid":{"rendered":"https:\/\/roveyayinevi.com.tr\/index.php\/urun\/charlotte-holmes-serisi-kutulu-set-ciltli\/"},"modified":"2026-04-16T02:38:57","modified_gmt":"2026-04-15T23:38:57","slug":"charlotte-holmes-serisi-kutulu-set-ciltli","status":"publish","type":"product","link":"https:\/\/roveyayinevi.com.tr\/index.php\/urun\/charlotte-holmes-serisi-kutulu-set-ciltli\/","title":{"rendered":"Charlotte Holmes Serisi  Kutulu Set (Ciltli)"},"content":{"rendered":"<p>1- Charlotte Holmes Dosyas\u0131 2- August\u2019un Sonu 3- Jamie\u2019nin Davas\u0131 4- Bir Holmes MeselesiWatson ve Holmes:Belan\u0131n ortas\u0131ndaki muhte\u015fem ikili. \u201cElementary ve Sherlock gibi dizilerin hayranlar\u0131 bu kitab\u0131 yalay\u0131p yutacak\u2026 edebiyat d\u00fcnyas\u0131n\u0131n en sevilen ikililerinden birini tekrar okumak i\u00e7in harika bir mazeret.\u201d\u2014Booklist <\/p>\n","protected":false},"excerpt":{"rendered":"<p>1- Charlotte Holmes Dosyas\u0131 2- August\u2019un Sonu 3- Jamie\u2019nin Davas\u0131 4- Bir Holmes MeselesiWatson ve Holmes:Belan\u0131n ortas\u0131ndaki muhte\u015fem ikili. \u201cElementary ve Sherlock gibi dizilerin hayranlar\u0131 bu<span class=\"excerpt-hellip\"> [\u2026]<\/span><\/p>\n","protected":false},"featured_media":0,"template":"","meta":{"_monsterinsights_skip_tracking":false,"_monsterinsights_sitenote_active":false,"_monsterinsights_sitenote_note":"","_monsterinsights_sitenote_category":0},"product_brand":[],"product_cat":[12291,15445],"product_tag":[],"class_list":{"0":"post-731000","1":"product","2":"type-product","3":"status-publish","5":"product_cat-edebiyat","6":"product_cat-polisiye","7":"pa_cilt-set","8":"pa_tur-kitap","9":"pa_yayinevi-yabanci-yayinevi","10":"pa_yazar-brittany-cavallaro","12":"first","13":"instock","14":"sale","15":"shipping-taxable","16":"purchasable","17":"product-type-simple"},"_links":{"self":[{"href":"https:\/\/roveyayinevi.com.tr\/index.php\/wp-json\/wp\/v2\/product\/731000","targetHints":{"allow":["GET"]}}],"collection":[{"href":"https:\/\/roveyayinevi.com.tr\/index.php\/wp-json\/wp\/v2\/product"}],"about":[{"href":"https:\/\/roveyayinevi.com.tr\/index.php\/wp-json\/wp\/v2\/types\/product"}],"wp:attachment":[{"href":"https:\/\/roveyayinevi.com.tr\/index.php\/wp-json\/wp\/v2\/media?parent=731000"}],"wp:term":[{"taxonomy":"product_brand","embeddable":true,"href":"https:\/\/roveyayinevi.com.tr\/index.php\/wp-json\/wp\/v2\/product_brand?post=731000"},{"taxonomy":"product_cat","embeddable":true,"href":"https:\/\/roveyayinevi.com.tr\/index.php\/wp-json\/wp\/v2\/product_cat?post=731000"},{"taxonomy":"product_tag","embeddable":true,"href":"https:\/\/roveyayinevi.com.tr\/index.php\/wp-json\/wp\/v2\/product_tag?post=731000"}],"curies":[{"name":"wp","href":"https:\/\/api.w.org\/{rel}","templated":true}]}}