{"id":730998,"date":"2025-08-27T21:23:51","date_gmt":"2025-08-27T18:23:51","guid":{"rendered":"https:\/\/roveyayinevi.com.tr\/index.php\/urun\/daha-olu-olamazdi-ciltli\/"},"modified":"2026-04-16T02:38:57","modified_gmt":"2026-04-15T23:38:57","slug":"daha-olu-olamazdi-ciltli","status":"publish","type":"product","link":"https:\/\/roveyayinevi.com.tr\/index.php\/urun\/daha-olu-olamazdi-ciltli\/","title":{"rendered":"Daha \u00d6l\u00fc Olamazd\u0131 (Ciltli)"},"content":{"rendered":"<p>Alexis\u2019in, Lydia Small\u2019un \u00f6l\u00fcm\u00fcne tan\u0131k olu\u015funun \u00fczerinden \u00fc\u00e7 ay ge\u00e7mi\u015fti ve art\u0131k tek istedi\u011fi normal hayat\u0131na d\u00f6nebilmekti. Fakat normal insanlar bir foto\u011frafa bakt\u0131klar\u0131nda, asl\u0131nda orada olmayan ki\u015fileri g\u00f6rmezdi. Normal insanlara arkada\u015flar\u0131n\u0131n hayaletleri musallat olmaz ya da korkun\u00e7 sald\u0131r\u0131lara u\u011framazlard\u0131.   Ba\u015flarda her \u015fey bir intikam plan\u0131 gibiydi. \u00d6zellikle de okuldan bir k\u0131z kayboldu\u011funda ve ard\u0131nda sar\u0131 g\u00fcller bulundu\u011funda bundan emin olmu\u015flard\u0131. \u00c7ok ge\u00e7meden, art\u0131k kimsenin g\u00fcvende olmad\u0131\u011f\u0131 ve onlar\u0131 sadece Alexis\u2019in kurtarabilece\u011fi ortaya \u00e7\u0131km\u0131\u015ft\u0131. Ancak bu sefer d\u00fc\u015fman hi\u00e7 olmad\u0131\u011f\u0131 kadar g\u00fc\u00e7l\u00fcyd\u00fc.   Kader onlar\u0131, en k\u00f6t\u00fc k\u00e2buslar\u0131nda bile hayal edemeyece\u011fi bi\u00e7imde birbirine ba\u011flam\u0131\u015ft\u0131.   \u201cUnutulmaz ve t\u00fcyler \u00fcrpertici bir anlat\u0131m.\u201d \u2014Voya<\/p>\n","protected":false},"excerpt":{"rendered":"<p>Alexis\u2019in, Lydia Small\u2019un \u00f6l\u00fcm\u00fcne tan\u0131k olu\u015funun \u00fczerinden \u00fc\u00e7 ay ge\u00e7mi\u015fti ve art\u0131k tek istedi\u011fi normal hayat\u0131na d\u00f6nebilmekti. Fakat normal insanlar bir foto\u011frafa bakt\u0131klar\u0131nda, asl\u0131nda orada olmayan<span class=\"excerpt-hellip\"> [\u2026]<\/span><\/p>\n","protected":false},"featured_media":0,"template":"","meta":{"_monsterinsights_skip_tracking":false,"_monsterinsights_sitenote_active":false,"_monsterinsights_sitenote_note":"","_monsterinsights_sitenote_category":0},"product_brand":[],"product_cat":[12291,17033],"product_tag":[],"class_list":{"0":"post-730998","1":"product","2":"type-product","3":"status-publish","5":"product_cat-edebiyat","6":"product_cat-korku-gerilim","7":"pa_cilt-ciltli","8":"pa_tur-kitap","9":"pa_yayinevi-yabanci-yayinevi","10":"pa_yazar-katie-alender","12":"first","13":"instock","14":"sale","15":"shipping-taxable","16":"purchasable","17":"product-type-simple"},"_links":{"self":[{"href":"https:\/\/roveyayinevi.com.tr\/index.php\/wp-json\/wp\/v2\/product\/730998","targetHints":{"allow":["GET"]}}],"collection":[{"href":"https:\/\/roveyayinevi.com.tr\/index.php\/wp-json\/wp\/v2\/product"}],"about":[{"href":"https:\/\/roveyayinevi.com.tr\/index.php\/wp-json\/wp\/v2\/types\/product"}],"wp:attachment":[{"href":"https:\/\/roveyayinevi.com.tr\/index.php\/wp-json\/wp\/v2\/media?parent=730998"}],"wp:term":[{"taxonomy":"product_brand","embeddable":true,"href":"https:\/\/roveyayinevi.com.tr\/index.php\/wp-json\/wp\/v2\/product_brand?post=730998"},{"taxonomy":"product_cat","embeddable":true,"href":"https:\/\/roveyayinevi.com.tr\/index.php\/wp-json\/wp\/v2\/product_cat?post=730998"},{"taxonomy":"product_tag","embeddable":true,"href":"https:\/\/roveyayinevi.com.tr\/index.php\/wp-json\/wp\/v2\/product_tag?post=730998"}],"curies":[{"name":"wp","href":"https:\/\/api.w.org\/{rel}","templated":true}]}}