{"id":730994,"date":"2025-08-27T21:23:48","date_gmt":"2025-08-27T18:23:48","guid":{"rendered":"https:\/\/roveyayinevi.com.tr\/index.php\/urun\/krallarin-son-caresi\/"},"modified":"2026-04-16T02:38:57","modified_gmt":"2026-04-15T23:38:57","slug":"krallarin-son-caresi","status":"publish","type":"product","link":"https:\/\/roveyayinevi.com.tr\/index.php\/urun\/krallarin-son-caresi\/","title":{"rendered":"Krallar\u0131n Son \u00c7aresi"},"content":{"rendered":"<p>Logen Dokuzparmak\u2019\u0131n \u00f6n\u00fcnde son bir d\u00f6v\u00fc\u015f daha kalm\u0131\u015ft\u0131 ama hayli zorlu olacak gibiydi. Sava\u015f b\u00fct\u00fcn Kuzey\u2019i sarm\u0131\u015fken Kuzey\u2019in Kral\u0131 Bethod taht\u0131n\u0131 korumay\u0131 s\u00fcrd\u00fcr\u00fcyordu ve sadece tek bir ki\u015fi onu durdurabilirdi: Eski dostu ve eski d\u00fc\u015fman\u0131 Kanl\u0131 Dokuz\u2019un eve d\u00f6nme vakti gelmi\u015fti.   \u00c7ok fazla efendisi ama \u00e7ok az zaman\u0131 olan \u00dcstat Glokta ise ba\u015fka t\u00fcrden bir m\u00fccadelenin i\u00e7indeydi; kimsenin g\u00fcvende olmad\u0131\u011f\u0131 ve kimseye g\u00fcvenemeyece\u011fi bir tanesinde. \u00dcstelik \u00e7evik bir sava\u015f\u00e7\u0131 oldu\u011fu g\u00fcnler art\u0131k ge\u00e7mi\u015fte kalm\u0131\u015ft\u0131. Neyse ki elindeki silahlarla da en az eskisi kadar \u00f6l\u00fcmc\u00fcl olabilirdi; \u015fantaj, tehdit ve i\u015fkence.   Jezal dan Luthar \u015f\u00f6hret u\u011fra\u015f\u0131n\u0131n gere\u011finden fazla ac\u0131l\u0131 oldu\u011funa karar verip y\u00fcz\u00fcn\u00fc sevdi\u011fi kad\u0131nla ge\u00e7irece\u011fi basit bir hayata \u00e7evirmi\u015fti. Gelgelelim a\u015fk da ac\u0131 dolu olabiliyordu ve \u015f\u00f6hretin, insan\u0131n \u00fczerine yap\u0131\u015fmak gibi bir huyu vard\u0131.   \u0130ttifak Kral\u0131 \u00f6l\u00fcm d\u00f6\u015fe\u011fine d\u00fc\u015fm\u00fc\u015f, k\u00f6yl\u00fcler ba\u015fkald\u0131rm\u0131\u015f ve asiller tac\u0131n pe\u015finde birbirlerine girmi\u015fti. Bu s\u0131rada hi\u00e7 kimse sava\u015f ate\u015finin \u0130ttifak\u2019\u0131n kalbine kadar ula\u015fmas\u0131n\u0131 beklemiyordu. D\u00fcnyay\u0131 yaln\u0131zca Mecuslar\u0131n \u0130lki kurtarabilirdi ama bu kurtulu\u015fun beraberinde getirdi\u011fi riskler de vard\u0131. Yine de \u0130lk Kanun\u2019u \u00e7i\u011fnemekten daha b\u00fcy\u00fck risk olamazd\u0131.   Krallar\u0131n son \u00e7areye ba\u015fvurmas\u0131n\u0131n zaman\u0131 gelmi\u015fti. <\/p>\n","protected":false},"excerpt":{"rendered":"<p>Logen Dokuzparmak\u2019\u0131n \u00f6n\u00fcnde son bir d\u00f6v\u00fc\u015f daha kalm\u0131\u015ft\u0131 ama hayli zorlu olacak gibiydi. Sava\u015f b\u00fct\u00fcn Kuzey\u2019i sarm\u0131\u015fken Kuzey\u2019in Kral\u0131 Bethod taht\u0131n\u0131 korumay\u0131 s\u00fcrd\u00fcr\u00fcyordu ve sadece tek<span class=\"excerpt-hellip\"> [\u2026]<\/span><\/p>\n","protected":false},"featured_media":0,"template":"","meta":{"_monsterinsights_skip_tracking":false,"_monsterinsights_sitenote_active":false,"_monsterinsights_sitenote_note":"","_monsterinsights_sitenote_category":0},"product_brand":[],"product_cat":[12291,14777],"product_tag":[],"class_list":{"0":"post-730994","1":"product","2":"type-product","3":"status-publish","5":"product_cat-edebiyat","6":"product_cat-fantastik","7":"pa_cilt-ciltsiz","8":"pa_tur-kitap","9":"pa_yayinevi-ithaki-yayinlari","10":"pa_yazar-joe-abercrombie","12":"first","13":"instock","14":"sale","15":"shipping-taxable","16":"purchasable","17":"product-type-simple"},"_links":{"self":[{"href":"https:\/\/roveyayinevi.com.tr\/index.php\/wp-json\/wp\/v2\/product\/730994","targetHints":{"allow":["GET"]}}],"collection":[{"href":"https:\/\/roveyayinevi.com.tr\/index.php\/wp-json\/wp\/v2\/product"}],"about":[{"href":"https:\/\/roveyayinevi.com.tr\/index.php\/wp-json\/wp\/v2\/types\/product"}],"wp:attachment":[{"href":"https:\/\/roveyayinevi.com.tr\/index.php\/wp-json\/wp\/v2\/media?parent=730994"}],"wp:term":[{"taxonomy":"product_brand","embeddable":true,"href":"https:\/\/roveyayinevi.com.tr\/index.php\/wp-json\/wp\/v2\/product_brand?post=730994"},{"taxonomy":"product_cat","embeddable":true,"href":"https:\/\/roveyayinevi.com.tr\/index.php\/wp-json\/wp\/v2\/product_cat?post=730994"},{"taxonomy":"product_tag","embeddable":true,"href":"https:\/\/roveyayinevi.com.tr\/index.php\/wp-json\/wp\/v2\/product_tag?post=730994"}],"curies":[{"name":"wp","href":"https:\/\/api.w.org\/{rel}","templated":true}]}}