{"id":730993,"date":"2025-08-27T21:23:46","date_gmt":"2025-08-27T18:23:46","guid":{"rendered":"https:\/\/roveyayinevi.com.tr\/index.php\/urun\/colde-kutup-ayisi\/"},"modified":"2026-04-03T02:46:16","modified_gmt":"2026-04-02T23:46:16","slug":"colde-kutup-ayisi","status":"publish","type":"product","link":"https:\/\/roveyayinevi.com.tr\/index.php\/urun\/colde-kutup-ayisi\/","title":{"rendered":"\u00c7\u00f6lde Kutup Ay\u0131s\u0131"},"content":{"rendered":"<p>Dimitri Verhulst, modern Bel\u00e7ika edebiyat\u0131n\u0131n d\u00fcnyaya kazand\u0131rd\u0131\u011f\u0131, yirmi birinci y\u00fczy\u0131l\u0131n en sivri dilli ve en sansasyonel romanc\u0131lar\u0131ndan. Tabiri caizse, edebiyat\u0131n haylaz \u00e7ocu\u011fu. Kalemini bir \u00e7eki\u00e7 gibi kullanmaktan \u00e7ekinmeyen bir yazar. \u0130lk olarak Avrupa\u2019daki m\u00fclteci meselesini i\u015fledi\u011fi Problemski Hotel\u2019le ad\u0131n\u0131 duyuran, sonralar\u0131 pek \u00e7ok ayk\u0131r\u0131l\u0131kla su\u00e7lanan Verhulst, mahkeme salonlar\u0131n\u0131n da gediklisi.   Flandre\u2019de bir yerde, unutulmu\u015f bir k\u00f6yde, \u00e7ocu\u011fun biri babas\u0131 ve \u00fc\u00e7 amcas\u0131yla birlikte b\u00fcy\u00fckannesinin evinde ya\u015f\u0131yor. Hepsi de kaba saba, g\u00f6rg\u00fcs\u00fcz ve alkolik. Toplumsal s\u0131n\u0131f\u0131n dibine demir atm\u0131\u015f ve hayattan beklentisi olmayan bu ailenin hayat\u0131 ger\u00e7ek bir ke\u015fmeke\u015f. Yar\u0131 otobiyografik roman\u0131nda Verhulst g\u00f6rg\u00fc kurallar\u0131ndan ve utan\u00e7tan yoksun, yabanc\u0131la\u015fman\u0131n ve sosyal mahrumiyetin ba\u015f\u0131 \u00e7ekti\u011fi melankolik bir d\u00fcnyay\u0131 anlat\u0131yor. Beyaz perdeye de uyarlanan \u00c7\u00f6lde Kutup Ay\u0131s\u0131, i\u015fe yaramazl\u0131\u011f\u0131n, \u00f6tekili\u011fin, alkolizmin, kavga d\u00f6v\u00fc\u015f\u00fcn ve terk edilmi\u015fli\u011fin roman\u0131.   \u201cDo\u011fal, ger\u00e7ek\u00e7i, bir ailenin olumsuz yanlar\u0131n\u0131 zerre gizlemeden resmeden bir kitap.\u201d \u2013Booklist   \u201c\u0130nsan\u0131n nevrini d\u00f6nd\u00fcren ve merak\u0131n\u0131 uyand\u0131ran bir roman.\u201d \u2013The Guardian   Erhan G\u00fcrer\u2019in Felemenk\u00e7e asl\u0131ndan \u00e7evirisiyle. <\/p>\n","protected":false},"excerpt":{"rendered":"<p>Dimitri Verhulst, modern Bel\u00e7ika edebiyat\u0131n\u0131n d\u00fcnyaya kazand\u0131rd\u0131\u011f\u0131, yirmi birinci y\u00fczy\u0131l\u0131n en sivri dilli ve en sansasyonel romanc\u0131lar\u0131ndan. Tabiri caizse, edebiyat\u0131n haylaz \u00e7ocu\u011fu. Kalemini bir \u00e7eki\u00e7 gibi<span class=\"excerpt-hellip\"> [\u2026]<\/span><\/p>\n","protected":false},"featured_media":0,"template":"","meta":{"_monsterinsights_skip_tracking":false,"_monsterinsights_sitenote_active":false,"_monsterinsights_sitenote_note":"","_monsterinsights_sitenote_category":0},"product_brand":[],"product_cat":[12291,12711],"product_tag":[],"class_list":{"0":"post-730993","1":"product","2":"type-product","3":"status-publish","5":"product_cat-edebiyat","6":"product_cat-roman-oyku","7":"pa_cilt-ciltsiz","8":"pa_tur-kitap","9":"pa_yayinevi-ithaki-yayinlari","10":"pa_yazar-dimitri-verhulst","12":"first","13":"instock","14":"sale","15":"shipping-taxable","16":"purchasable","17":"product-type-simple"},"_links":{"self":[{"href":"https:\/\/roveyayinevi.com.tr\/index.php\/wp-json\/wp\/v2\/product\/730993","targetHints":{"allow":["GET"]}}],"collection":[{"href":"https:\/\/roveyayinevi.com.tr\/index.php\/wp-json\/wp\/v2\/product"}],"about":[{"href":"https:\/\/roveyayinevi.com.tr\/index.php\/wp-json\/wp\/v2\/types\/product"}],"wp:attachment":[{"href":"https:\/\/roveyayinevi.com.tr\/index.php\/wp-json\/wp\/v2\/media?parent=730993"}],"wp:term":[{"taxonomy":"product_brand","embeddable":true,"href":"https:\/\/roveyayinevi.com.tr\/index.php\/wp-json\/wp\/v2\/product_brand?post=730993"},{"taxonomy":"product_cat","embeddable":true,"href":"https:\/\/roveyayinevi.com.tr\/index.php\/wp-json\/wp\/v2\/product_cat?post=730993"},{"taxonomy":"product_tag","embeddable":true,"href":"https:\/\/roveyayinevi.com.tr\/index.php\/wp-json\/wp\/v2\/product_tag?post=730993"}],"curies":[{"name":"wp","href":"https:\/\/api.w.org\/{rel}","templated":true}]}}