{"id":730992,"date":"2025-08-27T21:23:45","date_gmt":"2025-08-27T18:23:45","guid":{"rendered":"https:\/\/roveyayinevi.com.tr\/index.php\/urun\/disk-dunya-23-carpe-jugulum\/"},"modified":"2026-04-11T02:47:37","modified_gmt":"2026-04-10T23:47:37","slug":"disk-dunya-23-carpe-jugulum","status":"publish","type":"product","link":"https:\/\/roveyayinevi.com.tr\/index.php\/urun\/disk-dunya-23-carpe-jugulum\/","title":{"rendered":"Disk D\u00fcnya 23 &#8211; Carpe Jugulum"},"content":{"rendered":"<p>Pusuda bekleyen sivri di\u015fler kan\u0131n\u0131za susam\u0131\u015f olabilir!Efsane yazar S\u00f6r Terry Pratchett&#8217;\u0131n benzersiz yarat\u0131m\u0131 \u201cDiskd\u00fcnya\u201d serisinin ilk kez T\u00fcrk\u00e7eye \u00e7evrilen yeni kitab\u0131 Carpe Jugulum, g\u00fcn\u00fc \u201cg\u0131rtla\u011f\u0131ndan\u201d yakalamay\u0131 kendilerine \u015fiar edinmi\u015f vampirleri sahneye s\u00fcren, edeb\u00ee at\u0131flar\u0131yla g\u00fcld\u00fcren, karanl\u0131k ve kan dolu bir macera!D\u00fcnya \u00e7ap\u0131nda 100 milyonun \u00fczerinde satan k\u00fclliyat\u0131n yirmi \u00fc\u00e7\u00fcnc\u00fc halkas\u0131 olan kitap, \u201cCad\u0131lar\u201d alt serisinin de alt\u0131nc\u0131 ve son ser\u00fcveni.Kana susam\u0131\u015f sivri di\u015flilerin ve vampir g\u00f6r\u00fcn\u00fcml\u00fc nice ki\u015filerin ya\u015fam\u0131m\u0131za nas\u0131l da \u00e7akt\u0131rmadan s\u0131zabileceklerini g\u00f6zler \u00f6n\u00fcne seren bu sar\u0131msak kokulu roman, edebiyat ve sineman\u0131n en kanl\u0131 \u00fcyelerini parodile\u015ftiren sat\u0131rlar\u0131yla, mitolojiden g\u00fcn\u00fcm\u00fcze vampir k\u00fclt\u00fcr\u00fcn\u00fc yeniden anlat\u0131yor. En iyi hendekleri siz kazarsan\u0131z, elinize daha b\u00fcy\u00fck bir k\u00fcrek tutu\u015ftururlar. Sonunda size de bu \u00e7\u0131plak duvarlar, bu \u00e7\u0131plak yer, bu so\u011fuk kul\u00fcbe kal\u0131r&#8230; Lancre Krall\u0131\u011f\u0131&#8217;n\u0131 tatl\u0131 bir tela\u015f sar\u0131yor, zira kraliyet ailesi ilk \u00e7ocuklar\u0131na kavu\u015fuyor. Her \u015fey yolunda ak\u0131p giderken, \u00e7ocu\u011fun isim g\u00fcn\u00fc yakla\u015f\u0131yor. Tabii bu g\u00fcn\u00fcn en \u00f6nemli konu\u011fu, hayat\u0131n\u0131 se\u00e7imler yaparak ge\u00e7iren bir cad\u0131: Esmerelda Havamumu. Oysa basit bir yanl\u0131\u015f anla\u015f\u0131lma, egosu kaya kadar sert Havamumu Nine&#8217;yi k\u00fcst\u00fcrmeye de yetebiliyor. \u00dcstelik \u015fimdi, Uberwaldliler de onun zihninin dehlizlerine iniyor&#8230; Vampirler hakk\u0131nda herkesin bildi\u011fi pek \u00e7ok \u015fey vard\u0131r. Fakat hi\u00e7 kimse, bunlar\u0131 art\u0131k vampirlerin de \u00f6\u011frenmi\u015f olabilece\u011fi ger\u00e7e\u011fini hesaba katmaz. Diskd\u00fcnya&#8217;n\u0131n t\u00fcm di\u011fer sakinleri gibi vampirleri de nevi \u015fahs\u0131na m\u00fcnhas\u0131r yarat\u0131klar. \u00d6\u011freniyorlar. De\u011fi\u015fiyorlar. Ve de\u011fi\u015firken fazlas\u0131yla da geli\u015fiyorlar. L\u00e2kin kar\u015f\u0131lar\u0131ndaki g\u00fcc\u00fc g\u00f6rmezden gelerek, kendileriyle \u00e7eli\u015fiyorlar&#8230; Niran El\u00e7i&#8217;nin p\u00fcr\u00fczs\u00fcz dili ve Delidolu&#8217;nun \u00f6zenli bask\u0131s\u0131yla T\u00fcrk\u00e7ede ilk kez yay\u0131mlanan Carpe Jugulum (G\u0131rtla\u011f\u0131 Yakala), g\u00fcn\u00fc ve \u00e7a\u011f\u0131 yakalama heveslisi vampirleri ve erdemlikle y\u00fcklenmi\u015f cad\u0131lar\u0131 e\u015fsiz bir kurguda birle\u015ftirerek yine kahkahalarla okunacak bir anlat\u0131 sunuyor. Bizim ba\u015f\u0131m\u0131za asla bir \u015fey gelmez. Bunu sak\u0131n unutma. Biz, ba\u015fkalar\u0131n\u0131n ba\u015f\u0131na geliriz.<\/p>\n","protected":false},"excerpt":{"rendered":"<p>Pusuda bekleyen sivri di\u015fler kan\u0131n\u0131za susam\u0131\u015f olabilir!Efsane yazar S\u00f6r Terry Pratchett&#8217;\u0131n benzersiz yarat\u0131m\u0131 \u201cDiskd\u00fcnya\u201d serisinin ilk kez T\u00fcrk\u00e7eye \u00e7evrilen yeni kitab\u0131 Carpe Jugulum, g\u00fcn\u00fc \u201cg\u0131rtla\u011f\u0131ndan\u201d yakalamay\u0131<span class=\"excerpt-hellip\"> [\u2026]<\/span><\/p>\n","protected":false},"featured_media":0,"template":"","meta":{"_monsterinsights_skip_tracking":false,"_monsterinsights_sitenote_active":false,"_monsterinsights_sitenote_note":"","_monsterinsights_sitenote_category":0},"product_brand":[],"product_cat":[12291,12711],"product_tag":[],"class_list":{"0":"post-730992","1":"product","2":"type-product","3":"status-publish","5":"product_cat-edebiyat","6":"product_cat-roman-oyku","7":"pa_cilt-ciltsiz","8":"pa_tur-kitap","9":"pa_yayinevi-delidolu","10":"pa_yazar-terry-pratchett","12":"first","13":"instock","14":"sale","15":"shipping-taxable","16":"purchasable","17":"product-type-simple"},"_links":{"self":[{"href":"https:\/\/roveyayinevi.com.tr\/index.php\/wp-json\/wp\/v2\/product\/730992","targetHints":{"allow":["GET"]}}],"collection":[{"href":"https:\/\/roveyayinevi.com.tr\/index.php\/wp-json\/wp\/v2\/product"}],"about":[{"href":"https:\/\/roveyayinevi.com.tr\/index.php\/wp-json\/wp\/v2\/types\/product"}],"wp:attachment":[{"href":"https:\/\/roveyayinevi.com.tr\/index.php\/wp-json\/wp\/v2\/media?parent=730992"}],"wp:term":[{"taxonomy":"product_brand","embeddable":true,"href":"https:\/\/roveyayinevi.com.tr\/index.php\/wp-json\/wp\/v2\/product_brand?post=730992"},{"taxonomy":"product_cat","embeddable":true,"href":"https:\/\/roveyayinevi.com.tr\/index.php\/wp-json\/wp\/v2\/product_cat?post=730992"},{"taxonomy":"product_tag","embeddable":true,"href":"https:\/\/roveyayinevi.com.tr\/index.php\/wp-json\/wp\/v2\/product_tag?post=730992"}],"curies":[{"name":"wp","href":"https:\/\/api.w.org\/{rel}","templated":true}]}}