{"id":730989,"date":"2025-08-27T21:23:43","date_gmt":"2025-08-27T18:23:43","guid":{"rendered":"https:\/\/roveyayinevi.com.tr\/index.php\/urun\/vakif-ve-dunya\/"},"modified":"2026-04-16T02:38:57","modified_gmt":"2026-04-15T23:38:57","slug":"vakif-ve-dunya","status":"publish","type":"product","link":"https:\/\/roveyayinevi.com.tr\/index.php\/urun\/vakif-ve-dunya\/","title":{"rendered":"Vak\u0131f ve D\u00fcnya"},"content":{"rendered":"<p>1941 y\u0131l\u0131nda gen\u00e7 bir biliminsan\u0131 ve yazar olarak Isaac Asimov, Edward Gibbon\u2019\u0131n yazd\u0131\u011f\u0131 Roma \u0130mparatorlu\u011fu&#8217;nun Gerileyi\u015f ve \u00c7\u00f6k\u00fc\u015f Tarihi\u2019nden etkilenerek \u00e7a\u011f\u0131n\u0131n \u00e7ok \u00f6tesinde bir destan yazd\u0131: Galaktik \u0130mparatorluk\u2019un \u00e7\u00f6k\u00fc\u015f\u00fc ve feodalizmin d\u00f6n\u00fc\u015f\u00fc, \u0130kinci Galaktik \u0130mparatorluk d\u00f6nemindeki g\u00fcvenli ortamdan ge\u00e7mi\u015fe bakan bir bak\u0131\u015f a\u00e7\u0131s\u0131yla anlat\u0131ld\u0131. \u0130\u015fte bu s\u00fcre\u00e7 sonucunda \u201cTarih tahmin edilebilir mi?\u201d, \u201cToplum nas\u0131l y\u00f6netilmeli?\u201d ya da \u201c\u0130mparatorluklar neden y\u00fckselir ve \u00e7\u00f6ker?\u201d gibi sorular\u0131 sormaktan \u00e7ekinmeyen destans\u0131 Vak\u0131f Serisi ortaya \u00e7\u0131kt\u0131.Golan Trevize, \u0130kinci \u0130mparatorluk ile Galaksiya aras\u0131nda se\u00e7imini m\u00fccadeleci bireylerin, uluslar\u0131n ve gezegenlerin anar\u015fisi yerine Galaksiya\u2019dan, t\u00fcm insanl\u0131\u011f\u0131n kolektif bir bilinci payla\u015faca\u011f\u0131 \u00fctopik bir gelecekten yana kullanm\u0131\u015ft\u0131. Ama do\u011fru se\u00e7imi yapt\u0131\u011f\u0131ndan emin de\u011fildi. \u00d6\u011frenmek i\u00e7in yapmas\u0131 gereken ise ya\u015fanmaz bir vaziyette oldu\u011fu ve terk edildi\u011fi s\u00f6ylenen, insanl\u0131\u011f\u0131n ilk gezegeni D\u00fcnya\u2019y\u0131 bulmakt\u0131. Pelorat ve Bliss\u2019le birlikte, bilgi edinmek i\u00e7in haritalardan \u00e7\u0131kar\u0131lm\u0131\u015f \u00fc\u00e7 Uzayc\u0131 gezegeninin yolunu tutan Trevize robotlarla, vah\u015fi yarat\u0131klarla, tuhaf topluluklarla ve Galaksi\u2019nin s\u0131rlar\u0131yla kar\u015f\u0131la\u015f\u0131rken D\u00fcnya\u2019yla ilgili gizemi aralayacakt\u0131. <\/p>\n","protected":false},"excerpt":{"rendered":"<p>1941 y\u0131l\u0131nda gen\u00e7 bir biliminsan\u0131 ve yazar olarak Isaac Asimov, Edward Gibbon\u2019\u0131n yazd\u0131\u011f\u0131 Roma \u0130mparatorlu\u011fu&#8217;nun Gerileyi\u015f ve \u00c7\u00f6k\u00fc\u015f Tarihi\u2019nden etkilenerek \u00e7a\u011f\u0131n\u0131n \u00e7ok \u00f6tesinde bir destan yazd\u0131:<span class=\"excerpt-hellip\"> [\u2026]<\/span><\/p>\n","protected":false},"featured_media":0,"template":"","meta":{"_monsterinsights_skip_tracking":false,"_monsterinsights_sitenote_active":false,"_monsterinsights_sitenote_note":"","_monsterinsights_sitenote_category":0},"product_brand":[],"product_cat":[12540,12291],"product_tag":[],"class_list":{"0":"post-730989","1":"product","2":"type-product","3":"status-publish","5":"product_cat-bilim-kurgu","6":"product_cat-edebiyat","7":"pa_cilt-ciltsiz","8":"pa_tur-kitap","9":"pa_yayinevi-ithaki-yayinlari","10":"pa_yazar-isaac-asimov","12":"first","13":"instock","14":"sale","15":"shipping-taxable","16":"purchasable","17":"product-type-simple"},"_links":{"self":[{"href":"https:\/\/roveyayinevi.com.tr\/index.php\/wp-json\/wp\/v2\/product\/730989","targetHints":{"allow":["GET"]}}],"collection":[{"href":"https:\/\/roveyayinevi.com.tr\/index.php\/wp-json\/wp\/v2\/product"}],"about":[{"href":"https:\/\/roveyayinevi.com.tr\/index.php\/wp-json\/wp\/v2\/types\/product"}],"wp:attachment":[{"href":"https:\/\/roveyayinevi.com.tr\/index.php\/wp-json\/wp\/v2\/media?parent=730989"}],"wp:term":[{"taxonomy":"product_brand","embeddable":true,"href":"https:\/\/roveyayinevi.com.tr\/index.php\/wp-json\/wp\/v2\/product_brand?post=730989"},{"taxonomy":"product_cat","embeddable":true,"href":"https:\/\/roveyayinevi.com.tr\/index.php\/wp-json\/wp\/v2\/product_cat?post=730989"},{"taxonomy":"product_tag","embeddable":true,"href":"https:\/\/roveyayinevi.com.tr\/index.php\/wp-json\/wp\/v2\/product_tag?post=730989"}],"curies":[{"name":"wp","href":"https:\/\/api.w.org\/{rel}","templated":true}]}}