{"id":730988,"date":"2025-08-27T21:23:42","date_gmt":"2025-08-27T18:23:42","guid":{"rendered":"https:\/\/roveyayinevi.com.tr\/index.php\/urun\/lassie-yuvaya-donus-dunya-cocuk-klasikleri\/"},"modified":"2026-04-16T02:38:57","modified_gmt":"2026-04-15T23:38:57","slug":"lassie-yuvaya-donus-dunya-cocuk-klasikleri","status":"publish","type":"product","link":"https:\/\/roveyayinevi.com.tr\/index.php\/urun\/lassie-yuvaya-donus-dunya-cocuk-klasikleri\/","title":{"rendered":"Lassie Yuvaya D\u00f6n\u00fc\u015f D\u00fcnya \u00c7ocuk Klasikleri"},"content":{"rendered":"<p>Neredeyse t\u00fcm Yorkshire\u2019da tan\u0131nan Lassie, gelmi\u015f ge\u00e7mi\u015f en g\u00fczel Collie say\u0131l\u0131rd\u0131. \u00dcstelik sadece g\u00fczel bir k\u00f6pekten fazlas\u0131yd\u0131. O; sad\u0131k, zeki ve son derece dakik bir k\u00f6pekti. \u00d6yle ki, saatinizi ona g\u00f6re ayarlayabilirdiniz. K\u00f6yde, \u201cG\u00fcne\u015f gecikebilir, Lassie asla!\u201d denirdi. Her \u015fey y\u0131llar \u00f6nce, Lassie daha bir yavruyken ba\u015flam\u0131\u015ft\u0131. O g\u00fcn, Carraclough ailesinin en k\u00fc\u00e7\u00fck \u00fcyesi Joe, okuldan eve b\u00fcy\u00fck bir sevin\u00e7le d\u00f6nm\u00fc\u015ft\u00fc, \u201cAnne! Tahmin et ne oldu? Bug\u00fcn okuldan \u00e7\u0131kt\u0131\u011f\u0131mda Lassie beni kap\u0131da bekliyordu!\u201d Lassie o g\u00fcnden sonra her g\u00fcn okul \u00e7\u0131k\u0131\u015f\u0131na gitti ve her zaman ayn\u0131 yerde oturup Joe\u2019yu bekledi. Kul\u00fcbelerinin penceresinden soka\u011f\u0131 seyreden kad\u0131nlar, d\u00fckk\u00e2nlar\u0131n\u0131n \u00f6n\u00fcnde bekleyen esnaf, caddedeki polis memurlar\u0131\u2026 hepsi ama hepsi Lassie\u2019nin ge\u00e7i\u015fini beklerdi. Dakika sektirmezdi. \u0130nsanlar g\u00fcl\u00fcmseyerek \u201cLassie geldi\u011fine g\u00f6re saat d\u00f6rde be\u015f var\u201d derlerdi.<\/p>\n","protected":false},"excerpt":{"rendered":"<p>Neredeyse t\u00fcm Yorkshire\u2019da tan\u0131nan Lassie, gelmi\u015f ge\u00e7mi\u015f en g\u00fczel Collie say\u0131l\u0131rd\u0131. \u00dcstelik sadece g\u00fczel bir k\u00f6pekten fazlas\u0131yd\u0131. O; sad\u0131k, zeki ve son derece dakik bir k\u00f6pekti.<span class=\"excerpt-hellip\"> [\u2026]<\/span><\/p>\n","protected":false},"featured_media":0,"template":"","meta":{"_monsterinsights_skip_tracking":false,"_monsterinsights_sitenote_active":false,"_monsterinsights_sitenote_note":"","_monsterinsights_sitenote_category":0},"product_brand":[],"product_cat":[12275,12274],"product_tag":[],"class_list":{"0":"post-730988","1":"product","2":"type-product","3":"status-publish","5":"product_cat-6-12-yas-kitaplari","6":"product_cat-cocuk-ve-genclik-kitaplari","7":"pa_cilt-ciltsiz","8":"pa_tur-kitap","9":"pa_yayinevi-dorlion-yayinevi","10":"pa_yazar-eric-knight","12":"first","13":"instock","14":"sale","15":"shipping-taxable","16":"purchasable","17":"product-type-simple"},"_links":{"self":[{"href":"https:\/\/roveyayinevi.com.tr\/index.php\/wp-json\/wp\/v2\/product\/730988","targetHints":{"allow":["GET"]}}],"collection":[{"href":"https:\/\/roveyayinevi.com.tr\/index.php\/wp-json\/wp\/v2\/product"}],"about":[{"href":"https:\/\/roveyayinevi.com.tr\/index.php\/wp-json\/wp\/v2\/types\/product"}],"wp:attachment":[{"href":"https:\/\/roveyayinevi.com.tr\/index.php\/wp-json\/wp\/v2\/media?parent=730988"}],"wp:term":[{"taxonomy":"product_brand","embeddable":true,"href":"https:\/\/roveyayinevi.com.tr\/index.php\/wp-json\/wp\/v2\/product_brand?post=730988"},{"taxonomy":"product_cat","embeddable":true,"href":"https:\/\/roveyayinevi.com.tr\/index.php\/wp-json\/wp\/v2\/product_cat?post=730988"},{"taxonomy":"product_tag","embeddable":true,"href":"https:\/\/roveyayinevi.com.tr\/index.php\/wp-json\/wp\/v2\/product_tag?post=730988"}],"curies":[{"name":"wp","href":"https:\/\/api.w.org\/{rel}","templated":true}]}}