{"id":730986,"date":"2025-08-27T21:23:40","date_gmt":"2025-08-27T18:23:40","guid":{"rendered":"https:\/\/roveyayinevi.com.tr\/index.php\/urun\/gece-mavisi\/"},"modified":"2026-04-16T02:38:57","modified_gmt":"2026-04-15T23:38:57","slug":"gece-mavisi","status":"publish","type":"product","link":"https:\/\/roveyayinevi.com.tr\/index.php\/urun\/gece-mavisi\/","title":{"rendered":"Gece Mavisi"},"content":{"rendered":"<p>Gece Mavisi, T\u00fcrk\u00e7enin laf cambaz\u0131 Sal\u00e2h Birsel&#8217;in gen\u00e7lik an\u0131lar\u0131ndan entelekt\u00fcel birikimine yergi yergiledi\u011fi, sergi sergiledi\u011fi, tiyatro ele\u015ftirileriyle birlikte 1001 Gece Denemeleri&#8217;nin belki de en ad\u0131na yara\u015f\u0131r, kapsaml\u0131 ve muteber ciltlerindendir. D\u00fczayak etti\u011fi deneme ve g\u00fcnl\u00fck t\u00fcrlerinin aras\u0131ndaki t\u00fcy kadar hafif ge\u00e7i\u015fler muzip enstantanelerle renklenirken, Birsel&#8217;in edebiyat camias\u0131 i\u00e7erisinde atlatt\u0131\u011f\u0131 badirelerin k\u0131ymeti yine onun e\u015fsiz \u00fcslubuyla ballan\u0131yor.Edebiyata vara varas\u0131 kulluk etmek i\u00e7in bu yolda t\u0131ng\u0131r elek, t\u0131ng\u0131r sa\u00e7 kalmay\u0131 g\u00f6ze alm\u0131\u015f lafazan bir kalem\u015f\u00f6r\u00fcn kat etti\u011fi yollar\u0131 hayranl\u0131kla okuyacak, dobrac\u0131l\u0131\u011f\u0131n, adamsendecili\u011fin, hovardal\u0131\u011f\u0131n b\u00f6ylesi \u00f6l\u00e7\u00fcl\u00fc ve h\u0131nz\u0131r icras\u0131na \u015fapka \u00e7\u0131karacaks\u0131n\u0131z.<\/p>\n","protected":false},"excerpt":{"rendered":"<p>Gece Mavisi, T\u00fcrk\u00e7enin laf cambaz\u0131 Sal\u00e2h Birsel&#8217;in gen\u00e7lik an\u0131lar\u0131ndan entelekt\u00fcel birikimine yergi yergiledi\u011fi, sergi sergiledi\u011fi, tiyatro ele\u015ftirileriyle birlikte 1001 Gece Denemeleri&#8217;nin belki de en ad\u0131na yara\u015f\u0131r,<span class=\"excerpt-hellip\"> [\u2026]<\/span><\/p>\n","protected":false},"featured_media":0,"template":"","meta":{"_monsterinsights_skip_tracking":false,"_monsterinsights_sitenote_active":false,"_monsterinsights_sitenote_note":"","_monsterinsights_sitenote_category":0},"product_brand":[],"product_cat":[12777,12291],"product_tag":[],"class_list":{"0":"post-730986","1":"product","2":"type-product","3":"status-publish","5":"product_cat-deneme","6":"product_cat-edebiyat","7":"pa_cilt-ciltsiz","8":"pa_tur-kitap","9":"pa_yayinevi-sel-yayincilik","10":"pa_yazar-salah-birsel","12":"first","13":"instock","14":"sale","15":"shipping-taxable","16":"purchasable","17":"product-type-simple"},"_links":{"self":[{"href":"https:\/\/roveyayinevi.com.tr\/index.php\/wp-json\/wp\/v2\/product\/730986","targetHints":{"allow":["GET"]}}],"collection":[{"href":"https:\/\/roveyayinevi.com.tr\/index.php\/wp-json\/wp\/v2\/product"}],"about":[{"href":"https:\/\/roveyayinevi.com.tr\/index.php\/wp-json\/wp\/v2\/types\/product"}],"wp:attachment":[{"href":"https:\/\/roveyayinevi.com.tr\/index.php\/wp-json\/wp\/v2\/media?parent=730986"}],"wp:term":[{"taxonomy":"product_brand","embeddable":true,"href":"https:\/\/roveyayinevi.com.tr\/index.php\/wp-json\/wp\/v2\/product_brand?post=730986"},{"taxonomy":"product_cat","embeddable":true,"href":"https:\/\/roveyayinevi.com.tr\/index.php\/wp-json\/wp\/v2\/product_cat?post=730986"},{"taxonomy":"product_tag","embeddable":true,"href":"https:\/\/roveyayinevi.com.tr\/index.php\/wp-json\/wp\/v2\/product_tag?post=730986"}],"curies":[{"name":"wp","href":"https:\/\/api.w.org\/{rel}","templated":true}]}}