{"id":730984,"date":"2025-08-27T21:23:38","date_gmt":"2025-08-27T18:23:38","guid":{"rendered":"https:\/\/roveyayinevi.com.tr\/index.php\/urun\/merhaba-amerika\/"},"modified":"2026-04-16T02:38:57","modified_gmt":"2026-04-15T23:38:57","slug":"merhaba-amerika","status":"publish","type":"product","link":"https:\/\/roveyayinevi.com.tr\/index.php\/urun\/merhaba-amerika\/","title":{"rendered":"Merhaba Amerika"},"content":{"rendered":"<p>Distopik edebiyat\u0131n k\u00fcltle\u015fmi\u015f ismi J.G. Ballard&#8217;dan, &#8220;s\u00fcper g\u00fc\u00e7&#8221; Amerika&#8217;n\u0131n mecburi yeniden ke\u015ffine dair gaipten bir anlat\u0131&#8230;Beklenen son ger\u00e7ekle\u015fmi\u015f; Amerikan r\u00fcyas\u0131 enerji kaynaklar\u0131n\u0131n a\u015f\u0131r\u0131 t\u00fcketimiyle her anlamda yerle bir olmu\u015f, hem u\u00e7suz bucaks\u0131z topraklar hem de bir b\u00fct\u00fcn olarak zihinler \u00e7\u00f6lle\u015fmi\u015ftir. Ballard, tekrar aya\u011fa kald\u0131r\u0131lmas\u0131 gereken &#8220;yeni&#8221; Amerika&#8217;n\u0131n bu yarat\u0131m s\u00fcrecini ikonikle\u015fmi\u015f anti-kahramanlar \u00fczerinden kurgularken, y\u0131k\u0131m\u0131n m\u00fcsebbipleri taraf\u0131ndan yarat\u0131lan toplumsal ve yerle\u015fik korkulara n\u00fcktedan dokunu\u015flar yapmaktan geri durmuyor.\u015eiddet e\u011filimli, yabanc\u0131la\u015fm\u0131\u015f ve h\u0131rs k\u00fcp\u00fc karakterleriyle ise g\u00fcn\u00fcm\u00fcz Amerikan y\u00f6netimine uzg\u00f6r\u00fcl\u00fc bir selam \u00e7akmay\u0131 da ihmal etmiyor.Kalemini iktidar odaklar\u0131na \u00e7evirmi\u015f bir k\u00e2hinden, yeni bir gelecek vaadeden y\u0131k\u0131m\u0131 hicveden Merhaba Amerika, ilk kez T\u00fcrk\u00e7ede.<\/p>\n","protected":false},"excerpt":{"rendered":"<p>Distopik edebiyat\u0131n k\u00fcltle\u015fmi\u015f ismi J.G. Ballard&#8217;dan, &#8220;s\u00fcper g\u00fc\u00e7&#8221; Amerika&#8217;n\u0131n mecburi yeniden ke\u015ffine dair gaipten bir anlat\u0131&#8230;Beklenen son ger\u00e7ekle\u015fmi\u015f; Amerikan r\u00fcyas\u0131 enerji kaynaklar\u0131n\u0131n a\u015f\u0131r\u0131 t\u00fcketimiyle her anlamda<span class=\"excerpt-hellip\"> [\u2026]<\/span><\/p>\n","protected":false},"featured_media":0,"template":"","meta":{"_monsterinsights_skip_tracking":false,"_monsterinsights_sitenote_active":false,"_monsterinsights_sitenote_note":"","_monsterinsights_sitenote_category":0},"product_brand":[],"product_cat":[12291,12711],"product_tag":[],"class_list":{"0":"post-730984","1":"product","2":"type-product","3":"status-publish","5":"product_cat-edebiyat","6":"product_cat-roman-oyku","7":"pa_cilt-ciltsiz","8":"pa_tur-kitap","9":"pa_yayinevi-sel-yayincilik","10":"pa_yazar-j-g-ballard","12":"first","13":"instock","14":"sale","15":"shipping-taxable","16":"purchasable","17":"product-type-simple"},"_links":{"self":[{"href":"https:\/\/roveyayinevi.com.tr\/index.php\/wp-json\/wp\/v2\/product\/730984","targetHints":{"allow":["GET"]}}],"collection":[{"href":"https:\/\/roveyayinevi.com.tr\/index.php\/wp-json\/wp\/v2\/product"}],"about":[{"href":"https:\/\/roveyayinevi.com.tr\/index.php\/wp-json\/wp\/v2\/types\/product"}],"wp:attachment":[{"href":"https:\/\/roveyayinevi.com.tr\/index.php\/wp-json\/wp\/v2\/media?parent=730984"}],"wp:term":[{"taxonomy":"product_brand","embeddable":true,"href":"https:\/\/roveyayinevi.com.tr\/index.php\/wp-json\/wp\/v2\/product_brand?post=730984"},{"taxonomy":"product_cat","embeddable":true,"href":"https:\/\/roveyayinevi.com.tr\/index.php\/wp-json\/wp\/v2\/product_cat?post=730984"},{"taxonomy":"product_tag","embeddable":true,"href":"https:\/\/roveyayinevi.com.tr\/index.php\/wp-json\/wp\/v2\/product_tag?post=730984"}],"curies":[{"name":"wp","href":"https:\/\/api.w.org\/{rel}","templated":true}]}}