{"id":730982,"date":"2025-08-27T21:23:36","date_gmt":"2025-08-27T18:23:36","guid":{"rendered":"https:\/\/roveyayinevi.com.tr\/index.php\/urun\/fener-bekcisi\/"},"modified":"2026-04-16T02:38:57","modified_gmt":"2026-04-15T23:38:57","slug":"fener-bekcisi","status":"publish","type":"product","link":"https:\/\/roveyayinevi.com.tr\/index.php\/urun\/fener-bekcisi\/","title":{"rendered":"Fener Bek\u00e7isi"},"content":{"rendered":"<p>Mutlu olmay\u0131 beklemiyorum. A\u015fk\u0131 \u00e7\u00f6z\u00fcm ya da yan\u0131t olarak d\u00fc\u015f\u00fcnm\u00fcyorum. A\u015fk\u0131 do\u011fan\u0131n bir g\u00fcc\u00fc olarak d\u00fc\u015f\u00fcn\u00fcyorum; g\u00fcne\u015f kadar g\u00fc\u00e7l\u00fc, gerekli, gayri\u015fahsi, devasa ve imk\u00e2ns\u0131z bir \u015fey olarak; \u0131s\u0131tt\u0131\u011f\u0131 gibi kavuran, kuruttu\u011fu gibi hayat veren&#8230;Jeanette Winterson, bu kez sevginin, merhametin ve ba\u011fl\u0131l\u0131\u011f\u0131n izinde \u0130sko\u00e7ya&#8217;n\u0131n uzak ve yal\u0131t\u0131lm\u0131\u015f bir k\u0131y\u0131 kasabas\u0131na ta\u015f\u0131yor okuru. Eski deniz fenerinin s\u0131rad\u0131\u015f\u0131 bek\u00e7isinin dilinde, d\u00fcn ve bug\u00fcn birbirine a\u00e7\u0131lan e\u015fsiz \u00f6yk\u00fclere d\u00f6n\u00fc\u015f\u00fcrken hayal k\u0131r\u0131kl\u0131\u011f\u0131 ve \u00e7aresizlikler de ba\u015f g\u00f6sterecek ama a\u015fk, her ko\u015fulda galip gelecektir.Fener Bek\u00e7isi&#8217;nde hik\u00e2yeler kadar aray\u0131\u015flar da i\u00e7 i\u00e7e ge\u00e7er, ge\u00e7mi\u015f ve gelecek a\u015f\u0131l\u0131r; \u00e7\u00fcnk\u00fc, mutlu ya da mutsuz, hik\u00e2yelerin bir sonu yoktur.<\/p>\n","protected":false},"excerpt":{"rendered":"<p>Mutlu olmay\u0131 beklemiyorum. A\u015fk\u0131 \u00e7\u00f6z\u00fcm ya da yan\u0131t olarak d\u00fc\u015f\u00fcnm\u00fcyorum. A\u015fk\u0131 do\u011fan\u0131n bir g\u00fcc\u00fc olarak d\u00fc\u015f\u00fcn\u00fcyorum; g\u00fcne\u015f kadar g\u00fc\u00e7l\u00fc, gerekli, gayri\u015fahsi, devasa ve imk\u00e2ns\u0131z bir \u015fey<span class=\"excerpt-hellip\"> [\u2026]<\/span><\/p>\n","protected":false},"featured_media":0,"template":"","meta":{"_monsterinsights_skip_tracking":false,"_monsterinsights_sitenote_active":false,"_monsterinsights_sitenote_note":"","_monsterinsights_sitenote_category":0},"product_brand":[],"product_cat":[12291,12711],"product_tag":[],"class_list":{"0":"post-730982","1":"product","2":"type-product","3":"status-publish","5":"product_cat-edebiyat","6":"product_cat-roman-oyku","7":"pa_cilt-ciltsiz","8":"pa_tur-kitap","9":"pa_yayinevi-sel-yayincilik","10":"pa_yazar-jeanette-winterson","12":"first","13":"instock","14":"sale","15":"shipping-taxable","16":"purchasable","17":"product-type-simple"},"_links":{"self":[{"href":"https:\/\/roveyayinevi.com.tr\/index.php\/wp-json\/wp\/v2\/product\/730982","targetHints":{"allow":["GET"]}}],"collection":[{"href":"https:\/\/roveyayinevi.com.tr\/index.php\/wp-json\/wp\/v2\/product"}],"about":[{"href":"https:\/\/roveyayinevi.com.tr\/index.php\/wp-json\/wp\/v2\/types\/product"}],"wp:attachment":[{"href":"https:\/\/roveyayinevi.com.tr\/index.php\/wp-json\/wp\/v2\/media?parent=730982"}],"wp:term":[{"taxonomy":"product_brand","embeddable":true,"href":"https:\/\/roveyayinevi.com.tr\/index.php\/wp-json\/wp\/v2\/product_brand?post=730982"},{"taxonomy":"product_cat","embeddable":true,"href":"https:\/\/roveyayinevi.com.tr\/index.php\/wp-json\/wp\/v2\/product_cat?post=730982"},{"taxonomy":"product_tag","embeddable":true,"href":"https:\/\/roveyayinevi.com.tr\/index.php\/wp-json\/wp\/v2\/product_tag?post=730982"}],"curies":[{"name":"wp","href":"https:\/\/api.w.org\/{rel}","templated":true}]}}