{"id":730981,"date":"2025-08-27T21:23:35","date_gmt":"2025-08-27T18:23:35","guid":{"rendered":"https:\/\/roveyayinevi.com.tr\/index.php\/urun\/agabeyler-anlatiyor-8\/"},"modified":"2026-04-16T02:38:57","modified_gmt":"2026-04-15T23:38:57","slug":"agabeyler-anlatiyor-8","status":"publish","type":"product","link":"https:\/\/roveyayinevi.com.tr\/index.php\/urun\/agabeyler-anlatiyor-8\/","title":{"rendered":"A\u011fabeyler Anlat\u0131yor 8"},"content":{"rendered":"<p>Bedi\u00fczzaman Said Nurs\u00ee, \u00e7ilelerle dolu bir hayat ya\u015fad\u0131. En b\u00fcy\u00fck gayesi, \u00e7evresinde toplananNur pervanelerini iman nurunun ayd\u0131nl\u0131\u011f\u0131na ula\u015ft\u0131rmakt\u0131.Ayn\u0131 gaye ve gayret Nur\u2019un ilk halkalar\u0131nda da kendisini g\u00f6sterdi. Risale-i Nur\u2019daki hakikatleri onlar da etraflar\u0131na yaymak i\u00e7in var g\u00fc\u00e7leriyle \u00e7al\u0131\u015ft\u0131lar. \u0130man ve Kur\u2019an kahraman\u0131 olmaya liyakat kazand\u0131lar.A\u011fabeyler Anlat\u0131yor serisi, bu m\u00fcmtaz hizmet ve dava erlerinin do\u011frudan birinci a\u011f\u0131zdan hat\u0131rlar\u0131n\u0131 aktar\u0131yor. Ayr\u0131ca bu seri, yak\u0131n tarihimize aynal\u0131k yapt\u0131\u011f\u0131 gibi, gelecek nesillere bir miras ve belge olma \u00f6zelli\u011fine sahip.Uzun ve yorucu \u00e7al\u0131\u015fmalar\u0131n neticesinde tespit edilen hat\u0131ralar tamamen orijinal, teyitli ve tashihlidir. Tamam\u0131na yak\u0131n\u0131 geni\u015f kitleler taraf\u0131ndan daha \u00f6nce ya duyulmam\u0131\u015f veya hi\u00e7 ne\u015fredilmemi\u015f bilgi ve belgeleri ihtiva ediyor&#8230;\u0130\u015fte bize ve gelecek nesillere Nur\u2019un ilk kahramanlar\u0131 ve onlar\u0131n dilinden Nurlu hat\u0131ralar&#8230;<\/p>\n","protected":false},"excerpt":{"rendered":"<p>Bedi\u00fczzaman Said Nurs\u00ee, \u00e7ilelerle dolu bir hayat ya\u015fad\u0131. En b\u00fcy\u00fck gayesi, \u00e7evresinde toplananNur pervanelerini iman nurunun ayd\u0131nl\u0131\u011f\u0131na ula\u015ft\u0131rmakt\u0131.Ayn\u0131 gaye ve gayret Nur\u2019un ilk halkalar\u0131nda da kendisini<span class=\"excerpt-hellip\"> [\u2026]<\/span><\/p>\n","protected":false},"featured_media":0,"template":"","meta":{"_monsterinsights_skip_tracking":false,"_monsterinsights_sitenote_active":false,"_monsterinsights_sitenote_note":"","_monsterinsights_sitenote_category":0},"product_brand":[],"product_cat":[13701,12291],"product_tag":[],"class_list":{"0":"post-730981","1":"product","2":"type-product","3":"status-publish","5":"product_cat-ani-mektup-gunluk","6":"product_cat-edebiyat","7":"pa_cilt-ciltsiz","8":"pa_tur-kitap","9":"pa_yayinevi-nesil-yayinlari","10":"pa_yazar-omer-ozcan","12":"first","13":"instock","14":"sale","15":"shipping-taxable","16":"purchasable","17":"product-type-simple"},"_links":{"self":[{"href":"https:\/\/roveyayinevi.com.tr\/index.php\/wp-json\/wp\/v2\/product\/730981","targetHints":{"allow":["GET"]}}],"collection":[{"href":"https:\/\/roveyayinevi.com.tr\/index.php\/wp-json\/wp\/v2\/product"}],"about":[{"href":"https:\/\/roveyayinevi.com.tr\/index.php\/wp-json\/wp\/v2\/types\/product"}],"wp:attachment":[{"href":"https:\/\/roveyayinevi.com.tr\/index.php\/wp-json\/wp\/v2\/media?parent=730981"}],"wp:term":[{"taxonomy":"product_brand","embeddable":true,"href":"https:\/\/roveyayinevi.com.tr\/index.php\/wp-json\/wp\/v2\/product_brand?post=730981"},{"taxonomy":"product_cat","embeddable":true,"href":"https:\/\/roveyayinevi.com.tr\/index.php\/wp-json\/wp\/v2\/product_cat?post=730981"},{"taxonomy":"product_tag","embeddable":true,"href":"https:\/\/roveyayinevi.com.tr\/index.php\/wp-json\/wp\/v2\/product_tag?post=730981"}],"curies":[{"name":"wp","href":"https:\/\/api.w.org\/{rel}","templated":true}]}}