{"id":730979,"date":"2025-08-27T21:23:34","date_gmt":"2025-08-27T18:23:34","guid":{"rendered":"https:\/\/roveyayinevi.com.tr\/index.php\/urun\/insan-denen-hayvan\/"},"modified":"2026-04-16T02:38:57","modified_gmt":"2026-04-15T23:38:57","slug":"insan-denen-hayvan","status":"publish","type":"product","link":"https:\/\/roveyayinevi.com.tr\/index.php\/urun\/insan-denen-hayvan\/","title":{"rendered":"\u0130nsan Denen Hayvan"},"content":{"rendered":"<p>Hayvanlarda meme kanseri g\u00f6r\u00fcl\u00fcr m\u00fc? Strese ba\u011fl\u0131 kalp krizi? Bay\u0131lma n\u00f6betleri? Cinsel yolla bula\u015fan hastal\u0131klar? Yeme bozukluklar\u0131? Hayvanlar a\u015f\u0131r\u0131 ya da t\u0131k\u0131n\u0131rcas\u0131na yer mi? Kendilerini \u00f6lesiye a\u00e7 b\u0131rak\u0131rlar m\u0131? Peki ya ruhsal bozukluklar? \u00d6rne\u011fin obsesif-komp\u00fclsif bozukluk? Klinik depresyon? Madde ba\u011f\u0131ml\u0131l\u0131\u011f\u0131 ve istismar\u0131? Kayg\u0131 bozukluklar\u0131? Kendine zarar verme? Kalp yetersizli\u011fi olan k\u00fc\u00e7\u00fck sevimli bir maymunu ameliyat etmesinin ard\u0131ndan kendine sordu\u011fu bu sorular, kardiyolog Barbara Natterson-Horowitz\u2019in t\u0131bba bak\u0131\u015f\u0131n\u0131 tamamen de\u011fi\u015ftiren heyecanl\u0131 bir yolculu\u011fun ba\u015flang\u0131c\u0131 olmu\u015f. \u0130nsanlardaki sa\u011fl\u0131k sorunlar\u0131n\u0131n hayvanlarda da g\u00f6r\u00fcl\u00fcp g\u00f6r\u00fclmedi\u011fini ara\u015ft\u0131rmaya ba\u015flad\u0131\u011f\u0131nda kar\u015f\u0131la\u015ft\u0131\u011f\u0131 tablo, insan t\u0131bb\u0131yla hayvan t\u0131bb\u0131 aras\u0131ndaki kopuklu\u011fun giderilip daha kapsay\u0131c\u0131 bir yakla\u015f\u0131m benimsenmesi gerekti\u011fine onu ikna etmi\u015f. \u0130nsan Denen Hayvan\u2019da Horowitz ile bilim yazar\u0131 Kathryn Bowers, insan sa\u011fl\u0131\u011f\u0131yla hayvan sa\u011fl\u0131\u011f\u0131 aras\u0131ndaki \u00e7arp\u0131c\u0131 paralelliklere dikkat \u00e7ekerek t\u0131pta insanmerkezcili\u011fin a\u015f\u0131lmas\u0131 \u00e7a\u011fr\u0131s\u0131nda bulunuyorlar.  \u201cArt\u0131k Homo sapiens\u2019in s\u0131n\u0131rlar\u0131n\u0131 a\u015f\u0131p hayvanlar\u0131n, evrimin ve \u00e7evrenin bilgeli\u011finin d\u00fc\u015f\u00fcnce yap\u0131m\u0131z\u0131 g\u00fc\u00e7lendirmesine izin vermeliyiz. D\u00fcnya \u00fczerinde ya\u015fam\u0131n ortak unsurlar\u0131yla kar\u015f\u0131la\u015fmak ve onlar\u0131 kucaklamak yirmi birinci y\u00fczy\u0131l t\u0131bb\u0131 i\u00e7in bir gerekliliktir. Belki b\u00f6ylece insan istisnac\u0131l\u0131\u011f\u0131n\u0131 istisnai bir insanc\u0131ll\u0131\u011fa d\u00f6n\u00fc\u015ft\u00fcrerek gezegenimizdeki b\u00fct\u00fcn hastalara fayda sa\u011flayabiliriz.\u201d <\/p>\n","protected":false},"excerpt":{"rendered":"<p>Hayvanlarda meme kanseri g\u00f6r\u00fcl\u00fcr m\u00fc? Strese ba\u011fl\u0131 kalp krizi? Bay\u0131lma n\u00f6betleri? Cinsel yolla bula\u015fan hastal\u0131klar? Yeme bozukluklar\u0131? Hayvanlar a\u015f\u0131r\u0131 ya da t\u0131k\u0131n\u0131rcas\u0131na yer mi? Kendilerini \u00f6lesiye<span class=\"excerpt-hellip\"> [\u2026]<\/span><\/p>\n","protected":false},"featured_media":0,"template":"","meta":{"_monsterinsights_skip_tracking":false,"_monsterinsights_sitenote_active":false,"_monsterinsights_sitenote_note":"","_monsterinsights_sitenote_category":0},"product_brand":[],"product_cat":[13005,37328],"product_tag":[],"class_list":{"0":"post-730979","1":"product","2":"type-product","3":"status-publish","5":"product_cat-bilim-muhendislik","6":"product_cat-diger-bilim-muhendislik","7":"pa_cilt-ciltsiz","8":"pa_tur-kitap","9":"pa_yayinevi-metis-yayinlari","10":"pa_yazar-metis-yayinlari-kolektif","12":"first","13":"instock","14":"sale","15":"shipping-taxable","16":"purchasable","17":"product-type-simple"},"_links":{"self":[{"href":"https:\/\/roveyayinevi.com.tr\/index.php\/wp-json\/wp\/v2\/product\/730979","targetHints":{"allow":["GET"]}}],"collection":[{"href":"https:\/\/roveyayinevi.com.tr\/index.php\/wp-json\/wp\/v2\/product"}],"about":[{"href":"https:\/\/roveyayinevi.com.tr\/index.php\/wp-json\/wp\/v2\/types\/product"}],"wp:attachment":[{"href":"https:\/\/roveyayinevi.com.tr\/index.php\/wp-json\/wp\/v2\/media?parent=730979"}],"wp:term":[{"taxonomy":"product_brand","embeddable":true,"href":"https:\/\/roveyayinevi.com.tr\/index.php\/wp-json\/wp\/v2\/product_brand?post=730979"},{"taxonomy":"product_cat","embeddable":true,"href":"https:\/\/roveyayinevi.com.tr\/index.php\/wp-json\/wp\/v2\/product_cat?post=730979"},{"taxonomy":"product_tag","embeddable":true,"href":"https:\/\/roveyayinevi.com.tr\/index.php\/wp-json\/wp\/v2\/product_tag?post=730979"}],"curies":[{"name":"wp","href":"https:\/\/api.w.org\/{rel}","templated":true}]}}