{"id":730978,"date":"2025-08-27T21:23:33","date_gmt":"2025-08-27T18:23:33","guid":{"rendered":"https:\/\/roveyayinevi.com.tr\/index.php\/urun\/bu-kadari-yeterli\/"},"modified":"2026-04-16T02:38:57","modified_gmt":"2026-04-15T23:38:57","slug":"bu-kadari-yeterli","status":"publish","type":"product","link":"https:\/\/roveyayinevi.com.tr\/index.php\/urun\/bu-kadari-yeterli\/","title":{"rendered":"Bu Kadar\u0131 Yeterli!"},"content":{"rendered":"<p>\u201cBaz\u0131 \u015feylere doyam\u0131yorum! Ya sen?\u201d A\u015f\u0131r\u0131l\u0131klar\u0131n g\u00fcld\u00fcrd\u00fc\u011f\u00fc \u00e7ocukluk hik\u00e2yeleri&#8230; Bir yanda kendine s\u00f6z ge\u00e7iremeyenler di\u011fer yanda ise \u201c\u015fimdilik bu kadar\u0131 yeter!\u201d diyebilenler. Dagmar Geisler, t\u00fcm kitaplar\u0131nda oldu\u011fu gibi bu kitapta da \u00f6\u011f\u00fct ve ders vermeden miz\u00e2hi anlat\u0131m\u0131yla do\u011frular\u0131 sezdiriyor. G\u00fcn\u00fcm\u00fczde \u00e7ocuklar\u0131n renkli ay\u0131l\u0131 \u015fekerlere, hi\u00e7 kapanmayan ekranlara, gereksiz al\u0131\u015fveri\u015fe \u201cart\u0131k yeter!\u201d demesi olduk\u00e7a g\u00fc\u00e7. Oysa \u00e7ocu\u011fun bu iradeyi erken ya\u015fta i\u00e7selle\u015ftirmesi demek, yeti\u015fkinlikte de a\u015f\u0131r\u0131l\u0131klardan uzak kalmas\u0131n\u0131 ve kendine \u201chay\u0131r!\u201d demesini sa\u011flayacakt\u0131r. 4+ ya\u015f ve \u00fczeri \u00e7ocuklar i\u00e7in duygusal geli\u015fim kitab\u0131<\/p>\n","protected":false},"excerpt":{"rendered":"<p>\u201cBaz\u0131 \u015feylere doyam\u0131yorum! Ya sen?\u201d A\u015f\u0131r\u0131l\u0131klar\u0131n g\u00fcld\u00fcrd\u00fc\u011f\u00fc \u00e7ocukluk hik\u00e2yeleri&#8230; Bir yanda kendine s\u00f6z ge\u00e7iremeyenler di\u011fer yanda ise \u201c\u015fimdilik bu kadar\u0131 yeter!\u201d diyebilenler. Dagmar Geisler, t\u00fcm kitaplar\u0131nda<span class=\"excerpt-hellip\"> [\u2026]<\/span><\/p>\n","protected":false},"featured_media":0,"template":"","meta":{"_monsterinsights_skip_tracking":false,"_monsterinsights_sitenote_active":false,"_monsterinsights_sitenote_note":"","_monsterinsights_sitenote_category":0},"product_brand":[],"product_cat":[12913,12274],"product_tag":[],"class_list":{"0":"post-730978","1":"product","2":"type-product","3":"status-publish","5":"product_cat-3-6-yas-kitaplari","6":"product_cat-cocuk-ve-genclik-kitaplari","7":"pa_cilt-ciltsiz","8":"pa_tur-kitap","9":"pa_yayinevi-gergedan-yayinlari","10":"pa_yazar-dagmar-geisler","12":"first","13":"instock","14":"sale","15":"shipping-taxable","16":"purchasable","17":"product-type-simple"},"_links":{"self":[{"href":"https:\/\/roveyayinevi.com.tr\/index.php\/wp-json\/wp\/v2\/product\/730978","targetHints":{"allow":["GET"]}}],"collection":[{"href":"https:\/\/roveyayinevi.com.tr\/index.php\/wp-json\/wp\/v2\/product"}],"about":[{"href":"https:\/\/roveyayinevi.com.tr\/index.php\/wp-json\/wp\/v2\/types\/product"}],"wp:attachment":[{"href":"https:\/\/roveyayinevi.com.tr\/index.php\/wp-json\/wp\/v2\/media?parent=730978"}],"wp:term":[{"taxonomy":"product_brand","embeddable":true,"href":"https:\/\/roveyayinevi.com.tr\/index.php\/wp-json\/wp\/v2\/product_brand?post=730978"},{"taxonomy":"product_cat","embeddable":true,"href":"https:\/\/roveyayinevi.com.tr\/index.php\/wp-json\/wp\/v2\/product_cat?post=730978"},{"taxonomy":"product_tag","embeddable":true,"href":"https:\/\/roveyayinevi.com.tr\/index.php\/wp-json\/wp\/v2\/product_tag?post=730978"}],"curies":[{"name":"wp","href":"https:\/\/api.w.org\/{rel}","templated":true}]}}