{"id":730975,"date":"2025-08-27T21:23:30","date_gmt":"2025-08-27T18:23:30","guid":{"rendered":"https:\/\/roveyayinevi.com.tr\/index.php\/urun\/istiridyenin-sirkati\/"},"modified":"2026-04-16T02:38:57","modified_gmt":"2026-04-15T23:38:57","slug":"istiridyenin-sirkati","status":"publish","type":"product","link":"https:\/\/roveyayinevi.com.tr\/index.php\/urun\/istiridyenin-sirkati\/","title":{"rendered":"\u0130stiridyenin Sirkati"},"content":{"rendered":"<p>Herkeste seni ar\u0131yorum sanki Herkeste senden bir par\u00e7a Bulduklar\u0131m ne ki umduklar\u0131m\u0131n yan\u0131nda? Ne de \u00e7abuk de\u011fi\u015fiyor d\u00fcnya Ayak uyduram\u0131yorum art\u0131k.<\/p>\n","protected":false},"excerpt":{"rendered":"<p>Herkeste seni ar\u0131yorum sanki Herkeste senden bir par\u00e7a Bulduklar\u0131m ne ki umduklar\u0131m\u0131n yan\u0131nda? Ne de \u00e7abuk de\u011fi\u015fiyor d\u00fcnya Ayak uyduram\u0131yorum art\u0131k.<\/p>\n","protected":false},"featured_media":0,"template":"","meta":{"_monsterinsights_skip_tracking":false,"_monsterinsights_sitenote_active":false,"_monsterinsights_sitenote_note":"","_monsterinsights_sitenote_category":0},"product_brand":[],"product_cat":[12291,12509],"product_tag":[],"class_list":{"0":"post-730975","1":"product","2":"type-product","3":"status-publish","5":"product_cat-edebiyat","6":"product_cat-siir","7":"pa_cilt-ciltsiz","8":"pa_tur-kitap","9":"pa_yayinevi-elpis-yayinlari","10":"pa_yazar-nurefsan-ocal","12":"first","13":"instock","14":"sale","15":"shipping-taxable","16":"purchasable","17":"product-type-simple"},"_links":{"self":[{"href":"https:\/\/roveyayinevi.com.tr\/index.php\/wp-json\/wp\/v2\/product\/730975","targetHints":{"allow":["GET"]}}],"collection":[{"href":"https:\/\/roveyayinevi.com.tr\/index.php\/wp-json\/wp\/v2\/product"}],"about":[{"href":"https:\/\/roveyayinevi.com.tr\/index.php\/wp-json\/wp\/v2\/types\/product"}],"wp:attachment":[{"href":"https:\/\/roveyayinevi.com.tr\/index.php\/wp-json\/wp\/v2\/media?parent=730975"}],"wp:term":[{"taxonomy":"product_brand","embeddable":true,"href":"https:\/\/roveyayinevi.com.tr\/index.php\/wp-json\/wp\/v2\/product_brand?post=730975"},{"taxonomy":"product_cat","embeddable":true,"href":"https:\/\/roveyayinevi.com.tr\/index.php\/wp-json\/wp\/v2\/product_cat?post=730975"},{"taxonomy":"product_tag","embeddable":true,"href":"https:\/\/roveyayinevi.com.tr\/index.php\/wp-json\/wp\/v2\/product_tag?post=730975"}],"curies":[{"name":"wp","href":"https:\/\/api.w.org\/{rel}","templated":true}]}}