{"id":730972,"date":"2025-08-27T21:23:27","date_gmt":"2025-08-27T18:23:27","guid":{"rendered":"https:\/\/roveyayinevi.com.tr\/index.php\/urun\/incinin-kitabi\/"},"modified":"2026-04-16T02:38:57","modified_gmt":"2026-04-15T23:38:57","slug":"incinin-kitabi","status":"publish","type":"product","link":"https:\/\/roveyayinevi.com.tr\/index.php\/urun\/incinin-kitabi\/","title":{"rendered":"\u0130nci&#8217;nin Kitab\u0131"},"content":{"rendered":"<p>\u0130nci\u2019nin hayat\u0131nda yeni bir d\u00f6nem ba\u015fl\u0131yordu. Yeni bir semt, yeni bir sokak, yeni bir okul&#8230; Ta\u015f\u0131nd\u0131klar\u0131 g\u00fcn, her \u015feyden \u00f6nce apartman\u0131n kar\u015f\u0131s\u0131ndaki k\u00f6\u015fk \u00e7ekti \u0130nci\u2019nin dikkatini. H\u00fcz\u00fcnl\u00fc bakan pencereleriyle, hik\u00e2yesiz binalar aras\u0131nda hemen g\u00f6steriyordu kendini. Okulla, piyano dersleriyle ve bu gizemli k\u00f6\u015fke dair d\u00fc\u015flerle ge\u00e7en haftalardan sonra, karl\u0131 bir k\u0131\u015f g\u00fcn\u00fcnde, \u0130nci\u2019nin babas\u0131 yeni bir plakla geldi eve. \u00c7alan m\u00fczik, bir mucizenin habercisi gibiydi, hem ismiyle hem de Ninni\u2019siyle&#8230; O gece, bir \u0131\u015f\u0131k yand\u0131 k\u00f6\u015fk\u00fcn pencelerinde. Davet gibiydi yepyeni bir \u00f6yk\u00fcye&#8230;   \u00d6yk\u00fcleriyle ve biyografileriyle sevilen G\u00f6knil \u00d6zk\u00f6k\u2019\u00fcn hayalle ger\u00e7e\u011fi bulu\u015fturan bu ilham dolu \u00f6yk\u00fcs\u00fc, klasik m\u00fczik bestecimiz Ahmed Adnan Saygun\u2019a ve onun m\u00fczik e\u011fitimine adanm\u0131\u015f hayat\u0131na sayg\u0131 niteli\u011finde. <\/p>\n","protected":false},"excerpt":{"rendered":"<p>\u0130nci\u2019nin hayat\u0131nda yeni bir d\u00f6nem ba\u015fl\u0131yordu. Yeni bir semt, yeni bir sokak, yeni bir okul&#8230; Ta\u015f\u0131nd\u0131klar\u0131 g\u00fcn, her \u015feyden \u00f6nce apartman\u0131n kar\u015f\u0131s\u0131ndaki k\u00f6\u015fk \u00e7ekti \u0130nci\u2019nin dikkatini.<span class=\"excerpt-hellip\"> [\u2026]<\/span><\/p>\n","protected":false},"featured_media":0,"template":"","meta":{"_monsterinsights_skip_tracking":false,"_monsterinsights_sitenote_active":false,"_monsterinsights_sitenote_note":"","_monsterinsights_sitenote_category":0},"product_brand":[],"product_cat":[12913,12274],"product_tag":[],"class_list":{"0":"post-730972","1":"product","2":"type-product","3":"status-publish","5":"product_cat-3-6-yas-kitaplari","6":"product_cat-cocuk-ve-genclik-kitaplari","7":"pa_cilt-ciltsiz","8":"pa_tur-kitap","9":"pa_yayinevi-can-cocuk-yayinlari","10":"pa_yazar-goknil-ozkok","12":"first","13":"instock","14":"sale","15":"shipping-taxable","16":"purchasable","17":"product-type-simple"},"_links":{"self":[{"href":"https:\/\/roveyayinevi.com.tr\/index.php\/wp-json\/wp\/v2\/product\/730972","targetHints":{"allow":["GET"]}}],"collection":[{"href":"https:\/\/roveyayinevi.com.tr\/index.php\/wp-json\/wp\/v2\/product"}],"about":[{"href":"https:\/\/roveyayinevi.com.tr\/index.php\/wp-json\/wp\/v2\/types\/product"}],"wp:attachment":[{"href":"https:\/\/roveyayinevi.com.tr\/index.php\/wp-json\/wp\/v2\/media?parent=730972"}],"wp:term":[{"taxonomy":"product_brand","embeddable":true,"href":"https:\/\/roveyayinevi.com.tr\/index.php\/wp-json\/wp\/v2\/product_brand?post=730972"},{"taxonomy":"product_cat","embeddable":true,"href":"https:\/\/roveyayinevi.com.tr\/index.php\/wp-json\/wp\/v2\/product_cat?post=730972"},{"taxonomy":"product_tag","embeddable":true,"href":"https:\/\/roveyayinevi.com.tr\/index.php\/wp-json\/wp\/v2\/product_tag?post=730972"}],"curies":[{"name":"wp","href":"https:\/\/api.w.org\/{rel}","templated":true}]}}