{"id":730971,"date":"2025-08-27T21:23:26","date_gmt":"2025-08-27T18:23:26","guid":{"rendered":"https:\/\/roveyayinevi.com.tr\/index.php\/urun\/duygularini-pisiren-kadin-man\/"},"modified":"2026-04-16T02:38:56","modified_gmt":"2026-04-15T23:38:56","slug":"duygularini-pisiren-kadin-man","status":"publish","type":"product","link":"https:\/\/roveyayinevi.com.tr\/index.php\/urun\/duygularini-pisiren-kadin-man\/","title":{"rendered":"Duygular\u0131n\u0131 Pi\u015firen Kad\u0131n: MAN"},"content":{"rendered":"<p>Bana hamile kal\u0131p d\u00fcnyaya getiren birinci annemin kafas\u0131nda delik vard\u0131. Beni bir sebze bah\u00e7esinde bamyalar\u0131n aras\u0131ndan toplam\u0131\u015f olan ikinci anneminse inanc\u0131nda bir delik vard\u0131. \u0130nsanlara art\u0131k inanm\u0131yordu, \u00f6zellikle de konu\u015furlarken. \u0130lk ad\u0131mlar\u0131m\u0131 atmama tan\u0131k olan \u00fc\u00e7\u00fcnc\u00fc annemse Maman\u2019d\u0131, benim Maman\u2019\u0131m. O sabah d\u00fcnyaya yeniden kucak a\u00e7ma iste\u011fi duyup odas\u0131n\u0131n o g\u00fcne de\u011fin kapal\u0131 kalan pencere kanatlar\u0131n\u0131 aralam\u0131\u015f. Uzaktan, s\u0131cak g\u00fcn \u0131\u015f\u0131\u011f\u0131n\u0131n i\u00e7inde beni g\u00f6rm\u00fc\u015f, b\u00f6ylece onun k\u0131z\u0131 olmu\u015fum.   \u0130sminin anlam\u0131, d\u00fcnyaya geli\u015f \u00f6yk\u00fcs\u00fcyle birlikte d\u00fc\u015f\u00fcn\u00fcld\u00fc\u011f\u00fcnde tuhaf bir ironi yaratan M\u00e3n (Vietnamcada \u201ct\u00fcm arzular\u0131 ger\u00e7ekle\u015fmi\u015f\u201d demektir), tam \u00fc\u00e7 anneye sahiptir: \u0130lki, sava\u015f zaman\u0131 onu bir tarlada do\u011furup b\u0131rakan gen\u00e7 bir k\u0131z, ikincisi onu bamya tarlas\u0131nda bulup daha sonra yeniden terk eden bir rahibe, sonuncuysa hayatta kalmak ve \u00e7ocu\u011funu korumak i\u00e7in g\u00f6n\u00fcls\u00fczce bir casusa d\u00f6n\u00fc\u015fen Maman. Onu do\u011furan kendisi de\u011filse de yeti\u015fkin k\u0131z\u0131n\u0131n Vietnam\u2019da can g\u00fcvenli\u011fine sahip olmad\u0131\u011f\u0131n\u0131n fark\u0131ndad\u0131r ve onu korumak i\u00e7in elinden geleni yapmaya haz\u0131rd\u0131r. B\u00f6ylece bir gece vakti son dura\u011f\u0131 Montreal olacak tehlikeli bir yolculu\u011fa u\u011furlar sevgili k\u0131z\u0131n\u0131&#8230; Plan\u0131, M\u00e3n\u2019\u0131 Montreal\u2019de ya\u015fayan, Vietnaml\u0131, zengin bir a\u015f\u00e7\u0131yla evlendirmektir. \u0130mzalar at\u0131ld\u0131\u011f\u0131nda kad\u0131n\u0131n dile\u011fi kabul olur; k\u0131z\u0131 art\u0131k g\u00fcvendedir. Ruhu al\u0131nm\u0131\u015f kocas\u0131n\u0131n restoran\u0131nda saatlerce yemek yap\u0131p olanca mutsuzlu\u011fu ve kederiyle yemekleri \u00e7e\u015fnilendirse de \u00f6l\u00fcm korkusundan \u0131rak bir ya\u015fam s\u00fcrmeye ba\u015flar M\u00e3n; ta ki ger\u00e7ek a\u015fkla tan\u0131\u015f\u0131p onu tadana dek.   Bir yere ait hissetmeyenlerin birine ait hissetmekte de zorland\u0131\u011f\u0131, nihayetinde binbir g\u00fc\u00e7l\u00fckle hayata tutunanlar\u0131n mutlu olmak konusundaki ayak direyi\u015fini konu eden bu \u015fiirsel eser, \u015f\u00fcphesiz ki, Kim Th\u00fay k\u00fclliyat\u0131n\u0131n mihenk ta\u015f\u0131.<\/p>\n","protected":false},"excerpt":{"rendered":"<p>Bana hamile kal\u0131p d\u00fcnyaya getiren birinci annemin kafas\u0131nda delik vard\u0131. Beni bir sebze bah\u00e7esinde bamyalar\u0131n aras\u0131ndan toplam\u0131\u015f olan ikinci anneminse inanc\u0131nda bir delik vard\u0131. \u0130nsanlara art\u0131k<span class=\"excerpt-hellip\"> [\u2026]<\/span><\/p>\n","protected":false},"featured_media":0,"template":"","meta":{"_monsterinsights_skip_tracking":false,"_monsterinsights_sitenote_active":false,"_monsterinsights_sitenote_note":"","_monsterinsights_sitenote_category":0},"product_brand":[],"product_cat":[12291,50487],"product_tag":[],"class_list":{"0":"post-730971","1":"product","2":"type-product","3":"status-publish","5":"product_cat-edebiyat","6":"product_cat-kurgu","7":"pa_cilt-ciltsiz","8":"pa_tur-kitap","9":"pa_yayinevi-kafka-yayinevi","10":"pa_yazar-kim-thuy","12":"first","13":"instock","14":"sale","15":"shipping-taxable","16":"purchasable","17":"product-type-simple"},"_links":{"self":[{"href":"https:\/\/roveyayinevi.com.tr\/index.php\/wp-json\/wp\/v2\/product\/730971","targetHints":{"allow":["GET"]}}],"collection":[{"href":"https:\/\/roveyayinevi.com.tr\/index.php\/wp-json\/wp\/v2\/product"}],"about":[{"href":"https:\/\/roveyayinevi.com.tr\/index.php\/wp-json\/wp\/v2\/types\/product"}],"wp:attachment":[{"href":"https:\/\/roveyayinevi.com.tr\/index.php\/wp-json\/wp\/v2\/media?parent=730971"}],"wp:term":[{"taxonomy":"product_brand","embeddable":true,"href":"https:\/\/roveyayinevi.com.tr\/index.php\/wp-json\/wp\/v2\/product_brand?post=730971"},{"taxonomy":"product_cat","embeddable":true,"href":"https:\/\/roveyayinevi.com.tr\/index.php\/wp-json\/wp\/v2\/product_cat?post=730971"},{"taxonomy":"product_tag","embeddable":true,"href":"https:\/\/roveyayinevi.com.tr\/index.php\/wp-json\/wp\/v2\/product_tag?post=730971"}],"curies":[{"name":"wp","href":"https:\/\/api.w.org\/{rel}","templated":true}]}}