{"id":730968,"date":"2025-08-27T21:23:23","date_gmt":"2025-08-27T18:23:23","guid":{"rendered":"https:\/\/roveyayinevi.com.tr\/index.php\/urun\/hayatim-ciddiye-alinmasini-istedigim-bir-oyundu\/"},"modified":"2026-04-16T02:38:56","modified_gmt":"2026-04-15T23:38:56","slug":"hayatim-ciddiye-alinmasini-istedigim-bir-oyundu","status":"publish","type":"product","link":"https:\/\/roveyayinevi.com.tr\/index.php\/urun\/hayatim-ciddiye-alinmasini-istedigim-bir-oyundu\/","title":{"rendered":"Hayat\u0131m Ciddiye Al\u0131nmas\u0131n\u0131 \u0130stedi\u011fim Bir Oyundu"},"content":{"rendered":"<p>Eserlerinde modern T\u00fcrk insan\u0131n\u0131n \u00e7\u0131kmaz\u0131n\u0131, safl\u0131k ve g\u00fc\u00e7 aras\u0131nda gidip gelen benli\u011fini, gittik\u00e7e s\u00f6n\u00fckle\u015fen ya\u015fama tutkusunu anlatan O\u011fuz Atay, ya\u015farken sesi duyulmam\u0131\u015f ama \u00f6ld\u00fckten sonra okuyucular\u0131n\u0131n ya\u015famlar\u0131nda birer birer hayat bulan karakterleriyle ismi \u00e7ok uzun y\u0131llarca an\u0131lacak bir yazard\u0131.Atay\u2019\u0131n, \u0130nebolu\u2019da ba\u015flayan hayat yolculu\u011fu, edebiyat\u0131n, yaln\u0131zl\u0131\u011f\u0131n, a\u015fk\u0131n ve \u00f6l\u00fcm\u00fcn k\u0131y\u0131s\u0131nda \u201cT\u00fcrkiye\u2019nin Ruhu\u201d ismini verdi\u011fi ya\u015fam g\u00f6r\u00fc\u015f\u00fcnde nihayete erdi.O, hep bir \u201cTutunamayan\u201d olarak ya\u015fad\u0131.<\/p>\n","protected":false},"excerpt":{"rendered":"<p>Eserlerinde modern T\u00fcrk insan\u0131n\u0131n \u00e7\u0131kmaz\u0131n\u0131, safl\u0131k ve g\u00fc\u00e7 aras\u0131nda gidip gelen benli\u011fini, gittik\u00e7e s\u00f6n\u00fckle\u015fen ya\u015fama tutkusunu anlatan O\u011fuz Atay, ya\u015farken sesi duyulmam\u0131\u015f ama \u00f6ld\u00fckten sonra okuyucular\u0131n\u0131n<span class=\"excerpt-hellip\"> [\u2026]<\/span><\/p>\n","protected":false},"featured_media":0,"template":"","meta":{"_monsterinsights_skip_tracking":false,"_monsterinsights_sitenote_active":false,"_monsterinsights_sitenote_note":"","_monsterinsights_sitenote_category":0},"product_brand":[],"product_cat":[14009,12291],"product_tag":[],"class_list":{"0":"post-730968","1":"product","2":"type-product","3":"status-publish","5":"product_cat-biyografi-otobiyografi-edebiyat","6":"product_cat-edebiyat","7":"pa_cilt-ciltsiz","8":"pa_tur-kitap","9":"pa_yayinevi-hayykitap","10":"pa_yazar-hayykitap-kolektif","12":"first","13":"instock","14":"sale","15":"shipping-taxable","16":"purchasable","17":"product-type-simple"},"_links":{"self":[{"href":"https:\/\/roveyayinevi.com.tr\/index.php\/wp-json\/wp\/v2\/product\/730968","targetHints":{"allow":["GET"]}}],"collection":[{"href":"https:\/\/roveyayinevi.com.tr\/index.php\/wp-json\/wp\/v2\/product"}],"about":[{"href":"https:\/\/roveyayinevi.com.tr\/index.php\/wp-json\/wp\/v2\/types\/product"}],"wp:attachment":[{"href":"https:\/\/roveyayinevi.com.tr\/index.php\/wp-json\/wp\/v2\/media?parent=730968"}],"wp:term":[{"taxonomy":"product_brand","embeddable":true,"href":"https:\/\/roveyayinevi.com.tr\/index.php\/wp-json\/wp\/v2\/product_brand?post=730968"},{"taxonomy":"product_cat","embeddable":true,"href":"https:\/\/roveyayinevi.com.tr\/index.php\/wp-json\/wp\/v2\/product_cat?post=730968"},{"taxonomy":"product_tag","embeddable":true,"href":"https:\/\/roveyayinevi.com.tr\/index.php\/wp-json\/wp\/v2\/product_tag?post=730968"}],"curies":[{"name":"wp","href":"https:\/\/api.w.org\/{rel}","templated":true}]}}