{"id":730966,"date":"2025-08-27T21:23:22","date_gmt":"2025-08-27T18:23:22","guid":{"rendered":"https:\/\/roveyayinevi.com.tr\/index.php\/urun\/zbigniew-brzezinski-amerikan-guvenlik-politikasindaki-rolu-ve-turkiye-degerlendirmeleri\/"},"modified":"2026-04-16T02:38:56","modified_gmt":"2026-04-15T23:38:56","slug":"zbigniew-brzezinski-amerikan-guvenlik-politikasindaki-rolu-ve-turkiye-degerlendirmeleri","status":"publish","type":"product","link":"https:\/\/roveyayinevi.com.tr\/index.php\/urun\/zbigniew-brzezinski-amerikan-guvenlik-politikasindaki-rolu-ve-turkiye-degerlendirmeleri\/","title":{"rendered":"Zbigniew Brzezinski Amerikan G\u00fcvenlik Politikas\u0131ndaki Rol\u00fc Ve T\u00fcrkiye De\u011ferlendirmeleri"},"content":{"rendered":"<p>T\u00fcrkiye&#8217;nin konumland\u0131\u011f\u0131 Yak\u0131n Do\u011fu co\u011frafyas\u0131na b\u00fcy\u00fck stratejistlerin ilgisi \u00f6nceki y\u00fczy\u0131llarda oldu\u011fu gibi ya\u015fad\u0131\u011f\u0131m\u0131z y\u00fczy\u0131lda da s\u00fcrmektedir. So\u011fuk Sava\u015f ve sonras\u0131nda m\u00fcttefik veya has\u0131m \u00e7e\u015fitli ba\u015fkentlerde mensup olduklar\u0131 devletlerin milli g\u00fcvenlik kararg\u00e2hlar\u0131na y\u00f6n veren bu stratejistlerin en tan\u0131nan ve etkili isimlerinden biri, ku\u015fkusuz ABD&#8217;li stratejist Zbigniew Brzezinski&#8217;dir. Uluslararas\u0131 g\u00fcvenlik politikalar\u0131 uzman\u0131 Dr. (E) Albay Levent Demirci bu incelemesinde, Brzezinski&#8217;nin Polonyal\u0131 bir m\u00fclteci ailesinin \u00e7ocu\u011fu olarak ABD&#8217;nin y\u00f6netim zirvesine sab\u0131rl\u0131 yolculu\u011funun ve d\u00fcnyan\u0131n bu \u00f6nemli emperyal g\u00fcc\u00fcne y\u00f6n veren Milli G\u00fcvenlik Kurumu&#8217;nda kendi \u00fclkesinin \u00e7\u0131karlar\u0131 a\u00e7\u0131s\u0131ndan ortaya koydu\u011fu ve uygulatt\u0131\u011f\u0131 tezleri anlatmaktad\u0131r. Prof. Dr.Hikmet \u00d6ZDEM\u0130R   *** G\u00fc\u00e7, bar\u0131\u015f, g\u00fcvenlik, huzur ve istikrar; bireylerden devletlere, her ki\u015finin ve olu\u015fumun \u00f6nem verdi\u011fi anahtar kavramlar. Peki bunlar kendili\u011finden veya salt g\u00fc\u00e7l\u00fc bir y\u00f6neticinin inan\u00e7lar\u0131 yahut sihirli bir ideolojik re\u00e7etenin uygulanmas\u0131 ile ger\u00e7ekle\u015ftirilebilir mi? Elinizdeki kitap, milli g\u00fcvenlik politikalar\u0131n\u0131n olu\u015fturulmas\u0131nda ve uygulanmas\u0131nda ne kadar karma\u015f\u0131k; bilgiye, ger\u00e7ek verilere, deneyime; duygusall\u0131ktan uzak, olabildi\u011fince objektif ve g\u00fc\u00e7l\u00fc bir zekaya ve muhakeme yetene\u011fine dayal\u0131 ekip \u00e7al\u0131\u015fmas\u0131yla desteklenen siyasi liderli\u011fe ihtiya\u00e7 bulundu\u011funu, ABD \u00f6rne\u011fi ve bir b\u00fcy\u00fck akademisyenin hayat\u0131 \u00e7er\u00e7evesinde somut \u00f6rneklerle ortaya koymaktad\u0131r. Eser, T\u00fcrkiye&#8217;nin milli g\u00fcvenli\u011finden sorumlu makamlar ve kendini bu konuda sorumlu hisseden bireyler i\u00e7in son derecede yararl\u0131 bilgi ve de\u011ferlendirmeleri, olabildi\u011fince sade ve anla\u015f\u0131l\u0131r bir \u00fcslupla okuyucunun istifadesine sunmaktad\u0131r. Prof. Dr. Sadi \u00c7AYCI <\/p>\n","protected":false},"excerpt":{"rendered":"<p>T\u00fcrkiye&#8217;nin konumland\u0131\u011f\u0131 Yak\u0131n Do\u011fu co\u011frafyas\u0131na b\u00fcy\u00fck stratejistlerin ilgisi \u00f6nceki y\u00fczy\u0131llarda oldu\u011fu gibi ya\u015fad\u0131\u011f\u0131m\u0131z y\u00fczy\u0131lda da s\u00fcrmektedir. So\u011fuk Sava\u015f ve sonras\u0131nda m\u00fcttefik veya has\u0131m \u00e7e\u015fitli ba\u015fkentlerde mensup<span class=\"excerpt-hellip\"> [\u2026]<\/span><\/p>\n","protected":false},"featured_media":0,"template":"","meta":{"_monsterinsights_skip_tracking":false,"_monsterinsights_sitenote_active":false,"_monsterinsights_sitenote_note":"","_monsterinsights_sitenote_category":0},"product_brand":[],"product_cat":[13590,12337],"product_tag":[],"class_list":{"0":"post-730966","1":"product","2":"type-product","3":"status-publish","5":"product_cat-arastirma-inceleme-politika-siyaset","6":"product_cat-politika-siyaset","7":"pa_cilt-ciltsiz","8":"pa_tur-kitap","9":"pa_yayinevi-berikan-yayinlari","10":"pa_yazar-levent-demirci","12":"first","13":"instock","14":"sale","15":"shipping-taxable","16":"purchasable","17":"product-type-simple"},"_links":{"self":[{"href":"https:\/\/roveyayinevi.com.tr\/index.php\/wp-json\/wp\/v2\/product\/730966","targetHints":{"allow":["GET"]}}],"collection":[{"href":"https:\/\/roveyayinevi.com.tr\/index.php\/wp-json\/wp\/v2\/product"}],"about":[{"href":"https:\/\/roveyayinevi.com.tr\/index.php\/wp-json\/wp\/v2\/types\/product"}],"wp:attachment":[{"href":"https:\/\/roveyayinevi.com.tr\/index.php\/wp-json\/wp\/v2\/media?parent=730966"}],"wp:term":[{"taxonomy":"product_brand","embeddable":true,"href":"https:\/\/roveyayinevi.com.tr\/index.php\/wp-json\/wp\/v2\/product_brand?post=730966"},{"taxonomy":"product_cat","embeddable":true,"href":"https:\/\/roveyayinevi.com.tr\/index.php\/wp-json\/wp\/v2\/product_cat?post=730966"},{"taxonomy":"product_tag","embeddable":true,"href":"https:\/\/roveyayinevi.com.tr\/index.php\/wp-json\/wp\/v2\/product_tag?post=730966"}],"curies":[{"name":"wp","href":"https:\/\/api.w.org\/{rel}","templated":true}]}}