{"id":730964,"date":"2025-08-27T21:23:20","date_gmt":"2025-08-27T18:23:20","guid":{"rendered":"https:\/\/roveyayinevi.com.tr\/index.php\/urun\/kayip-rihtim-masallari\/"},"modified":"2026-04-16T02:38:56","modified_gmt":"2026-04-15T23:38:56","slug":"kayip-rihtim-masallari","status":"publish","type":"product","link":"https:\/\/roveyayinevi.com.tr\/index.php\/urun\/kayip-rihtim-masallari\/","title":{"rendered":"Kay\u0131p R\u0131ht\u0131m Masallar\u0131"},"content":{"rendered":"<p>\u201cBahar \u015fiirle kar\u015f\u0131lans\u0131n diye dev\u015firiyorum iklimleri, Deviniyorum da bununla. Ekmek, un, papaya yap\u0131yorum, Kesilmi\u015f \u00fc\u00e7genlerden. Yar\u0131m kalm\u0131\u015f c\u00fcmlelerden, d\u00fc\u015f. Ben bu \u015fiiri kaybettim, Pan, fl\u00fct\u00fcn\u00fc \u00e7ald\u0131\u011f\u0131nda. Kesirler kald\u0131 hayranl\u0131k duydu\u011fum paydadan.\u201d   \u015eiirde \u00f6yle merkezi bir hal var ki; Atlaslardan \u00e7\u0131k\u0131p biraz bo\u015flu\u011fa bakmak, Anahtar \u00e7o\u011fu zaman. \u015eiirde keskin b\u0131\u00e7ak yaras\u0131n\u0131 iyile\u015ftiren \u015fifal\u0131 merhem var. Dam\u0131t\u0131lm\u0131\u015f dizelerin saf kokusu, Eter&#8217;e varan Simya&#8217;n\u0131n yolu. \u015eiirde d\u00fcnyan\u0131n bo\u015flu\u011fu var. Kanat \u00e7\u0131rp\u0131p u\u00e7abiliyorsak, Ne g\u00fczel! <\/p>\n","protected":false},"excerpt":{"rendered":"<p>\u201cBahar \u015fiirle kar\u015f\u0131lans\u0131n diye dev\u015firiyorum iklimleri, Deviniyorum da bununla. Ekmek, un, papaya yap\u0131yorum, Kesilmi\u015f \u00fc\u00e7genlerden. Yar\u0131m kalm\u0131\u015f c\u00fcmlelerden, d\u00fc\u015f. Ben bu \u015fiiri kaybettim, Pan, fl\u00fct\u00fcn\u00fc \u00e7ald\u0131\u011f\u0131nda.<span class=\"excerpt-hellip\"> [\u2026]<\/span><\/p>\n","protected":false},"featured_media":0,"template":"","meta":{"_monsterinsights_skip_tracking":false,"_monsterinsights_sitenote_active":false,"_monsterinsights_sitenote_note":"","_monsterinsights_sitenote_category":0},"product_brand":[],"product_cat":[12291,12509],"product_tag":[],"class_list":{"0":"post-730964","1":"product","2":"type-product","3":"status-publish","5":"product_cat-edebiyat","6":"product_cat-siir","7":"pa_cilt-ciltsiz","8":"pa_tur-kitap","9":"pa_yayinevi-elpis-yayinlari","10":"pa_yazar-ozgur-polat","12":"first","13":"instock","14":"sale","15":"shipping-taxable","16":"purchasable","17":"product-type-simple"},"_links":{"self":[{"href":"https:\/\/roveyayinevi.com.tr\/index.php\/wp-json\/wp\/v2\/product\/730964","targetHints":{"allow":["GET"]}}],"collection":[{"href":"https:\/\/roveyayinevi.com.tr\/index.php\/wp-json\/wp\/v2\/product"}],"about":[{"href":"https:\/\/roveyayinevi.com.tr\/index.php\/wp-json\/wp\/v2\/types\/product"}],"wp:attachment":[{"href":"https:\/\/roveyayinevi.com.tr\/index.php\/wp-json\/wp\/v2\/media?parent=730964"}],"wp:term":[{"taxonomy":"product_brand","embeddable":true,"href":"https:\/\/roveyayinevi.com.tr\/index.php\/wp-json\/wp\/v2\/product_brand?post=730964"},{"taxonomy":"product_cat","embeddable":true,"href":"https:\/\/roveyayinevi.com.tr\/index.php\/wp-json\/wp\/v2\/product_cat?post=730964"},{"taxonomy":"product_tag","embeddable":true,"href":"https:\/\/roveyayinevi.com.tr\/index.php\/wp-json\/wp\/v2\/product_tag?post=730964"}],"curies":[{"name":"wp","href":"https:\/\/api.w.org\/{rel}","templated":true}]}}