{"id":730963,"date":"2025-08-27T21:23:19","date_gmt":"2025-08-27T18:23:19","guid":{"rendered":"https:\/\/roveyayinevi.com.tr\/index.php\/urun\/devsirme-asker-ve-murit\/"},"modified":"2025-10-29T06:43:10","modified_gmt":"2025-10-29T03:43:10","slug":"devsirme-asker-ve-murit","status":"publish","type":"product","link":"https:\/\/roveyayinevi.com.tr\/index.php\/urun\/devsirme-asker-ve-murit\/","title":{"rendered":"Dev\u015firme: Asker ve M\u00fcrit"},"content":{"rendered":"<p>Asker ve m\u00fcridin ayn\u0131 anda g\u00f6r\u00fcld\u00fc\u011f\u00fc dev\u015firme sisteminin modern d\u00f6nem T\u00fcrkiye\u2019sine de \u00f6nemli yans\u0131malar\u0131 s\u00f6z konusu. Ancak ordu ve tarikatlar benze\u015fti\u011fi kadar ayr\u0131\u015f\u0131rlar da. Ordular bu d\u00fcnya ile, tarikatlar her iki d\u00fcnya ile de ilgileniyor. Ordular, kuralc\u0131 ve kitabi hayatlar \u00f6nerirken tarikatlar\u0131n cezbeli bir ya\u015fant\u0131lar\u0131 var. Orduda sorgulanan lider, tarikat ve cemaatte hatadan m\u00fcnezzeh. Bu eser, her t\u00fcrl\u00fc tarikat ve cemaat d\u00fczeninin, ordu ve devlete uygulanmas\u0131 durumunda \u00e7\u00f6z\u00fclmenin ka\u00e7\u0131n\u0131lmaz oldu\u011funu anlat\u0131yor. -Prof. Dr. Abd\u00fclhaluk \u00c7ay, E. Devlet Bakan\u0131 \/ Akademisyen Bu kitapta okuyucu, T\u00fcrk toplumunun tarihi ve sosyolojik derinliklerinde bir gezintiye \u00e7\u0131kar\u0131l\u0131yor. Dev\u015firme, devletin temel kurumlar\u0131ndan olan ordu yap\u0131lanmas\u0131 ile kendini ve akl\u0131n\u0131 \u015feyhinin eline teslim eden tarikat ve cemaat yap\u0131lar\u0131n\u0131 kar\u015f\u0131la\u015ft\u0131r\u0131yor. Kitab\u0131n 15 Temmuz benzeri hadiselerin \u00f6n\u00fcne ge\u00e7ecek devlet akl\u0131 ve kolektif bilincin olu\u015fturulmas\u0131na katk\u0131 sa\u011flayaca\u011f\u0131n\u0131 d\u00fc\u015f\u00fcn\u00fcyorum. -Necati G\u00fcltepe, Tarih\u00e7i \/ Yazar Dev\u015firme her haliyle muhte\u015fem bir eser. Yazar korkmadan, \u00e7ekinmeden bildi\u011fi ger\u00e7ekli\u011fi anlatm\u0131\u015f. Y\u00fczy\u0131llar\u0131m\u0131za damgas\u0131n\u0131 vuran k\u00fclt gruplar\u0131n, yeni nesiller i\u00e7in b\u00f6yle nitelikli bir kitapta anlat\u0131lm\u0131\u015f olmas\u0131, hepimiz a\u00e7\u0131s\u0131ndan \u00e7ok b\u00fcy\u00fck kazan\u00e7. Muhittin Im\u0131l, yeminine sad\u0131k bir T\u00fcrk askeri olarak vatan\u0131na, milletine, devletine ve \u0130slam dinine sahip \u00e7\u0131km\u0131\u015f. Mutlaka okuyun. \u00c7ok \u015fey \u00f6\u011freneceksiniz. Ger\u00e7eklerin ac\u0131 dili ve yak\u0131c\u0131 r\u00fczg\u00e2r\u0131 sizi \u00e7arpacak. Ama mutlaka iyi gelecek. -Abdullah A\u011far, Gazi \/ Emekli Asker \/ Yazar <\/p>\n","protected":false},"excerpt":{"rendered":"<p>Asker ve m\u00fcridin ayn\u0131 anda g\u00f6r\u00fcld\u00fc\u011f\u00fc dev\u015firme sisteminin modern d\u00f6nem T\u00fcrkiye\u2019sine de \u00f6nemli yans\u0131malar\u0131 s\u00f6z konusu. Ancak ordu ve tarikatlar benze\u015fti\u011fi kadar ayr\u0131\u015f\u0131rlar da. Ordular bu<span class=\"excerpt-hellip\"> [\u2026]<\/span><\/p>\n","protected":false},"featured_media":0,"template":"","meta":{"_monsterinsights_skip_tracking":false,"_monsterinsights_sitenote_active":false,"_monsterinsights_sitenote_note":"","_monsterinsights_sitenote_category":0},"product_brand":[],"product_cat":[13590,12337],"product_tag":[],"class_list":{"0":"post-730963","1":"product","2":"type-product","3":"status-publish","5":"product_cat-arastirma-inceleme-politika-siyaset","6":"product_cat-politika-siyaset","7":"pa_cilt-ciltsiz","8":"pa_tur-kitap","9":"pa_yayinevi-kara-karga-yayinlari","10":"pa_yazar-muhittin-imil","12":"first","13":"instock","14":"sale","15":"shipping-taxable","16":"purchasable","17":"product-type-simple"},"_links":{"self":[{"href":"https:\/\/roveyayinevi.com.tr\/index.php\/wp-json\/wp\/v2\/product\/730963","targetHints":{"allow":["GET"]}}],"collection":[{"href":"https:\/\/roveyayinevi.com.tr\/index.php\/wp-json\/wp\/v2\/product"}],"about":[{"href":"https:\/\/roveyayinevi.com.tr\/index.php\/wp-json\/wp\/v2\/types\/product"}],"wp:attachment":[{"href":"https:\/\/roveyayinevi.com.tr\/index.php\/wp-json\/wp\/v2\/media?parent=730963"}],"wp:term":[{"taxonomy":"product_brand","embeddable":true,"href":"https:\/\/roveyayinevi.com.tr\/index.php\/wp-json\/wp\/v2\/product_brand?post=730963"},{"taxonomy":"product_cat","embeddable":true,"href":"https:\/\/roveyayinevi.com.tr\/index.php\/wp-json\/wp\/v2\/product_cat?post=730963"},{"taxonomy":"product_tag","embeddable":true,"href":"https:\/\/roveyayinevi.com.tr\/index.php\/wp-json\/wp\/v2\/product_tag?post=730963"}],"curies":[{"name":"wp","href":"https:\/\/api.w.org\/{rel}","templated":true}]}}