{"id":730961,"date":"2025-08-27T21:23:17","date_gmt":"2025-08-27T18:23:17","guid":{"rendered":"https:\/\/roveyayinevi.com.tr\/index.php\/urun\/karagoz-ve-hacivat-ile-boncukgoz\/"},"modified":"2026-04-16T02:38:56","modified_gmt":"2026-04-15T23:38:56","slug":"karagoz-ve-hacivat-ile-boncukgoz","status":"publish","type":"product","link":"https:\/\/roveyayinevi.com.tr\/index.php\/urun\/karagoz-ve-hacivat-ile-boncukgoz\/","title":{"rendered":"Karag\u00f6z ve Hacivat  ile Boncukg\u00f6z"},"content":{"rendered":"<p>Uzay, dedesinin  ya\u011fl\u0131 boya sergisinde Hacivat ve Karag\u00f6z resimlerine bakarken, Hacivat ve Karag\u00f6z resimlerinin kendisine g\u00f6z k\u0131rpt\u0131\u011f\u0131n\u0131 g\u00f6r\u00fcr ve \u00e7ok heyecanlan\u0131r. Hemen g\u00f6lge oyunu kahramanlar\u0131yla tan\u0131\u015f\u0131p arkada\u015f olmak ister\u2026 G\u00f6lge oyunu T\u00fcrk k\u00fclt\u00fcr\u00fcn\u00fcn ayr\u0131lmaz bir par\u00e7as\u0131d\u0131r. G\u00f6lge oyunu denildi\u011finde \u015f\u00fcphesiz ki akl\u0131m\u0131za Hacivat ve Karag\u00f6z gelir. \u0130\u015fte bu kitap; dedesi bir g\u00f6lge oyunu ara\u015ft\u0131rmac\u0131s\u0131 olan Uzay\u2019\u0131n maceralar\u0131n\u0131 anlatmaktad\u0131r<\/p>\n","protected":false},"excerpt":{"rendered":"<p>Uzay, dedesinin ya\u011fl\u0131 boya sergisinde Hacivat ve Karag\u00f6z resimlerine bakarken, Hacivat ve Karag\u00f6z resimlerinin kendisine g\u00f6z k\u0131rpt\u0131\u011f\u0131n\u0131 g\u00f6r\u00fcr ve \u00e7ok heyecanlan\u0131r. Hemen g\u00f6lge oyunu kahramanlar\u0131yla tan\u0131\u015f\u0131p<span class=\"excerpt-hellip\"> [\u2026]<\/span><\/p>\n","protected":false},"featured_media":0,"template":"","meta":{"_monsterinsights_skip_tracking":false,"_monsterinsights_sitenote_active":false,"_monsterinsights_sitenote_note":"","_monsterinsights_sitenote_category":0},"product_brand":[],"product_cat":[12913,12274],"product_tag":[],"class_list":{"0":"post-730961","1":"product","2":"type-product","3":"status-publish","5":"product_cat-3-6-yas-kitaplari","6":"product_cat-cocuk-ve-genclik-kitaplari","7":"pa_cilt-ciltsiz","8":"pa_tur-kitap","9":"pa_yayinevi-perseus","10":"pa_yazar-hilal-kati-ermis","12":"first","13":"instock","14":"sale","15":"shipping-taxable","16":"purchasable","17":"product-type-simple"},"_links":{"self":[{"href":"https:\/\/roveyayinevi.com.tr\/index.php\/wp-json\/wp\/v2\/product\/730961","targetHints":{"allow":["GET"]}}],"collection":[{"href":"https:\/\/roveyayinevi.com.tr\/index.php\/wp-json\/wp\/v2\/product"}],"about":[{"href":"https:\/\/roveyayinevi.com.tr\/index.php\/wp-json\/wp\/v2\/types\/product"}],"wp:attachment":[{"href":"https:\/\/roveyayinevi.com.tr\/index.php\/wp-json\/wp\/v2\/media?parent=730961"}],"wp:term":[{"taxonomy":"product_brand","embeddable":true,"href":"https:\/\/roveyayinevi.com.tr\/index.php\/wp-json\/wp\/v2\/product_brand?post=730961"},{"taxonomy":"product_cat","embeddable":true,"href":"https:\/\/roveyayinevi.com.tr\/index.php\/wp-json\/wp\/v2\/product_cat?post=730961"},{"taxonomy":"product_tag","embeddable":true,"href":"https:\/\/roveyayinevi.com.tr\/index.php\/wp-json\/wp\/v2\/product_tag?post=730961"}],"curies":[{"name":"wp","href":"https:\/\/api.w.org\/{rel}","templated":true}]}}