{"id":730958,"date":"2025-08-27T21:23:15","date_gmt":"2025-08-27T18:23:15","guid":{"rendered":"https:\/\/roveyayinevi.com.tr\/index.php\/urun\/oxford-isletme-gruplari-elkitabi\/"},"modified":"2026-04-16T02:38:56","modified_gmt":"2026-04-15T23:38:56","slug":"oxford-isletme-gruplari-elkitabi","status":"publish","type":"product","link":"https:\/\/roveyayinevi.com.tr\/index.php\/urun\/oxford-isletme-gruplari-elkitabi\/","title":{"rendered":"Oxford \u0130\u015fletme Gruplar\u0131 Elkitab\u0131"},"content":{"rendered":"<p>\u0130\u015fletme gruplar\u0131 (nam\u0131di\u011fer holdingler), ekonomik \u00f6rg\u00fctlenmenin modern olmayan bi\u00e7imleri olarak kimi zaman ele\u015ftiri konusu olsa da, bunlar\u0131n bir\u00e7o\u011fu ekonomik ve siyasi \u00e7alkant\u0131lara, uluslararas\u0131 rekabete ve teknolojik de\u011fi\u015fime uyum sa\u011flayarak \u00f6nemli bir diren\u00e7 g\u00f6stermi\u015ftir.Oxford \u0130\u015fletme Gruplar\u0131 Elkitab\u0131, ta\u015f\u0131d\u0131klar\u0131 \u00f6neme ra\u011fmen yeterince incelenmeyen bu i\u015fletme gruplar\u0131n\u0131n geli\u015fimini, stratejilerini ve kurumsal y\u00f6netimlerini irdelemeye y\u00f6nelik kapsaml\u0131 ilk sistematik \u00e7al\u0131\u015fma niteli\u011finde.Bir yandan \u00e7e\u015fitli \u00fclkelerdeki i\u015fletme gruplar\u0131 hakk\u0131nda analitik ve tarihsel verilere dayanan ampirik incelemelere yer veren Elkitab\u0131, di\u011fer yandan da farkl\u0131 \u00fclke \u00f6rneklerini kar\u015f\u0131la\u015ft\u0131r\u0131p bu \u00fclkelerin k\u00fcresel ba\u011flama nas\u0131l oturduklar\u0131na y\u00f6nelik kuramsal bir \u00e7er\u00e7eve sunuyor.Sadece akademisyenler i\u00e7in de\u011fil, \u015firket y\u00f6neticileri ve politikac\u0131lar i\u00e7in de son derece \u00f6nemli olan bu \u00e7al\u0131\u015fma, i\u015fletme gruplar\u0131n\u0131n b\u00fcy\u00fck \u015firketler kesiminin \u00e7ekirde\u011fini olu\u015fturdu\u011fu T\u00fcrkiye ekonomisi ile birlikte bir\u00e7ok y\u00fckselen piyasaya odaklan\u0131yor: Ele al\u0131nan b\u00f6lgeler Asya\u2019dan Latin Amerika ve Ortado\u011fu\u2019ya kadar \u00e7e\u015fitlilik g\u00f6steriyor.Asl\u0131 M. \u00c7olpan, Japonya, Kyoto \u00dcniversitesi \u0130dari Bilimler Enstit\u00fcs\u00fc ve Ekonomi Enstit\u00fcs\u00fc\u2019nde \u00f6\u011fretim \u00fcyesidir. 2010 y\u0131l\u0131nda, \u00fcniversitedeki en ba\u015far\u0131l\u0131 kad\u0131n akademisyenlere verilen Tachibana \u00d6d\u00fcl\u00fc\u2019ne lay\u0131k g\u00f6r\u00fclm\u00fc\u015ft\u00fcr.Takashi Hikino, Japonya, Kyoto \u00dcniversitesi \u0130dari Bilimler Enstit\u00fcs\u00fc\u2019nde \u00f6\u011fretim \u00fcyesidir.James R. Lincoln, Berkeley\u2019deki California \u00dcniversitesi, Walter A. Haas \u0130dari Bilimler Fak\u00fcltesi, Mitsubishi Uluslararas\u0131 \u0130\u015fletme ve Finans K\u00fcrs\u00fcs\u00fc\u2019nde \u00f6\u011fretim \u00fcyesidir.<\/p>\n","protected":false},"excerpt":{"rendered":"<p>\u0130\u015fletme gruplar\u0131 (nam\u0131di\u011fer holdingler), ekonomik \u00f6rg\u00fctlenmenin modern olmayan bi\u00e7imleri olarak kimi zaman ele\u015ftiri konusu olsa da, bunlar\u0131n bir\u00e7o\u011fu ekonomik ve siyasi \u00e7alkant\u0131lara, uluslararas\u0131 rekabete ve teknolojik<span class=\"excerpt-hellip\"> [\u2026]<\/span><\/p>\n","protected":false},"featured_media":0,"template":"","meta":{"_monsterinsights_skip_tracking":false,"_monsterinsights_sitenote_active":false,"_monsterinsights_sitenote_note":"","_monsterinsights_sitenote_category":0},"product_brand":[],"product_cat":[13043,14381],"product_tag":[],"class_list":{"0":"post-730958","1":"product","2":"type-product","3":"status-publish","5":"product_cat-ekonomi","6":"product_cat-isletme-muhasebe-maliye","7":"pa_cilt-ciltsiz","8":"pa_tur-kitap","9":"pa_yayinevi-koc-universitesi-yayinlari","10":"pa_yazar-koc-universitesi-yayinlari-kolektif","12":"first","13":"instock","14":"sale","15":"shipping-taxable","16":"purchasable","17":"product-type-simple"},"_links":{"self":[{"href":"https:\/\/roveyayinevi.com.tr\/index.php\/wp-json\/wp\/v2\/product\/730958","targetHints":{"allow":["GET"]}}],"collection":[{"href":"https:\/\/roveyayinevi.com.tr\/index.php\/wp-json\/wp\/v2\/product"}],"about":[{"href":"https:\/\/roveyayinevi.com.tr\/index.php\/wp-json\/wp\/v2\/types\/product"}],"wp:attachment":[{"href":"https:\/\/roveyayinevi.com.tr\/index.php\/wp-json\/wp\/v2\/media?parent=730958"}],"wp:term":[{"taxonomy":"product_brand","embeddable":true,"href":"https:\/\/roveyayinevi.com.tr\/index.php\/wp-json\/wp\/v2\/product_brand?post=730958"},{"taxonomy":"product_cat","embeddable":true,"href":"https:\/\/roveyayinevi.com.tr\/index.php\/wp-json\/wp\/v2\/product_cat?post=730958"},{"taxonomy":"product_tag","embeddable":true,"href":"https:\/\/roveyayinevi.com.tr\/index.php\/wp-json\/wp\/v2\/product_tag?post=730958"}],"curies":[{"name":"wp","href":"https:\/\/api.w.org\/{rel}","templated":true}]}}