{"id":730957,"date":"2025-08-27T21:23:14","date_gmt":"2025-08-27T18:23:14","guid":{"rendered":"https:\/\/roveyayinevi.com.tr\/index.php\/urun\/hos-geldin-huzun\/"},"modified":"2026-04-16T02:38:56","modified_gmt":"2026-04-15T23:38:56","slug":"hos-geldin-huzun","status":"publish","type":"product","link":"https:\/\/roveyayinevi.com.tr\/index.php\/urun\/hos-geldin-huzun\/","title":{"rendered":"Ho\u015f Geldin H\u00fcz\u00fcn"},"content":{"rendered":"<p>Elveda Masum \u00c7ocuklu\u011fum; Ho\u015f Geldin H\u00fcz\u00fcn Frans\u0131z yazar Fran\u00e7oise Sagan&#8217;\u0131n, yay\u0131mland\u0131ktan k\u0131sa s\u00fcre sonra d\u00fcnya \u00e7ap\u0131nda ba\u015far\u0131 elde eden ilk roman\u0131 Ho\u015f Geldin H\u00fcz\u00fcn, on yedi ya\u015f\u0131ndaki C\u00e9cile&#8217;in zevk d\u00fc\u015fk\u00fcn\u00fc hayat\u0131n\u0131, yeti\u015fkinlerle ili\u015fkisini ve ku\u015fak \u00e7at\u0131\u015fmas\u0131n\u0131 1950&#8217;lerin ruhuna sad\u0131k kalarak, incelikle yans\u0131t\u0131yor.  \u0130lk kez okurla bulu\u015fmas\u0131ndan onlarca y\u0131l sonra Fr\u00e9d\u00e9ric R\u00e9b\u00e9na&#8217;n\u0131n grafik roman uyarlamas\u0131yla yeniden g\u00fcn y\u00fcz\u00fcne \u00e7\u0131kan bu s\u00fcr\u00fckleyici eser, kendi d\u00f6nemi i\u00e7in u\u00e7ar\u0131 ve hatta c\u00fcretk\u00e2r say\u0131labilecek bir hik\u00e2yeyi Frans\u0131z Rivieras\u0131&#8217;n\u0131n o meyvemsi ve deniz kokulu atmosferi e\u015fli\u011finde sil ba\u015ftan ya\u015fat\u0131yor.    Hollywood&#8217;un efsane y\u00f6netmenlerinden Otto Preminger taraf\u0131ndan ayn\u0131 adla sinemaya da uyarlanan ve Jean Seberg&#8217;in tutkulu oyunculu\u011fuyla haf\u0131zalara kaz\u0131nan eser, &#8221;mutlulu\u011fu&#8221; arayan yeniyetme bir k\u0131z\u0131n istemsiz k\u00f6t\u00fcl\u00fc\u011f\u00fcn\u00fcn ard\u0131nda yatan ger\u00e7eklere ve k\u00f6relen vicdan\u0131na odaklan\u0131yor.Baba k\u0131z tatile \u00e7\u0131kan C\u00e9cile ve Raymond, Frans\u0131z Rivieras\u0131&#8217;nda bir villa kiralar. Tatillerine, Raymond&#8217;un gen\u00e7 ve g\u00fczel sevgilisi Elsa da e\u015flik edecektir. Okuldan ve derslerden uzakta, ilk duygusal yak\u0131nla\u015fmalar\u0131n s\u0131cakl\u0131\u011f\u0131 ile Akdeniz&#8217;in tad\u0131n\u0131 doyas\u0131ya \u00e7\u0131karmakta olan C\u00e9cile&#8217;in huzuru, babas\u0131n\u0131n bir emrivaki ile yazl\u0131\u011fa davet etti\u011fi, y\u0131llar \u00f6nce kaybetti\u011fi annesinin de eski bir arkada\u015f\u0131 olan Anne&#8217;\u0131n geli\u015fi ile bozulur. Zarafeti ve olgun ki\u015fili\u011fiyle herkesi b\u00fcy\u00fcleyen ve hatta Elsa&#8217;ya ra\u011fmen babas\u0131n\u0131 kendine \u00e2\u015f\u0131k etmeyi ba\u015faran Anne; C\u00e9cile&#8217;in, babas\u0131yla d\u00fc\u015fledi\u011fi mutlu gelecek i\u00e7in art\u0131k b\u00fcy\u00fck bir tehdittir. Gen\u00e7 k\u0131z\u0131n, konforlu hayatlar\u0131n\u0131 yersiz kurallarla darmada\u011f\u0131n edece\u011fine emin oldu\u011fu bu g\u00fc\u00e7l\u00fc kad\u0131ndan kurtulmak i\u00e7in entrikalarla dolu sinsi bir plan\u0131 vard\u0131r&#8230;Ad\u0131n\u0131 Paul \u00c9luard&#8217;\u0131n \u015fiirinden alan Ho\u015f Geldin H\u00fcz\u00fcn, \u00f6zellikle Frans\u0131z toplumunun burjuva kesiminin ge\u00e7mi\u015ften g\u00fcn\u00fcm\u00fcze neredeyse hi\u00e7 de\u011fi\u015fmeyen ahlak alg\u0131s\u0131n\u0131 sorguluyor. 2020&#8217;li y\u0131llar i\u00e7in bile hayli s\u0131rad\u0131\u015f\u0131 say\u0131labilecek bir ailenin, i\u00e7inden \u00e7\u0131k\u0131lmas\u0131 g\u00fc\u00e7 ili\u015fki sarmal\u0131n\u0131 t\u00fcm hatlar\u0131yla, ustal\u0131kla resmediyor.    Sagan&#8217;\u0131n bu en bilinen eserine sayg\u0131 duru\u015fundan ziyade yeni bir soluk getiren Fr\u00e9d\u00e9ric R\u00e9b\u00e9na, detayl\u0131 \u00e7izimleri ve se\u00e7ti\u011fi renk paletiyle okurlar\u0131n\u0131 1950&#8217;lere g\u00f6t\u00fcr\u00fcyor. &#8221;Kendimi sevmeme engel oluyor; ben ki asl\u0131nda gams\u0131z olmak i\u00e7in yarat\u0131lm\u0131\u015f\u0131m, onun y\u00fcz\u00fcnden kendimi vicdan azab\u0131 i\u00e7inde buluyorum&#8230;&#8221;<\/p>\n","protected":false},"excerpt":{"rendered":"<p>Elveda Masum \u00c7ocuklu\u011fum; Ho\u015f Geldin H\u00fcz\u00fcn Frans\u0131z yazar Fran\u00e7oise Sagan&#8217;\u0131n, yay\u0131mland\u0131ktan k\u0131sa s\u00fcre sonra d\u00fcnya \u00e7ap\u0131nda ba\u015far\u0131 elde eden ilk roman\u0131 Ho\u015f Geldin H\u00fcz\u00fcn, on yedi<span class=\"excerpt-hellip\"> [\u2026]<\/span><\/p>\n","protected":false},"featured_media":0,"template":"","meta":{"_monsterinsights_skip_tracking":false,"_monsterinsights_sitenote_active":false,"_monsterinsights_sitenote_note":"","_monsterinsights_sitenote_category":0},"product_brand":[],"product_cat":[12291,12711],"product_tag":[],"class_list":{"0":"post-730957","1":"product","2":"type-product","3":"status-publish","5":"product_cat-edebiyat","6":"product_cat-roman-oyku","7":"pa_cilt-ciltsiz","8":"pa_tur-kitap","9":"pa_yayinevi-desen-yayinlari","10":"pa_yazar-francoise-sagan","12":"first","13":"instock","14":"sale","15":"shipping-taxable","16":"purchasable","17":"product-type-simple"},"_links":{"self":[{"href":"https:\/\/roveyayinevi.com.tr\/index.php\/wp-json\/wp\/v2\/product\/730957","targetHints":{"allow":["GET"]}}],"collection":[{"href":"https:\/\/roveyayinevi.com.tr\/index.php\/wp-json\/wp\/v2\/product"}],"about":[{"href":"https:\/\/roveyayinevi.com.tr\/index.php\/wp-json\/wp\/v2\/types\/product"}],"wp:attachment":[{"href":"https:\/\/roveyayinevi.com.tr\/index.php\/wp-json\/wp\/v2\/media?parent=730957"}],"wp:term":[{"taxonomy":"product_brand","embeddable":true,"href":"https:\/\/roveyayinevi.com.tr\/index.php\/wp-json\/wp\/v2\/product_brand?post=730957"},{"taxonomy":"product_cat","embeddable":true,"href":"https:\/\/roveyayinevi.com.tr\/index.php\/wp-json\/wp\/v2\/product_cat?post=730957"},{"taxonomy":"product_tag","embeddable":true,"href":"https:\/\/roveyayinevi.com.tr\/index.php\/wp-json\/wp\/v2\/product_tag?post=730957"}],"curies":[{"name":"wp","href":"https:\/\/api.w.org\/{rel}","templated":true}]}}