{"id":730955,"date":"2025-08-27T21:23:13","date_gmt":"2025-08-27T18:23:13","guid":{"rendered":"https:\/\/roveyayinevi.com.tr\/index.php\/urun\/var-boyle-tipler-atasozleri-ve-deyimler-sozlugu\/"},"modified":"2026-04-16T02:38:40","modified_gmt":"2026-04-15T23:38:40","slug":"var-boyle-tipler-atasozleri-ve-deyimler-sozlugu","status":"publish","type":"product","link":"https:\/\/roveyayinevi.com.tr\/index.php\/urun\/var-boyle-tipler-atasozleri-ve-deyimler-sozlugu\/","title":{"rendered":"Var B\u00f6yle Tipler Atas\u00f6zleri ve Deyimler S\u00f6zl\u00fc\u011f\u00fc"},"content":{"rendered":"<p>Var B\u00f6yle Tipler kitap oldu Sosyal medyada ve televizyonda yapt\u0131\u011f\u0131 ba\u015far\u0131l\u0131 projelerle ad\u0131n\u0131 duyuran K\u0131van\u00e7 Talu\u2019dan okuyan\u0131 kimi zaman g\u00fcl\u00fcmsetecek \u00e7o\u011fu zaman da kahkahalara bo\u011facak bir kitap raflardaki yerini ald\u0131. Nemesis Kitap arac\u0131l\u0131\u011f\u0131yla okurlar\u0131na merhaba diyen Var B\u00f6yle Tipler Atas\u00f6zleri ve Deyimler S\u00f6zl\u00fc\u011f\u00fc\u2019n\u00fcn tek bir amac\u0131 var, o da bu kasvetli g\u00fcnlere inat biraz olsun g\u00fcl\u00fcmseyebilmek! Var B\u00f6yle Tipler Atas\u00f6zleri ve Deyimler S\u00f6zl\u00fc\u011f\u00fc kitab\u0131, ya\u015fam\u0131n i\u00e7inde var olan, seni, beni ve di\u011ferlerini kimi zaman betimlemekten geri kalmad\u0131\u011f\u0131m\u0131z esprili deyim ve s\u00f6zlerin yine espriyle peki\u015ftirilen anlamlar\u0131ndan olu\u015fuyor. \u201cPsikolojim pinpon topu gibi,\u201d diyerek dalgal\u0131 bir ruh halini betimlerken, eski sevgililerden, ayr\u0131l\u0131k sonras\u0131 silinen foto\u011fraflardan, \u00e7o\u011ful yaln\u0131zl\u0131klar ve i\u00e7sel kayg\u0131lardan, paradan ve paras\u0131zl\u0131ktan yak\u0131nan kimselerden ve hayat\u0131n i\u00e7inde yer alan var b\u00f6yle tipler yahu dedi\u011fimiz pek \u00e7ok insandan \u00f6rnekleri bir bir s\u0131ral\u0131yor. Hayata biraz tebess\u00fcmle bakmak ve biraz da pek bir ciddiye ald\u0131\u011f\u0131m\u0131z durumlar\u0131 ve insanlar\u0131 az\u0131c\u0131k paylamak, biraz hafifletmek ve en \u00e7ok da \u015fu karamsar g\u00fcnlerin ac\u0131s\u0131n\u0131 espriyle ayd\u0131nlatmak herkese iyi gelecek. Eee, yok mu b\u00f6yle tipler? Ger\u00e7ekten Var B\u00f6yle Tipler! Psikolojim pinpon topu gibi* *\u0130nsan psikolojisinin olumlu ve olumsuz y\u00f6nlerde, bir pinpon topu hafifli\u011fiyle savrulmas\u0131 ve hatta bunun bir pinpon m\u00fcsabakas\u0131ndaki gibi h\u0131zl\u0131 seyir de\u011fi\u015ftiriyor olmas\u0131. Beyaz yakan\u0131n \u00e7akal\u0131, ge\u00e7 a\u011f\u0131r\u0131r \u015faka\u011f\u0131* * \u0130\u015fini t\u00fcrl\u00fc \u00e7akall\u0131klarla ba\u015fkas\u0131na yapt\u0131ran, toplant\u0131larda alicengiz oyunlar\u0131 ile g\u00f6z boyayarak \u00f6n plana \u00e7\u0131kan ve mesai saati biter bitmez solu\u011fu plaza servisinde alan beyaz yaka plaza \u00e7al\u0131\u015fanlar\u0131n\u0131n bu sayede daha ge\u00e7 ya\u015fland\u0131\u011f\u0131n\u0131 betimleyen yeni nesil bir atas\u00f6z\u00fcd\u00fcr. (Her plazada mutlaka \u00fc\u00e7 be\u015f tane bulunur.) Son k\u0131smet b\u00fck\u00fcc\u00fc* *\u0130nsan\u0131n tam hay\u0131rl\u0131 bir k\u0131smete kavu\u015faca\u011f\u0131n\u0131 d\u00fc\u015f\u00fcn\u00fcrken, hi\u00e7 hesapta olmayan bir hemcinsin devreye girip i\u015fi bozmas\u0131 ve o ki\u015finin sa\u00e7\u0131n\u0131 ba\u015f\u0131n\u0131 yolma f\u0131rsat\u0131 elde edemeden konunun kapanmas\u0131. <\/p>\n","protected":false},"excerpt":{"rendered":"<p>Var B\u00f6yle Tipler kitap oldu Sosyal medyada ve televizyonda yapt\u0131\u011f\u0131 ba\u015far\u0131l\u0131 projelerle ad\u0131n\u0131 duyuran K\u0131van\u00e7 Talu\u2019dan okuyan\u0131 kimi zaman g\u00fcl\u00fcmsetecek \u00e7o\u011fu zaman da kahkahalara bo\u011facak bir<span class=\"excerpt-hellip\"> [\u2026]<\/span><\/p>\n","protected":false},"featured_media":0,"template":"","meta":{"_monsterinsights_skip_tracking":false,"_monsterinsights_sitenote_active":false,"_monsterinsights_sitenote_note":"","_monsterinsights_sitenote_category":0},"product_brand":[],"product_cat":[12291,14825],"product_tag":[],"class_list":{"0":"post-730955","1":"product","2":"type-product","3":"status-publish","5":"product_cat-edebiyat","6":"product_cat-mizah","7":"pa_cilt-ciltsiz","8":"pa_tur-kitap","9":"pa_yayinevi-nemesis-kitap","10":"pa_yazar-kivanc-talu","12":"first","13":"instock","14":"sale","15":"shipping-taxable","16":"purchasable","17":"product-type-simple"},"_links":{"self":[{"href":"https:\/\/roveyayinevi.com.tr\/index.php\/wp-json\/wp\/v2\/product\/730955","targetHints":{"allow":["GET"]}}],"collection":[{"href":"https:\/\/roveyayinevi.com.tr\/index.php\/wp-json\/wp\/v2\/product"}],"about":[{"href":"https:\/\/roveyayinevi.com.tr\/index.php\/wp-json\/wp\/v2\/types\/product"}],"wp:attachment":[{"href":"https:\/\/roveyayinevi.com.tr\/index.php\/wp-json\/wp\/v2\/media?parent=730955"}],"wp:term":[{"taxonomy":"product_brand","embeddable":true,"href":"https:\/\/roveyayinevi.com.tr\/index.php\/wp-json\/wp\/v2\/product_brand?post=730955"},{"taxonomy":"product_cat","embeddable":true,"href":"https:\/\/roveyayinevi.com.tr\/index.php\/wp-json\/wp\/v2\/product_cat?post=730955"},{"taxonomy":"product_tag","embeddable":true,"href":"https:\/\/roveyayinevi.com.tr\/index.php\/wp-json\/wp\/v2\/product_tag?post=730955"}],"curies":[{"name":"wp","href":"https:\/\/api.w.org\/{rel}","templated":true}]}}