{"id":730952,"date":"2025-08-27T21:23:10","date_gmt":"2025-08-27T18:23:10","guid":{"rendered":"https:\/\/roveyayinevi.com.tr\/index.php\/urun\/osmanli-tarihciligine-yon-veren-konusmalar\/"},"modified":"2026-04-16T02:38:40","modified_gmt":"2026-04-15T23:38:40","slug":"osmanli-tarihciligine-yon-veren-konusmalar","status":"publish","type":"product","link":"https:\/\/roveyayinevi.com.tr\/index.php\/urun\/osmanli-tarihciligine-yon-veren-konusmalar\/","title":{"rendered":"Osmanl\u0131 Tarih\u00e7ili\u011fine Y\u00f6n Veren Konu\u015fmalar"},"content":{"rendered":"<p>Son yirmi y\u0131lda Osmanl\u0131 ara\u015ft\u0131rmalar\u0131nda konu yelpazesi geni\u015fledi, yeni y\u00f6ntemler devreye girdi; ba\u015fta sosyal tarih, iktisat tarihi, askeri tarih ve \u015fehir tarihi gibi alanlarda yeni y\u00f6nelimler ortaya \u00e7\u0131kt\u0131. Maddi k\u00fclt\u00fcr ve servet, t\u00fcketim, kad\u0131n\/cinsiyet, harem, ticaret ve finans, yemek, ayanl\u0131k, kurulu\u015f, kimlik, e\u011fitim, \u00e7evre, s\u0131n\u0131r ve serhat \u00e7al\u0131\u015fmalar\u0131, i\u00e7inde bulundu\u011fumuz y\u00fczy\u0131lda ilgi g\u00f6ren ve \u00fczerine \u00f6zg\u00fcn eserler verilen konular oldu.Osmanl\u0131 tarih\u00e7ili\u011fine y\u00f6n veren, uzman tarih\u00e7ilere ait metinlerden olu\u015fan bu kitap, tarih\u00e7ili\u011fimizin son y\u0131llardaki seyrini izlemek ve yeni \u00e7al\u0131\u015fma alanlar\u0131 ke\u015ffetmek i\u00e7in benzersiz bir imk\u00e2n sunuyor. Metinler, Osmanl\u0131 tarihini, kitab\u00ee kaynaklardan harem \u00e7al\u0131\u015fmalar\u0131na, askeri tarihten deniz tarihi ara\u015ft\u0131rmalar\u0131na, \u015feriyye sicillerinin Osmanl\u0131 ara\u015ft\u0131rmalar\u0131 i\u00e7in \u00f6neminden iktisat tarihi ara\u015ft\u0131rmalar\u0131n\u0131n serencam\u0131na, t\u0131p tarihi \u00e7al\u0131\u015fmalar\u0131ndaki sorunlardan s\u0131n\u0131r ara\u015ft\u0131rmalar\u0131na kadar olduk\u00e7a geni\u015f bir yelpazede ele al\u0131yor. Abd\u00fclkadir \u00d6zcan, Ahmet Ya\u015far Ocak, Ahmet Tabako\u011flu, Ali Aky\u0131ld\u0131z, Berch Berberoglu, Feridun Emecen, G\u00e1bor \u00c1goston, \u0130dris Bostan, Mehmet Akif Ayd\u0131n, Michael Ursinus, Nil Sar\u0131 gibi yetkin akademisyenlerin Osmanl\u0131 tarihinin \u00e7e\u015fitli alanlar\u0131n\u0131n mevcut durumuyla ilgili tespitlerini ve bundan sonra yap\u0131lacak \u00e7al\u0131\u015fmalar i\u00e7in \u00f6nerilerini i\u00e7ermesiyle de ba\u015fucu kayna\u011f\u0131 niteli\u011fi ta\u015f\u0131yor.Arif Bilgin ve M. Bedizel Ayd\u0131n\u2019\u0131n edit\u00f6rl\u00fc\u011f\u00fcn\u00fc yapt\u0131\u011f\u0131 \u201cOsmanl\u0131 Tarih\u00e7ili\u011fine Y\u00f6n Veren Konu\u015fmalar\u201d, hem tarih \u00f6\u011frencilerinin hem de ara\u015ft\u0131rma tutkunlar\u0131n\u0131n b\u00fcy\u00fck keyif alarak okuyacaklar\u0131 bir \u00e7al\u0131\u015fma\u2026<\/p>\n","protected":false},"excerpt":{"rendered":"<p>Son yirmi y\u0131lda Osmanl\u0131 ara\u015ft\u0131rmalar\u0131nda konu yelpazesi geni\u015fledi, yeni y\u00f6ntemler devreye girdi; ba\u015fta sosyal tarih, iktisat tarihi, askeri tarih ve \u015fehir tarihi gibi alanlarda yeni y\u00f6nelimler<span class=\"excerpt-hellip\"> [\u2026]<\/span><\/p>\n","protected":false},"featured_media":0,"template":"","meta":{"_monsterinsights_skip_tracking":false,"_monsterinsights_sitenote_active":false,"_monsterinsights_sitenote_note":"","_monsterinsights_sitenote_category":0},"product_brand":[],"product_cat":[13517,12304],"product_tag":[],"class_list":{"0":"post-730952","1":"product","2":"type-product","3":"status-publish","5":"product_cat-osmanli-tarihi","6":"product_cat-tarih","7":"pa_cilt-ciltsiz","8":"pa_tur-kitap","9":"pa_yayinevi-kronik-kitap","10":"pa_yazar-arif-bilgin-m-bedizel-aydin","12":"first","13":"instock","14":"sale","15":"shipping-taxable","16":"purchasable","17":"product-type-simple"},"_links":{"self":[{"href":"https:\/\/roveyayinevi.com.tr\/index.php\/wp-json\/wp\/v2\/product\/730952","targetHints":{"allow":["GET"]}}],"collection":[{"href":"https:\/\/roveyayinevi.com.tr\/index.php\/wp-json\/wp\/v2\/product"}],"about":[{"href":"https:\/\/roveyayinevi.com.tr\/index.php\/wp-json\/wp\/v2\/types\/product"}],"wp:attachment":[{"href":"https:\/\/roveyayinevi.com.tr\/index.php\/wp-json\/wp\/v2\/media?parent=730952"}],"wp:term":[{"taxonomy":"product_brand","embeddable":true,"href":"https:\/\/roveyayinevi.com.tr\/index.php\/wp-json\/wp\/v2\/product_brand?post=730952"},{"taxonomy":"product_cat","embeddable":true,"href":"https:\/\/roveyayinevi.com.tr\/index.php\/wp-json\/wp\/v2\/product_cat?post=730952"},{"taxonomy":"product_tag","embeddable":true,"href":"https:\/\/roveyayinevi.com.tr\/index.php\/wp-json\/wp\/v2\/product_tag?post=730952"}],"curies":[{"name":"wp","href":"https:\/\/api.w.org\/{rel}","templated":true}]}}