{"id":730950,"date":"2025-08-27T21:23:09","date_gmt":"2025-08-27T18:23:09","guid":{"rendered":"https:\/\/roveyayinevi.com.tr\/index.php\/urun\/daha-iyi-bir-turkiye-icin-hangi-fikri-yikalim\/"},"modified":"2026-04-16T02:38:40","modified_gmt":"2026-04-15T23:38:40","slug":"daha-iyi-bir-turkiye-icin-hangi-fikri-yikalim","status":"publish","type":"product","link":"https:\/\/roveyayinevi.com.tr\/index.php\/urun\/daha-iyi-bir-turkiye-icin-hangi-fikri-yikalim\/","title":{"rendered":"Daha \u0130yi Bir T\u00fcrkiye \u0130\u00e7in Hangi Fikri Y\u0131kal\u0131m?"},"content":{"rendered":"<p>Her \u00fclkenin problemleri, zorlu zamanlar\u0131 ve s\u00fcre\u00e7leri var. Bu problemlerin baz\u0131s\u0131 tarihten kaynaklan\u0131p dalga dalga, devir uygun d\u00fc\u015ft\u00fck\u00e7e ya\u015fan\u0131p \u2018ba\u015f\u0131m\u0131za gelen\u2019 oluyor. Baz\u0131lar\u0131n\u0131n hayaleti hi\u00e7 gitmiyor. Hep \u00fcst\u00fcm\u00fczde ve bizleri g\u00fcd\u00fcyor adeta. Baz\u0131s\u0131n\u0131n k\u00f6k\u00fc o kadar derinde ki s\u00f6k\u00fcp at\u0131lam\u0131yor. S\u00f6kmeye \u00e7al\u0131\u015ft\u0131k\u00e7a kendini yeniden \u00fcretiyor. Her seferinde farkl\u0131 bir mana ile geri d\u00f6n\u00fcyor. Bunlardan kurtulman\u0131n bir yolu yok mu? Ya da bunlardan kurtulmadan ilerlenebilir mi? Hangilerinden s\u0131yr\u0131lmak gerekir? Bunlar\u0131 y\u0131kmadan ilerlemek kabil midir?Bug\u00fcn \u00fclkemizde bir\u00e7ok vatanda\u015f yo\u011fun g\u00fcndemden bitap d\u00fc\u015fm\u00fc\u015f halde. Bir\u00e7ok gen\u00e7 veya yeti\u015fmi\u015f beyin yurt d\u0131\u015f\u0131nda kendini ve gelece\u011fini ar\u0131yor. Yeti\u015ftirdi\u011fimiz, yat\u0131r\u0131m yapt\u0131\u011f\u0131m\u0131z ve yar\u0131n hepimizin hayat standartlar\u0131n\u0131 farkl\u0131 disiplinlerden y\u00fcr\u00fcyerek y\u00fckseltmelerini beklediklerimiz, burada bizimle olmayacaklarsa i\u015fimiz \u00e7ok zor demektir. En yeteneklileri \u00e7ekebilecek, en iyi fikirlerin dillendirilmesini sa\u011flayabilecek ve fikirlerin hayata ge\u00e7mesini m\u00fcmk\u00fcn k\u0131lacak bir \u00fclke olmak zorunday\u0131z. G\u00f6khan \u015een\u2019in elinizdeki kitab\u0131; ekonomiden sanayiye, tar\u0131mdan e\u011fitime, bilimden kad\u0131n politikalar\u0131 ve istihdama, tarihten k\u00fclt\u00fcr sanata dek g\u00fczel bir T\u00fcrkiye hayaliyle d\u00fc\u015f\u00fcnen, sorgulayan, yazan, alan\u0131n\u0131n en entelekt\u00fcel zihinleriyle konu\u015fan bir \u00e7al\u0131\u015fma.  Daha \u0130yi Bir T\u00fcrkiye \u0130\u00e7in Hangi Fikri Y\u0131kal\u0131m? ayak uydurmaya de\u011fil; cesur ad\u0131mlar atmaya, aksakl\u0131klar\u0131 tamir etmeye, daha g\u00fczelini ke\u015ffetmeye tutkun herkes i\u00e7in heyecan verici bir kitap<\/p>\n","protected":false},"excerpt":{"rendered":"<p>Her \u00fclkenin problemleri, zorlu zamanlar\u0131 ve s\u00fcre\u00e7leri var. Bu problemlerin baz\u0131s\u0131 tarihten kaynaklan\u0131p dalga dalga, devir uygun d\u00fc\u015ft\u00fck\u00e7e ya\u015fan\u0131p \u2018ba\u015f\u0131m\u0131za gelen\u2019 oluyor. Baz\u0131lar\u0131n\u0131n hayaleti hi\u00e7 gitmiyor.<span class=\"excerpt-hellip\"> [\u2026]<\/span><\/p>\n","protected":false},"featured_media":0,"template":"","meta":{"_monsterinsights_skip_tracking":false,"_monsterinsights_sitenote_active":false,"_monsterinsights_sitenote_note":"","_monsterinsights_sitenote_category":0},"product_brand":[],"product_cat":[13043,17647],"product_tag":[],"class_list":{"0":"post-730950","1":"product","2":"type-product","3":"status-publish","5":"product_cat-ekonomi","6":"product_cat-is-dunyasi","7":"pa_cilt-ciltsiz","8":"pa_tur-kitap","9":"pa_yayinevi-kronik-kitap","10":"pa_yazar-gokhan-senyurt","12":"first","13":"instock","14":"sale","15":"shipping-taxable","16":"purchasable","17":"product-type-simple"},"_links":{"self":[{"href":"https:\/\/roveyayinevi.com.tr\/index.php\/wp-json\/wp\/v2\/product\/730950","targetHints":{"allow":["GET"]}}],"collection":[{"href":"https:\/\/roveyayinevi.com.tr\/index.php\/wp-json\/wp\/v2\/product"}],"about":[{"href":"https:\/\/roveyayinevi.com.tr\/index.php\/wp-json\/wp\/v2\/types\/product"}],"wp:attachment":[{"href":"https:\/\/roveyayinevi.com.tr\/index.php\/wp-json\/wp\/v2\/media?parent=730950"}],"wp:term":[{"taxonomy":"product_brand","embeddable":true,"href":"https:\/\/roveyayinevi.com.tr\/index.php\/wp-json\/wp\/v2\/product_brand?post=730950"},{"taxonomy":"product_cat","embeddable":true,"href":"https:\/\/roveyayinevi.com.tr\/index.php\/wp-json\/wp\/v2\/product_cat?post=730950"},{"taxonomy":"product_tag","embeddable":true,"href":"https:\/\/roveyayinevi.com.tr\/index.php\/wp-json\/wp\/v2\/product_tag?post=730950"}],"curies":[{"name":"wp","href":"https:\/\/api.w.org\/{rel}","templated":true}]}}