{"id":730949,"date":"2025-08-27T21:23:08","date_gmt":"2025-08-27T18:23:08","guid":{"rendered":"https:\/\/roveyayinevi.com.tr\/index.php\/urun\/normal-cocuk-ciltli\/"},"modified":"2026-04-16T02:38:40","modified_gmt":"2026-04-15T23:38:40","slug":"normal-cocuk-ciltli","status":"publish","type":"product","link":"https:\/\/roveyayinevi.com.tr\/index.php\/urun\/normal-cocuk-ciltli\/","title":{"rendered":"Normal \u00c7ocuk (Ciltli)"},"content":{"rendered":"<p>Murph Cooper\u2019\u0131n bir sorunu var. Yeni okuluna d\u00f6nem ba\u015f\u0131ndan birka\u00e7 hafta sonra ba\u015flayan Murph, kendiniher \u015feyden kopuk hissediyor. \u00dcstelik s\u0131rf nereye oturaca\u011f\u0131,nas\u0131l arkada\u015f edinece\u011fi ve uyum sa\u011flay\u0131p sa\u011flayamayaca\u011f\u0131ndan endi\u015felendi\u011fi i\u00e7in de\u011fil.Annesi onu yanl\u0131\u015fl\u0131kla s\u00fcper kahramanlar okulunakaydettirdi\u011fi i\u00e7in! Murph\u2019\u00fcn yeni okulu \u00e7ok gizli ve a\u015f\u0131r\u0131 tuhaf. S\u0131n\u0131f arkada\u015flar\u0131 u\u00e7abiliyor, hava durumunu kontrol edebiliyor veya minik atlar \u00e7a\u011f\u0131rabiliyor. Peki ya Murph\u2019\u00fcn ola\u011fan\u00fcst\u00fc yetene\u011fi ne? \u015eey, Murph\u2019\u00fcn yetene\u011fi yok.Fakat \u00f6zel yetenekleriniz yok diye g\u00fcn\u00fc kurtaramayacak de\u011filsiniz ya! NORMAL \u00c7OCUK\u2019un kahraman olma vakti geldi! Radyo y\u0131ld\u0131z\u0131 GREG JAMES ve CHRIS SMITH taraf\u0131ndan yaz\u0131lan e\u011flenceli serinin ilk kitab\u0131.<\/p>\n","protected":false},"excerpt":{"rendered":"<p>Murph Cooper\u2019\u0131n bir sorunu var. Yeni okuluna d\u00f6nem ba\u015f\u0131ndan birka\u00e7 hafta sonra ba\u015flayan Murph, kendiniher \u015feyden kopuk hissediyor. \u00dcstelik s\u0131rf nereye oturaca\u011f\u0131,nas\u0131l arkada\u015f edinece\u011fi ve uyum<span class=\"excerpt-hellip\"> [\u2026]<\/span><\/p>\n","protected":false},"featured_media":0,"template":"","meta":{"_monsterinsights_skip_tracking":false,"_monsterinsights_sitenote_active":false,"_monsterinsights_sitenote_note":"","_monsterinsights_sitenote_category":0},"product_brand":[],"product_cat":[12275,12274],"product_tag":[],"class_list":{"0":"post-730949","1":"product","2":"type-product","3":"status-publish","5":"product_cat-6-12-yas-kitaplari","6":"product_cat-cocuk-ve-genclik-kitaplari","7":"pa_cilt-ciltli","8":"pa_tur-kitap","9":"pa_yayinevi-epsilon-yayinlari","10":"pa_yazar-greg-james-chris-smith","12":"first","13":"instock","14":"sale","15":"shipping-taxable","16":"purchasable","17":"product-type-simple"},"_links":{"self":[{"href":"https:\/\/roveyayinevi.com.tr\/index.php\/wp-json\/wp\/v2\/product\/730949","targetHints":{"allow":["GET"]}}],"collection":[{"href":"https:\/\/roveyayinevi.com.tr\/index.php\/wp-json\/wp\/v2\/product"}],"about":[{"href":"https:\/\/roveyayinevi.com.tr\/index.php\/wp-json\/wp\/v2\/types\/product"}],"wp:attachment":[{"href":"https:\/\/roveyayinevi.com.tr\/index.php\/wp-json\/wp\/v2\/media?parent=730949"}],"wp:term":[{"taxonomy":"product_brand","embeddable":true,"href":"https:\/\/roveyayinevi.com.tr\/index.php\/wp-json\/wp\/v2\/product_brand?post=730949"},{"taxonomy":"product_cat","embeddable":true,"href":"https:\/\/roveyayinevi.com.tr\/index.php\/wp-json\/wp\/v2\/product_cat?post=730949"},{"taxonomy":"product_tag","embeddable":true,"href":"https:\/\/roveyayinevi.com.tr\/index.php\/wp-json\/wp\/v2\/product_tag?post=730949"}],"curies":[{"name":"wp","href":"https:\/\/api.w.org\/{rel}","templated":true}]}}