{"id":730948,"date":"2025-08-27T21:23:07","date_gmt":"2025-08-27T18:23:07","guid":{"rendered":"https:\/\/roveyayinevi.com.tr\/index.php\/urun\/eski-iran-dinleri-ve-seytanin-dogusu\/"},"modified":"2026-04-16T02:38:40","modified_gmt":"2026-04-15T23:38:40","slug":"eski-iran-dinleri-ve-seytanin-dogusu","status":"publish","type":"product","link":"https:\/\/roveyayinevi.com.tr\/index.php\/urun\/eski-iran-dinleri-ve-seytanin-dogusu\/","title":{"rendered":"Eski \u0130ran Dinleri Ve \u015eeytan\u0131n Do\u011fu\u015fu"},"content":{"rendered":"<p>K\u00f6t\u00fcl\u00fc\u011f\u00fcn Tasar\u0131m\u0131 isimli serinin ilk kitab\u0131 olan bu \u00e7al\u0131\u015fma deneysel bir \u00e7al\u0131\u015fma olup, alan\u0131nda bir ilk diyebilece\u011fimiz t\u00fcrdendir. Olgay S\u00f6yler\u2019in \u201cEski \u0130ran Dinleri ve \u015eeytan\u0131n Do\u011fu\u015fu\u201d isimli makalesinin, I\u015f\u0131n Beril Tetik\u2019in \u201cBin Y\u0131l Ya\u015fa\u201d ve Demokan Atasoy\u2019un \u201cBir Devlet Memurunun \u0130tiraflar\u0131\u201d isimli korku \u00f6yk\u00fclerinin yer ald\u0131\u011f\u0131 \u00e7al\u0131\u015fman\u0131n amac\u0131n\u0131, Olgay S\u00f6yler \u015fu c\u00fcmlelerle ifade etmektedir:  Amac\u0131m\u0131z, \u00fclkemizde de yay\u0131mlamaya ba\u015flayan eski dinlere ait metinleri kullanarak tarih\u00ee ve mitolojik malzeme \u00fcst\u00fcne \u2018\u015eeytan\u2019\u0131n anlat\u0131s\u0131n\u0131 in\u015fa etmekti. Mitolojide tek bir motifin bile ne kadar \u00f6nemli oldu\u011funu ayr\u0131ca edebiyat ile tarihin birbirine olan katk\u0131s\u0131n\u0131 bu kitapta okuyucular\u0131m\u0131z\u0131n net olarak g\u00f6rmelerini arzu ettik. Avesta, Mani, Rig Veda gibi dini metinlere \u015eahn\u00e2me, Ard\u00e2vir\u00e2fn\u00e2me, Go\u015ft\u00e2spn\u00e2me gibi efsaneler i\u00e7eren \u0130ran destan edebiyat\u0131 e\u015flik etti. Dante\u2019nin \u0130lahi Komedya\u2019s\u0131, en-Nedim\u2019in el-Fihrist\u2019i, Birun\u00ee\u2019nin El-\u00c2s\u00e2r el-B\u00e2kiye\u2019si Mesud\u00ee\u2019nin Mur\u00fbc Ez-Zeheb\u2019i bu anlat\u0131n\u0131n yine en de\u011ferli malzeme grubuydu. Bu kadar de\u011ferli destan ve Do\u011fu klasi\u011fi eser \u00fczerine, \u00fclkemizde herkesin bulabilece\u011fi Bat\u0131 literat\u00fcr\u00fcnden de baz\u0131 kaynak olabilecek eserleri alarak anlat\u0131m\u0131z\u0131 in\u015fa etmeye gayret ettik.<\/p>\n","protected":false},"excerpt":{"rendered":"<p>K\u00f6t\u00fcl\u00fc\u011f\u00fcn Tasar\u0131m\u0131 isimli serinin ilk kitab\u0131 olan bu \u00e7al\u0131\u015fma deneysel bir \u00e7al\u0131\u015fma olup, alan\u0131nda bir ilk diyebilece\u011fimiz t\u00fcrdendir. Olgay S\u00f6yler\u2019in \u201cEski \u0130ran Dinleri ve \u015eeytan\u0131n Do\u011fu\u015fu\u201d<span class=\"excerpt-hellip\"> [\u2026]<\/span><\/p>\n","protected":false},"featured_media":0,"template":"","meta":{"_monsterinsights_skip_tracking":false,"_monsterinsights_sitenote_active":false,"_monsterinsights_sitenote_note":"","_monsterinsights_sitenote_category":0},"product_brand":[],"product_cat":[12718,12858],"product_tag":[],"class_list":{"0":"post-730948","1":"product","2":"type-product","3":"status-publish","5":"product_cat-din","6":"product_cat-mitolojiler","7":"pa_cilt-ciltsiz","8":"pa_tur-kitap","9":"pa_yayinevi-otuken-nesriyat","10":"pa_yazar-demokan-atasoy","12":"first","13":"instock","14":"sale","15":"shipping-taxable","16":"purchasable","17":"product-type-simple"},"_links":{"self":[{"href":"https:\/\/roveyayinevi.com.tr\/index.php\/wp-json\/wp\/v2\/product\/730948","targetHints":{"allow":["GET"]}}],"collection":[{"href":"https:\/\/roveyayinevi.com.tr\/index.php\/wp-json\/wp\/v2\/product"}],"about":[{"href":"https:\/\/roveyayinevi.com.tr\/index.php\/wp-json\/wp\/v2\/types\/product"}],"wp:attachment":[{"href":"https:\/\/roveyayinevi.com.tr\/index.php\/wp-json\/wp\/v2\/media?parent=730948"}],"wp:term":[{"taxonomy":"product_brand","embeddable":true,"href":"https:\/\/roveyayinevi.com.tr\/index.php\/wp-json\/wp\/v2\/product_brand?post=730948"},{"taxonomy":"product_cat","embeddable":true,"href":"https:\/\/roveyayinevi.com.tr\/index.php\/wp-json\/wp\/v2\/product_cat?post=730948"},{"taxonomy":"product_tag","embeddable":true,"href":"https:\/\/roveyayinevi.com.tr\/index.php\/wp-json\/wp\/v2\/product_tag?post=730948"}],"curies":[{"name":"wp","href":"https:\/\/api.w.org\/{rel}","templated":true}]}}