{"id":730947,"date":"2025-08-27T21:23:07","date_gmt":"2025-08-27T18:23:07","guid":{"rendered":"https:\/\/roveyayinevi.com.tr\/index.php\/urun\/sabir-timsali-hz-ummu-seleme-peygamberimizin-mutlu-yuvasi-5\/"},"modified":"2026-04-16T02:38:40","modified_gmt":"2026-04-15T23:38:40","slug":"sabir-timsali-hz-ummu-seleme-peygamberimizin-mutlu-yuvasi-5","status":"publish","type":"product","link":"https:\/\/roveyayinevi.com.tr\/index.php\/urun\/sabir-timsali-hz-ummu-seleme-peygamberimizin-mutlu-yuvasi-5\/","title":{"rendered":"Sab\u0131r Timsali Hz. \u00dcmm\u00fc Seleme &#8211; Peygamberimizin Mutlu Yuvas\u0131 5"},"content":{"rendered":"<p>Hz. \u00dcmm\u00fc Seleme, cesur ve kararl\u0131 bir han\u0131md\u0131. Bask\u0131lara ald\u0131rmadan \u0130slam\u2019\u0131 kabul etmi\u015fti. Bu u\u011furda \u00fc\u00e7 kez hicret etmi\u015f, e\u015finden ve o\u011flundan ayr\u0131 d\u00fc\u015fm\u00fc\u015ft\u00fc.\u00c7al\u0131\u015fkan, gayretli ve zekiydi. \u0130lme ve \u00f6\u011frenmeye \u00e7ok \u00f6nem verirdi. \u00d6\u011frenmek kadar \u00f6\u011fretmeyi de severdi. Bir\u00e7ok \u00e2limin yeti\u015fmesine katk\u0131da bulundu.<\/p>\n","protected":false},"excerpt":{"rendered":"<p>Hz. \u00dcmm\u00fc Seleme, cesur ve kararl\u0131 bir han\u0131md\u0131. Bask\u0131lara ald\u0131rmadan \u0130slam\u2019\u0131 kabul etmi\u015fti. Bu u\u011furda \u00fc\u00e7 kez hicret etmi\u015f, e\u015finden ve o\u011flundan ayr\u0131 d\u00fc\u015fm\u00fc\u015ft\u00fc.\u00c7al\u0131\u015fkan, gayretli ve<span class=\"excerpt-hellip\"> [\u2026]<\/span><\/p>\n","protected":false},"featured_media":0,"template":"","meta":{"_monsterinsights_skip_tracking":false,"_monsterinsights_sitenote_active":false,"_monsterinsights_sitenote_note":"","_monsterinsights_sitenote_category":0},"product_brand":[],"product_cat":[18094,12718,12719],"product_tag":[],"class_list":{"0":"post-730947","1":"product","2":"type-product","3":"status-publish","5":"product_cat-biyografi-otobiyografi-islam","6":"product_cat-din","7":"product_cat-islam","8":"pa_cilt-ciltsiz","9":"pa_tur-kitap","10":"pa_yayinevi-cilek-kitaplar","11":"pa_yazar-hilal-celikkol-kara","13":"first","14":"instock","15":"sale","16":"shipping-taxable","17":"purchasable","18":"product-type-simple"},"_links":{"self":[{"href":"https:\/\/roveyayinevi.com.tr\/index.php\/wp-json\/wp\/v2\/product\/730947","targetHints":{"allow":["GET"]}}],"collection":[{"href":"https:\/\/roveyayinevi.com.tr\/index.php\/wp-json\/wp\/v2\/product"}],"about":[{"href":"https:\/\/roveyayinevi.com.tr\/index.php\/wp-json\/wp\/v2\/types\/product"}],"wp:attachment":[{"href":"https:\/\/roveyayinevi.com.tr\/index.php\/wp-json\/wp\/v2\/media?parent=730947"}],"wp:term":[{"taxonomy":"product_brand","embeddable":true,"href":"https:\/\/roveyayinevi.com.tr\/index.php\/wp-json\/wp\/v2\/product_brand?post=730947"},{"taxonomy":"product_cat","embeddable":true,"href":"https:\/\/roveyayinevi.com.tr\/index.php\/wp-json\/wp\/v2\/product_cat?post=730947"},{"taxonomy":"product_tag","embeddable":true,"href":"https:\/\/roveyayinevi.com.tr\/index.php\/wp-json\/wp\/v2\/product_tag?post=730947"}],"curies":[{"name":"wp","href":"https:\/\/api.w.org\/{rel}","templated":true}]}}