{"id":730945,"date":"2025-08-27T21:23:05","date_gmt":"2025-08-27T18:23:05","guid":{"rendered":"https:\/\/roveyayinevi.com.tr\/index.php\/urun\/ilmin-oncusu-hz-aise-peygamberimizin-mutlu-yuvasi-4\/"},"modified":"2026-04-16T02:38:40","modified_gmt":"2026-04-15T23:38:40","slug":"ilmin-oncusu-hz-aise-peygamberimizin-mutlu-yuvasi-4","status":"publish","type":"product","link":"https:\/\/roveyayinevi.com.tr\/index.php\/urun\/ilmin-oncusu-hz-aise-peygamberimizin-mutlu-yuvasi-4\/","title":{"rendered":"\u0130lmin \u00d6nc\u00fcs\u00fc Hz. Ai\u015fe &#8211; Peygamberimizin Mutlu Yuvas\u0131 4"},"content":{"rendered":"<p>Hz. \u00c2i\u015fe, Mescid-i Nebev\u00ee\u2019ye biti\u015fik bir eve gelin geldi. Evinin kap\u0131s\u0131 Mescid\u2019e a\u00e7\u0131ld\u0131\u011f\u0131 i\u00e7in Peygamberimizin (sav) b\u00fct\u00fcn sohbetlerini dinledi.Peygamber Efendimizin rahle-i tedrisinden ge\u00e7mi\u015f biri olarak, \u0130slam\u2019\u0131n ikinci kayna\u011f\u0131 olan s\u00fcnnetin gelecek nesillere aktar\u0131m\u0131nda \u00e7ok b\u00fcy\u00fck bir rol \u00fcstlendi.\u0130lmi, c\u00f6mertli\u011fi, edebi, vakar\u0131 ve iffeti ile M\u00fcsl\u00fcman kad\u0131nlara \u00f6rnek oldu.<\/p>\n","protected":false},"excerpt":{"rendered":"<p>Hz. \u00c2i\u015fe, Mescid-i Nebev\u00ee\u2019ye biti\u015fik bir eve gelin geldi. Evinin kap\u0131s\u0131 Mescid\u2019e a\u00e7\u0131ld\u0131\u011f\u0131 i\u00e7in Peygamberimizin (sav) b\u00fct\u00fcn sohbetlerini dinledi.Peygamber Efendimizin rahle-i tedrisinden ge\u00e7mi\u015f biri olarak, \u0130slam\u2019\u0131n<span class=\"excerpt-hellip\"> [\u2026]<\/span><\/p>\n","protected":false},"featured_media":0,"template":"","meta":{"_monsterinsights_skip_tracking":false,"_monsterinsights_sitenote_active":false,"_monsterinsights_sitenote_note":"","_monsterinsights_sitenote_category":0},"product_brand":[],"product_cat":[18094,12718,12719],"product_tag":[],"class_list":{"0":"post-730945","1":"product","2":"type-product","3":"status-publish","5":"product_cat-biyografi-otobiyografi-islam","6":"product_cat-din","7":"product_cat-islam","8":"pa_cilt-ciltsiz","9":"pa_tur-kitap","10":"pa_yayinevi-cilek-kitaplar","11":"pa_yazar-hilal-celikkol-kara","13":"first","14":"instock","15":"sale","16":"shipping-taxable","17":"purchasable","18":"product-type-simple"},"_links":{"self":[{"href":"https:\/\/roveyayinevi.com.tr\/index.php\/wp-json\/wp\/v2\/product\/730945","targetHints":{"allow":["GET"]}}],"collection":[{"href":"https:\/\/roveyayinevi.com.tr\/index.php\/wp-json\/wp\/v2\/product"}],"about":[{"href":"https:\/\/roveyayinevi.com.tr\/index.php\/wp-json\/wp\/v2\/types\/product"}],"wp:attachment":[{"href":"https:\/\/roveyayinevi.com.tr\/index.php\/wp-json\/wp\/v2\/media?parent=730945"}],"wp:term":[{"taxonomy":"product_brand","embeddable":true,"href":"https:\/\/roveyayinevi.com.tr\/index.php\/wp-json\/wp\/v2\/product_brand?post=730945"},{"taxonomy":"product_cat","embeddable":true,"href":"https:\/\/roveyayinevi.com.tr\/index.php\/wp-json\/wp\/v2\/product_cat?post=730945"},{"taxonomy":"product_tag","embeddable":true,"href":"https:\/\/roveyayinevi.com.tr\/index.php\/wp-json\/wp\/v2\/product_tag?post=730945"}],"curies":[{"name":"wp","href":"https:\/\/api.w.org\/{rel}","templated":true}]}}