{"id":730943,"date":"2025-08-27T21:23:04","date_gmt":"2025-08-27T18:23:04","guid":{"rendered":"https:\/\/roveyayinevi.com.tr\/index.php\/urun\/insan-ruhunun-cevheri-ruhsal-dayaniklilik\/"},"modified":"2026-04-16T02:38:40","modified_gmt":"2026-04-15T23:38:40","slug":"insan-ruhunun-cevheri-ruhsal-dayaniklilik","status":"publish","type":"product","link":"https:\/\/roveyayinevi.com.tr\/index.php\/urun\/insan-ruhunun-cevheri-ruhsal-dayaniklilik\/","title":{"rendered":"\u0130nsan Ruhunun Cevheri Ruhsal Dayan\u0131kl\u0131l\u0131k"},"content":{"rendered":"<p>\u0130nsan Bak\u0131\u015fla, Zaman Eylemle D\u00f6n\u00fc\u015f\u00fcr   Ruhsal dayan\u0131kl\u0131l\u0131k, kriz durumlar\u0131n\u0131n zor ko\u015fullar\u0131na ra\u011fmen, ayakta kalabilme ve olumsuzluklar\u0131n \u00fcstesinden gelebilme becerisidir. B\u00f6yle bir uyum becerisine, \u201cinsan ruhunun cevheridir\u201d dersek, yerinde olur.   Korkular\u0131m\u0131z kar\u015f\u0131s\u0131nda cesareti ate\u015fleyebilir miyiz? G\u00fc\u00e7l\u00fc yanlar\u0131m\u0131z\u0131 a\u00e7\u0131\u011fa \u00e7\u0131kar\u0131rsak, kendimizi yeniden bulabilir miyiz?    Ac\u0131n\u0131n \u00f6nemini kavrayarak, zor durumlarda dayanma g\u00fcc\u00fc bulmak i\u00e7in, insan olarak birbirimize duydu\u011fumuz ihtiyac\u0131 hat\u0131rlayabilir miyiz?   Dayan\u0131\u015fman\u0131n ve do\u011fan\u0131n karakterine sayg\u0131 duyman\u0131n bizi daha kal\u0131c\u0131 bir ruhsal dayan\u0131kl\u0131l\u0131\u011fa ta\u015f\u0131yaca\u011f\u0131n\u0131 fark edebilir miyiz?     Klinik psikolog Nazar T\u00fcys\u00fczo\u011flu, bu sorular\u0131n ve her b\u00f6l\u00fcme e\u015flik eden al\u0131\u015ft\u0131rmalar\u0131n \u0131\u015f\u0131\u011f\u0131nda, bizi insan cevherinin derin katmanlar\u0131nda bir yolculu\u011fa \u00e7\u0131kmaya davet ediyor<\/p>\n","protected":false},"excerpt":{"rendered":"<p>\u0130nsan Bak\u0131\u015fla, Zaman Eylemle D\u00f6n\u00fc\u015f\u00fcr Ruhsal dayan\u0131kl\u0131l\u0131k, kriz durumlar\u0131n\u0131n zor ko\u015fullar\u0131na ra\u011fmen, ayakta kalabilme ve olumsuzluklar\u0131n \u00fcstesinden gelebilme becerisidir. B\u00f6yle bir uyum becerisine, \u201cinsan ruhunun cevheridir\u201d<span class=\"excerpt-hellip\"> [\u2026]<\/span><\/p>\n","protected":false},"featured_media":0,"template":"","meta":{"_monsterinsights_skip_tracking":false,"_monsterinsights_sitenote_active":false,"_monsterinsights_sitenote_note":"","_monsterinsights_sitenote_category":0},"product_brand":[],"product_cat":[12358,12357],"product_tag":[],"class_list":{"0":"post-730943","1":"product","2":"type-product","3":"status-publish","5":"product_cat-genel-psikoloji","6":"product_cat-psikoloji","7":"pa_cilt-ciltsiz","8":"pa_tur-kitap","9":"pa_yayinevi-remzi-kitabevi","10":"pa_yazar-nazar-tuysuzoglu","12":"first","13":"instock","14":"sale","15":"shipping-taxable","16":"purchasable","17":"product-type-simple"},"_links":{"self":[{"href":"https:\/\/roveyayinevi.com.tr\/index.php\/wp-json\/wp\/v2\/product\/730943","targetHints":{"allow":["GET"]}}],"collection":[{"href":"https:\/\/roveyayinevi.com.tr\/index.php\/wp-json\/wp\/v2\/product"}],"about":[{"href":"https:\/\/roveyayinevi.com.tr\/index.php\/wp-json\/wp\/v2\/types\/product"}],"wp:attachment":[{"href":"https:\/\/roveyayinevi.com.tr\/index.php\/wp-json\/wp\/v2\/media?parent=730943"}],"wp:term":[{"taxonomy":"product_brand","embeddable":true,"href":"https:\/\/roveyayinevi.com.tr\/index.php\/wp-json\/wp\/v2\/product_brand?post=730943"},{"taxonomy":"product_cat","embeddable":true,"href":"https:\/\/roveyayinevi.com.tr\/index.php\/wp-json\/wp\/v2\/product_cat?post=730943"},{"taxonomy":"product_tag","embeddable":true,"href":"https:\/\/roveyayinevi.com.tr\/index.php\/wp-json\/wp\/v2\/product_tag?post=730943"}],"curies":[{"name":"wp","href":"https:\/\/api.w.org\/{rel}","templated":true}]}}