{"id":730939,"date":"2025-08-27T21:23:00","date_gmt":"2025-08-27T18:23:00","guid":{"rendered":"https:\/\/roveyayinevi.com.tr\/index.php\/urun\/ataletten-zirveye\/"},"modified":"2026-04-16T02:38:40","modified_gmt":"2026-04-15T23:38:40","slug":"ataletten-zirveye","status":"publish","type":"product","link":"https:\/\/roveyayinevi.com.tr\/index.php\/urun\/ataletten-zirveye\/","title":{"rendered":"Ataletten Zirveye"},"content":{"rendered":"<p>9 Mart 1999 y\u0131l\u0131nda, Batman\/Merkez&#8217;de do\u011fan Adem Ta\u015f\u00e7\u0131, ilk ve ortaokulu  Metin Bostanc\u0131o\u011flu \u0130lk\u00f6\u011fretim Okulunda, lise e\u011fitimini ise Batman Petrol Anadolu Lisesinde tamamlam\u0131\u015ft\u0131r. \u015eu an lisans e\u011fitimine \u00c7ukurova \u00dcniversitesi Sosyal Bilgiler \u00d6\u011fretmenli\u011fi B\u00f6l\u00fcm\u00fcnde devam etmektedir. Gen\u00e7 ya\u015f\u0131n\u0131n vermi\u015f oldu\u011fu dinamizmi, hayat\u0131n her alan\u0131nda g\u00f6stermeye \u00e7al\u0131\u015fan yazar\u0131m\u0131z, kendisinin de temel felsefesi olan &#8220;\u00d6\u011frencinin dilinden en iyi \u00f6\u011frenci anlar,&#8221; anlay\u0131\u015f\u0131na sahiptir. Ataletten Zirveye isimli bu kitap, yazar\u0131n ilk eseridir. <\/p>\n","protected":false},"excerpt":{"rendered":"<p>9 Mart 1999 y\u0131l\u0131nda, Batman\/Merkez&#8217;de do\u011fan Adem Ta\u015f\u00e7\u0131, ilk ve ortaokulu Metin Bostanc\u0131o\u011flu \u0130lk\u00f6\u011fretim Okulunda, lise e\u011fitimini ise Batman Petrol Anadolu Lisesinde tamamlam\u0131\u015ft\u0131r. \u015eu an lisans<span class=\"excerpt-hellip\"> [\u2026]<\/span><\/p>\n","protected":false},"featured_media":0,"template":"","meta":{"_monsterinsights_skip_tracking":false,"_monsterinsights_sitenote_active":false,"_monsterinsights_sitenote_note":"","_monsterinsights_sitenote_category":0},"product_brand":[],"product_cat":[12364,12376],"product_tag":[],"class_list":{"0":"post-730939","1":"product","2":"type-product","3":"status-publish","5":"product_cat-genel-konular","6":"product_cat-kisisel-gelisim","7":"pa_cilt-ciltsiz","8":"pa_tur-kitap","9":"pa_yayinevi-luna-yayinlari","10":"pa_yazar-adem-tasci","12":"first","13":"instock","14":"sale","15":"shipping-taxable","16":"purchasable","17":"product-type-simple"},"_links":{"self":[{"href":"https:\/\/roveyayinevi.com.tr\/index.php\/wp-json\/wp\/v2\/product\/730939","targetHints":{"allow":["GET"]}}],"collection":[{"href":"https:\/\/roveyayinevi.com.tr\/index.php\/wp-json\/wp\/v2\/product"}],"about":[{"href":"https:\/\/roveyayinevi.com.tr\/index.php\/wp-json\/wp\/v2\/types\/product"}],"wp:attachment":[{"href":"https:\/\/roveyayinevi.com.tr\/index.php\/wp-json\/wp\/v2\/media?parent=730939"}],"wp:term":[{"taxonomy":"product_brand","embeddable":true,"href":"https:\/\/roveyayinevi.com.tr\/index.php\/wp-json\/wp\/v2\/product_brand?post=730939"},{"taxonomy":"product_cat","embeddable":true,"href":"https:\/\/roveyayinevi.com.tr\/index.php\/wp-json\/wp\/v2\/product_cat?post=730939"},{"taxonomy":"product_tag","embeddable":true,"href":"https:\/\/roveyayinevi.com.tr\/index.php\/wp-json\/wp\/v2\/product_tag?post=730939"}],"curies":[{"name":"wp","href":"https:\/\/api.w.org\/{rel}","templated":true}]}}